{"id":10049,"date":"2025-04-27T08:00:00","date_gmt":"2025-04-27T08:00:00","guid":{"rendered":"https:\/\/iberoid-shop.com\/?post_type=product&#038;p=10049"},"modified":"2026-04-10T07:37:52","modified_gmt":"2026-04-10T07:37:52","slug":"pr-boll-mesterolone-proviron","status":"publish","type":"product","link":"https:\/\/iberoid-shop.com\/fr\/product\/pr-boll-mesterolone-proviron\/","title":{"rendered":"PR-BOLL &#8211; MESTEROLONE \/ PROVIRON"},"content":{"rendered":"<p><\/p>\n<p class=\"\" data-start=\"0\" data-end=\"393\"><strong data-start=\"0\" data-end=\"40\">Pr\u00e9sentation de Pr-Boll MUSCLE PHARM<\/strong>, le suppl\u00e9ment ultime pour les culturistes et passionn\u00e9s de fitness qui souhaitent faire passer leurs performances au niveau sup\u00e9rieur. Gr\u00e2ce \u00e0 sa formule puissante et \u00e0 des ingr\u00e9dients soigneusement s\u00e9lectionn\u00e9s, Pr-Boll MUSCLE PHARM est con\u00e7u pour favoriser la croissance musculaire, augmenter la force et am\u00e9liorer la performance athl\u00e9tique globale.<\/p>\n<hr class=\"\" data-start=\"395\" data-end=\"398\" \/>\n<h3 class=\"\" data-start=\"400\" data-end=\"449\"><strong data-start=\"404\" data-end=\"449\">D\u00e9tails et Caract\u00e9ristiques Sp\u00e9cifiques :<\/strong><\/h3>\n<ul data-start=\"451\" data-end=\"1398\">\n<li class=\"\" data-start=\"451\" data-end=\"655\">\n<p class=\"\" data-start=\"453\" data-end=\"655\"><strong data-start=\"453\" data-end=\"506\">Formule Avanc\u00e9e pour la Construction Musculaire :<\/strong> Pr-Boll MUSCLE PHARM est compos\u00e9 d\u2019un m\u00e9lange unique d\u2019ingr\u00e9dients agissant en synergie pour stimuler la croissance et la r\u00e9cup\u00e9ration musculaire.<\/p>\n<\/li>\n<li class=\"\" data-start=\"656\" data-end=\"833\">\n<p class=\"\" data-start=\"658\" data-end=\"833\"><strong data-start=\"658\" data-end=\"693\">Force et Puissance Renforc\u00e9es :<\/strong> Ce suppl\u00e9ment est sp\u00e9cialement formul\u00e9 pour vous aider \u00e0 d\u00e9passer vos plateaux et atteindre de nouveaux sommets de force et de puissance.<\/p>\n<\/li>\n<li class=\"\" data-start=\"834\" data-end=\"1054\">\n<p class=\"\" data-start=\"836\" data-end=\"1054\"><strong data-start=\"836\" data-end=\"873\">Endurance et \u00c9nergie Am\u00e9lior\u00e9es :<\/strong> Pr-Boll MUSCLE PHARM aide non seulement \u00e0 d\u00e9velopper les muscles, mais aussi \u00e0 am\u00e9liorer l\u2019endurance et la vitalit\u00e9, vous permettant de vous entra\u00eener plus dur et plus longtemps.<\/p>\n<\/li>\n<li class=\"\" data-start=\"1055\" data-end=\"1247\">\n<p class=\"\" data-start=\"1057\" data-end=\"1247\"><strong data-start=\"1057\" data-end=\"1085\">R\u00e9cup\u00e9ration Acc\u00e9l\u00e9r\u00e9e :<\/strong> Gr\u00e2ce \u00e0 ses puissantes propri\u00e9t\u00e9s de r\u00e9cup\u00e9ration, ce suppl\u00e9ment r\u00e9duit les douleurs musculaires et favorise un retour rapide apr\u00e8s les entra\u00eenements intenses.<\/p>\n<\/li>\n<li class=\"\" data-start=\"1248\" data-end=\"1398\">\n<p class=\"\" data-start=\"1250\" data-end=\"1398\"><strong data-start=\"1250\" data-end=\"1272\">Garantie Qualit\u00e9 :<\/strong> Pr-Boll MUSCLE PHARM est fabriqu\u00e9 dans une installation de pointe, garantissant la plus haute qualit\u00e9 et puret\u00e9 \u00e0 chaque lot.<\/p>\n<\/li>\n<\/ul>\n<hr class=\"\" data-start=\"1400\" data-end=\"1403\" \/>\n<h3 class=\"\" data-start=\"1405\" data-end=\"1451\"><strong data-start=\"1409\" data-end=\"1451\">Comment Prendre Pr-Boll MUSCLE PHARM :<\/strong><\/h3>\n<p class=\"\" data-start=\"1453\" data-end=\"1553\">Pour tirer le meilleur parti de Pr-Boll MUSCLE PHARM, il est recommand\u00e9 de suivre ces instructions :<\/p>\n<ul data-start=\"1555\" data-end=\"1882\">\n<li class=\"\" data-start=\"1555\" data-end=\"1607\">\n<p class=\"\" data-start=\"1557\" data-end=\"1607\">Prendre 2 capsules par jour avec un verre d\u2019eau.<\/p>\n<\/li>\n<li class=\"\" data-start=\"1608\" data-end=\"1693\">\n<p class=\"\" data-start=\"1610\" data-end=\"1693\">Pour des r\u00e9sultats optimaux, prendre une capsule le matin et une capsule le soir.<\/p>\n<\/li>\n<li class=\"\" data-start=\"1694\" data-end=\"1788\">\n<p class=\"\" data-start=\"1696\" data-end=\"1788\">Il est conseill\u00e9 de prendre le suppl\u00e9ment pendant un repas pour en favoriser l\u2019absorption.<\/p>\n<\/li>\n<li class=\"\" data-start=\"1789\" data-end=\"1882\">\n<p class=\"\" data-start=\"1791\" data-end=\"1882\">Ne pas d\u00e9passer la dose recommand\u00e9e, sauf indication contraire d\u2019un professionnel de sant\u00e9.<\/p>\n<\/li>\n<\/ul>\n<hr class=\"\" data-start=\"1884\" data-end=\"1887\" \/>\n<h3 class=\"\" data-start=\"1889\" data-end=\"1937\"><strong data-start=\"1893\" data-end=\"1937\">Comment Conserver Pr-Boll MUSCLE PHARM :<\/strong><\/h3>\n<p class=\"\" data-start=\"1939\" data-end=\"2045\">Pour pr\u00e9server l\u2019efficacit\u00e9 et la fra\u00eecheur de Pr-Boll MUSCLE PHARM, suivez ces conseils de conservation :<\/p>\n<ul data-start=\"2047\" data-end=\"2360\">\n<li class=\"\" data-start=\"2047\" data-end=\"2142\">\n<p class=\"\" data-start=\"2049\" data-end=\"2142\">Conserver le flacon dans un endroit frais et sec, \u00e0 l\u2019abri de la lumi\u00e8re directe du soleil.<\/p>\n<\/li>\n<li class=\"\" data-start=\"2143\" data-end=\"2255\">\n<p class=\"\" data-start=\"2145\" data-end=\"2255\">Garder le flacon bien ferm\u00e9 lorsqu\u2019il n\u2019est pas utilis\u00e9, afin d\u2019\u00e9viter l\u2019exposition \u00e0 l\u2019air et \u00e0 l\u2019humidit\u00e9.<\/p>\n<\/li>\n<li class=\"\" data-start=\"2256\" data-end=\"2360\">\n<p class=\"\" data-start=\"2258\" data-end=\"2360\">\u00c9viter de stocker le suppl\u00e9ment dans des lieux humides, tels que la salle de bain ou le r\u00e9frig\u00e9rateur.<\/p>\n<\/li>\n<\/ul>\n<hr class=\"\" data-start=\"2362\" data-end=\"2365\" \/>\n<h3 class=\"\" data-start=\"2367\" data-end=\"2409\"><strong data-start=\"2371\" data-end=\"2409\">Cycle d\u2019Administration et Dosage :<\/strong><\/h3>\n<p class=\"\" data-start=\"2411\" data-end=\"2548\">Pr-Boll MUSCLE PHARM convient aussi bien aux d\u00e9butants qu\u2019aux culturistes exp\u00e9riment\u00e9s. Voici les recommandations de cycle et de dosage :<\/p>\n<p class=\"\" data-start=\"2550\" data-end=\"2565\"><strong data-start=\"2550\" data-end=\"2565\">D\u00e9butants :<\/strong><\/p>\n<ul data-start=\"2567\" data-end=\"2743\">\n<li class=\"\" data-start=\"2567\" data-end=\"2608\">\n<p class=\"\" data-start=\"2569\" data-end=\"2608\">Commencer par un cycle de 4 semaines.<\/p>\n<\/li>\n<li class=\"\" data-start=\"2609\" data-end=\"2673\">\n<p class=\"\" data-start=\"2611\" data-end=\"2673\">Prendre 2 capsules par jour pendant toute la dur\u00e9e du cycle.<\/p>\n<\/li>\n<li class=\"\" data-start=\"2674\" data-end=\"2743\">\n<p class=\"\" data-start=\"2676\" data-end=\"2743\">Apr\u00e8s le cycle, faire une pause de 2 semaines avant de recommencer.<\/p>\n<\/li>\n<\/ul>\n<p class=\"\" data-start=\"2745\" data-end=\"2775\"><strong data-start=\"2745\" data-end=\"2775\">Culturistes Exp\u00e9riment\u00e9s :<\/strong><\/p>\n<ul data-start=\"2777\" data-end=\"2968\">\n<li class=\"\" data-start=\"2777\" data-end=\"2818\">\n<p class=\"\" data-start=\"2779\" data-end=\"2818\">Commencer par un cycle de 6 semaines.<\/p>\n<\/li>\n<li class=\"\" data-start=\"2819\" data-end=\"2883\">\n<p class=\"\" data-start=\"2821\" data-end=\"2883\">Prendre 2 capsules par jour pendant toute la dur\u00e9e du cycle.<\/p>\n<\/li>\n<li class=\"\" data-start=\"2884\" data-end=\"2968\">\n<p class=\"\" data-start=\"2886\" data-end=\"2968\">Apr\u00e8s le cycle, faire une pause de 4 semaines avant de commencer un nouveau cycle.<\/p>\n<\/li>\n<\/ul>\n<hr class=\"\" data-start=\"2970\" data-end=\"2973\" \/>\n<h3 class=\"\" data-start=\"2975\" data-end=\"3018\"><strong data-start=\"2979\" data-end=\"3018\">Indications et Contre-indications :<\/strong><\/h3>\n<p class=\"\" data-start=\"3020\" data-end=\"3218\">Pr-Boll MUSCLE PHARM est destin\u00e9 aux personnes en bonne sant\u00e9 pratiquant r\u00e9guli\u00e8rement une activit\u00e9 physique et des entra\u00eenements de musculation. Cependant, certaines pr\u00e9cautions sont \u00e0 consid\u00e9rer :<\/p>\n<p class=\"\" data-start=\"3220\" data-end=\"3237\"><strong data-start=\"3220\" data-end=\"3237\">Indications :<\/strong><\/p>\n<ul data-start=\"3239\" data-end=\"3472\">\n<li class=\"\" data-start=\"3239\" data-end=\"3311\">\n<p class=\"\" data-start=\"3241\" data-end=\"3311\">Personnes souhaitant d\u00e9velopper leur masse musculaire et leur force.<\/p>\n<\/li>\n<li class=\"\" data-start=\"3312\" data-end=\"3379\">\n<p class=\"\" data-start=\"3314\" data-end=\"3379\">Individus cherchant \u00e0 am\u00e9liorer leur endurance et leur \u00e9nergie.<\/p>\n<\/li>\n<li class=\"\" data-start=\"3380\" data-end=\"3472\">\n<p class=\"\" data-start=\"3382\" data-end=\"3472\">Personnes voulant acc\u00e9l\u00e9rer leur r\u00e9cup\u00e9ration apr\u00e8s des s\u00e9ances d\u2019entra\u00eenement intensives.<\/p>\n<\/li>\n<\/ul>\n<p class=\"\" data-start=\"3474\" data-end=\"3498\"><strong data-start=\"3474\" data-end=\"3498\">Contre-indications :<\/strong><\/p>\n<ul data-start=\"3500\" data-end=\"3718\">\n<li class=\"\" data-start=\"3500\" data-end=\"3549\">\n<p class=\"\" data-start=\"3502\" data-end=\"3549\">D\u00e9conseill\u00e9 aux personnes de moins de 18 ans.<\/p>\n<\/li>\n<li class=\"\" data-start=\"3550\" data-end=\"3610\">\n<p class=\"\" data-start=\"3552\" data-end=\"3610\">Non recommand\u00e9 pour les femmes enceintes ou allaitantes.<\/p>\n<\/li>\n<li class=\"\" data-start=\"3611\" data-end=\"3718\">\n<p class=\"\" data-start=\"3613\" data-end=\"3718\">Les personnes ayant des probl\u00e8mes de sant\u00e9 doivent consulter un professionnel de sant\u00e9 avant utilisation.<\/p>\n<\/li>\n<\/ul>\n<p><\/p>","protected":false},"excerpt":{"rendered":"<p>Pr\u00e9sentation de Pr-Boll MUSCLE PHARM, le suppl\u00e9ment ultime pour les culturistes et passionn\u00e9s de fitness qui souhaitent faire passer leurs<\/p>\n","protected":false},"featured_media":10050,"comment_status":"open","ping_status":"closed","template":"","meta":[],"product_brand":[],"product_cat":[73,3533],"product_tag":[],"class_list":{"0":"post-10049","1":"product","2":"type-product","3":"status-publish","4":"has-post-thumbnail","6":"product_cat-ssteroides_orales","7":"product_cat-sales-rebajas","9":"first","10":"instock","11":"sale","12":"shipping-taxable","13":"purchasable","14":"product-type-simple"},"yoast_head":"<!-- This site is optimized with the Yoast SEO Premium plugin v24.4 (Yoast SEO v27.3) - https:\/\/yoast.com\/product\/yoast-seo-premium-wordpress\/ -->\n<title>PR-BOLL - MESTEROLONE \/ PROVIRON - (Espa\u00f1ol) Esteroides en l\u00ednea<\/title>\n<meta name=\"description\" content=\"Pr-Boll MUSCLE PHARM est un suppl\u00e9ment qui am\u00e9liore la croissance musculaire, la force et l&#039;endurance tout en acc\u00e9l\u00e9rant la r\u00e9cup\u00e9ration pour les passionn\u00e9s de fitness et les culturistes.\" \/>\n<meta name=\"robots\" content=\"index, follow, max-snippet:-1, max-image-preview:large, max-video-preview:-1\" \/>\n<link rel=\"canonical\" href=\"https:\/\/iberoid-shop.com\/fr\/product\/pr-boll-mesterolone-proviron\/\" \/>\n<meta property=\"og:locale\" content=\"fr_FR\" \/>\n<meta property=\"og:type\" content=\"article\" \/>\n<meta property=\"og:title\" content=\"PR-BOLL - MESTEROLONE \/ PROVIRON\" \/>\n<meta property=\"og:description\" content=\"Pr-Boll MUSCLE PHARM est un suppl\u00e9ment qui am\u00e9liore la croissance musculaire, la force et l&#039;endurance tout en acc\u00e9l\u00e9rant la r\u00e9cup\u00e9ration pour les passionn\u00e9s de fitness et les culturistes.\" \/>\n<meta property=\"og:url\" content=\"https:\/\/iberoid-shop.com\/fr\/product\/pr-boll-mesterolone-proviron\/\" \/>\n<meta property=\"og:site_name\" content=\"(Espa\u00f1ol) Esteroides en l\u00ednea\" \/>\n<meta property=\"article:modified_time\" content=\"2026-04-10T07:37:52+00:00\" \/>\n<meta property=\"og:image\" content=\"https:\/\/iberoid-shop.com\/wp-content\/uploads\/2025\/04\/1prbol-scaled.jpeg?v=1745740750\" \/>\n\t<meta property=\"og:image:width\" content=\"1807\" \/>\n\t<meta property=\"og:image:height\" content=\"2560\" \/>\n\t<meta property=\"og:image:type\" content=\"image\/jpeg\" \/>\n<meta name=\"twitter:card\" content=\"summary_large_image\" \/>\n<meta name=\"twitter:label1\" content=\"Prix\" \/>\n\t<meta name=\"twitter:data1\" content=\"&euro;15.00\" \/>\n\t<meta name=\"twitter:label2\" content=\"Disponibilit\u00e9\" \/>\n\t<meta name=\"twitter:data2\" content=\"En stock\" \/>\n<script type=\"application\/ld+json\" class=\"yoast-schema-graph\">{\"@context\":\"https:\\\/\\\/schema.org\",\"@graph\":[{\"@type\":\"WebPage\",\"@id\":\"https:\\\/\\\/iberoid-shop.com\\\/fr\\\/product\\\/pr-boll-mesterolone-proviron\\\/\",\"url\":\"https:\\\/\\\/iberoid-shop.com\\\/fr\\\/product\\\/pr-boll-mesterolone-proviron\\\/\",\"name\":\"PR-BOLL - MESTEROLONE \\\/ PROVIRON - (Espa\u00f1ol) Esteroides en l\u00ednea\",\"isPartOf\":{\"@id\":\"https:\\\/\\\/iberoid-shop.com\\\/fr\\\/#website\"},\"primaryImageOfPage\":{\"@id\":\"https:\\\/\\\/iberoid-shop.com\\\/fr\\\/product\\\/pr-boll-mesterolone-proviron\\\/#primaryimage\"},\"image\":{\"@id\":\"https:\\\/\\\/iberoid-shop.com\\\/fr\\\/product\\\/pr-boll-mesterolone-proviron\\\/#primaryimage\"},\"thumbnailUrl\":\"https:\\\/\\\/iberoid-shop.com\\\/wp-content\\\/uploads\\\/2025\\\/04\\\/1prbol-scaled.jpeg?v=1745740750\",\"datePublished\":\"2025-04-27T08:00:00+00:00\",\"dateModified\":\"2026-04-10T07:37:52+00:00\",\"description\":\"Pr-Boll MUSCLE PHARM est un suppl\u00e9ment qui am\u00e9liore la croissance musculaire, la force et l'endurance tout en acc\u00e9l\u00e9rant la r\u00e9cup\u00e9ration pour les passionn\u00e9s de fitness et les culturistes.\",\"breadcrumb\":{\"@id\":\"https:\\\/\\\/iberoid-shop.com\\\/fr\\\/product\\\/pr-boll-mesterolone-proviron\\\/#breadcrumb\"},\"inLanguage\":\"fr-FR\",\"potentialAction\":[{\"@type\":\"ReadAction\",\"target\":[[\"https:\\\/\\\/iberoid-shop.com\\\/fr\\\/product\\\/pr-boll-mesterolone-proviron\\\/\"]]}]},{\"@type\":\"ImageObject\",\"inLanguage\":\"fr-FR\",\"@id\":\"https:\\\/\\\/iberoid-shop.com\\\/fr\\\/product\\\/pr-boll-mesterolone-proviron\\\/#primaryimage\",\"url\":\"https:\\\/\\\/iberoid-shop.com\\\/wp-content\\\/uploads\\\/2025\\\/04\\\/1prbol-scaled.jpeg?v=1745740750\",\"contentUrl\":\"https:\\\/\\\/iberoid-shop.com\\\/wp-content\\\/uploads\\\/2025\\\/04\\\/1prbol-scaled.jpeg?v=1745740750\",\"width\":1807,\"height\":2560},{\"@type\":\"BreadcrumbList\",\"@id\":\"https:\\\/\\\/iberoid-shop.com\\\/fr\\\/product\\\/pr-boll-mesterolone-proviron\\\/#breadcrumb\",\"itemListElement\":[{\"@type\":\"ListItem\",\"position\":1,\"name\":\"Portada\",\"item\":\"https:\\\/\\\/iberoid-shop.com\\\/fr\\\/\"},{\"@type\":\"ListItem\",\"position\":2,\"name\":\"Magasin\",\"item\":\"https:\\\/\\\/iberoid-shop.com\\\/fr\\\/shop\\\/\"},{\"@type\":\"ListItem\",\"position\":3,\"name\":\"PR-BOLL &#8211; MESTEROLONE \\\/ PROVIRON\"}]},{\"@type\":\"WebSite\",\"@id\":\"https:\\\/\\\/iberoid-shop.com\\\/fr\\\/#website\",\"url\":\"https:\\\/\\\/iberoid-shop.com\\\/fr\\\/\",\"name\":\"(Espa\u00f1ol) Esteroides en l\u00ednea\",\"description\":\"(Espa\u00f1ol) Comprar esteroides en l\u00ednea hoy en Espa\u00f1a y Portugal. Tenemos el mejor servicio al cliente en la industria y los productos de la m\u00e1s alta calidad\",\"potentialAction\":[{\"@type\":\"SearchAction\",\"target\":{\"@type\":\"EntryPoint\",\"urlTemplate\":\"https:\\\/\\\/iberoid-shop.com\\\/fr\\\/?s={search_term_string}\"},\"query-input\":{\"@type\":\"PropertyValueSpecification\",\"valueRequired\":true,\"valueName\":\"search_term_string\"}}],\"inLanguage\":\"fr-FR\"}]}<\/script>\n<meta property=\"product:brand\" content=\"Mp-Pharm\" \/>\n<meta property=\"product:price:amount\" content=\"15.00\" \/>\n<meta property=\"product:price:currency\" content=\"EUR\" \/>\n<meta property=\"og:availability\" content=\"instock\" \/>\n<meta property=\"product:availability\" content=\"instock\" \/>\n<meta property=\"product:condition\" content=\"new\" \/>\n<!-- \/ Yoast SEO Premium plugin. -->","yoast_head_json":{"title":"PR-BOLL - MESTEROLONE \/ PROVIRON - (Espa\u00f1ol) Esteroides en l\u00ednea","description":"Pr-Boll MUSCLE PHARM est un suppl\u00e9ment qui am\u00e9liore la croissance musculaire, la force et l'endurance tout en acc\u00e9l\u00e9rant la r\u00e9cup\u00e9ration pour les passionn\u00e9s de fitness et les culturistes.","robots":{"index":"index","follow":"follow","max-snippet":"max-snippet:-1","max-image-preview":"max-image-preview:large","max-video-preview":"max-video-preview:-1"},"canonical":"https:\/\/iberoid-shop.com\/fr\/product\/pr-boll-mesterolone-proviron\/","og_locale":"fr_FR","og_type":"article","og_title":"PR-BOLL - MESTEROLONE \/ PROVIRON","og_description":"Pr-Boll MUSCLE PHARM est un suppl\u00e9ment qui am\u00e9liore la croissance musculaire, la force et l'endurance tout en acc\u00e9l\u00e9rant la r\u00e9cup\u00e9ration pour les passionn\u00e9s de fitness et les culturistes.","og_url":"https:\/\/iberoid-shop.com\/fr\/product\/pr-boll-mesterolone-proviron\/","og_site_name":"(Espa\u00f1ol) Esteroides en l\u00ednea","article_modified_time":"2026-04-10T07:37:52+00:00","og_image":[{"width":1807,"height":2560,"url":"https:\/\/iberoid-shop.com\/wp-content\/uploads\/2025\/04\/1prbol-scaled.jpeg?v=1745740750","type":"image\/jpeg"}],"twitter_card":"summary_large_image","twitter_misc":{"Prix":"&euro;15.00","Disponibilit\u00e9":"En stock"},"schema":{"@context":"https:\/\/schema.org","@graph":[{"@type":"WebPage","@id":"https:\/\/iberoid-shop.com\/fr\/product\/pr-boll-mesterolone-proviron\/","url":"https:\/\/iberoid-shop.com\/fr\/product\/pr-boll-mesterolone-proviron\/","name":"PR-BOLL - MESTEROLONE \/ PROVIRON - (Espa\u00f1ol) Esteroides en l\u00ednea","isPartOf":{"@id":"https:\/\/iberoid-shop.com\/fr\/#website"},"primaryImageOfPage":{"@id":"https:\/\/iberoid-shop.com\/fr\/product\/pr-boll-mesterolone-proviron\/#primaryimage"},"image":{"@id":"https:\/\/iberoid-shop.com\/fr\/product\/pr-boll-mesterolone-proviron\/#primaryimage"},"thumbnailUrl":"https:\/\/iberoid-shop.com\/wp-content\/uploads\/2025\/04\/1prbol-scaled.jpeg?v=1745740750","datePublished":"2025-04-27T08:00:00+00:00","dateModified":"2026-04-10T07:37:52+00:00","description":"Pr-Boll MUSCLE PHARM est un suppl\u00e9ment qui am\u00e9liore la croissance musculaire, la force et l'endurance tout en acc\u00e9l\u00e9rant la r\u00e9cup\u00e9ration pour les passionn\u00e9s de fitness et les culturistes.","breadcrumb":{"@id":"https:\/\/iberoid-shop.com\/fr\/product\/pr-boll-mesterolone-proviron\/#breadcrumb"},"inLanguage":"fr-FR","potentialAction":[{"@type":"ReadAction","target":[["https:\/\/iberoid-shop.com\/fr\/product\/pr-boll-mesterolone-proviron\/"]]}]},{"@type":"ImageObject","inLanguage":"fr-FR","@id":"https:\/\/iberoid-shop.com\/fr\/product\/pr-boll-mesterolone-proviron\/#primaryimage","url":"https:\/\/iberoid-shop.com\/wp-content\/uploads\/2025\/04\/1prbol-scaled.jpeg?v=1745740750","contentUrl":"https:\/\/iberoid-shop.com\/wp-content\/uploads\/2025\/04\/1prbol-scaled.jpeg?v=1745740750","width":1807,"height":2560},{"@type":"BreadcrumbList","@id":"https:\/\/iberoid-shop.com\/fr\/product\/pr-boll-mesterolone-proviron\/#breadcrumb","itemListElement":[{"@type":"ListItem","position":1,"name":"Portada","item":"https:\/\/iberoid-shop.com\/fr\/"},{"@type":"ListItem","position":2,"name":"Magasin","item":"https:\/\/iberoid-shop.com\/fr\/shop\/"},{"@type":"ListItem","position":3,"name":"PR-BOLL &#8211; MESTEROLONE \/ PROVIRON"}]},{"@type":"WebSite","@id":"https:\/\/iberoid-shop.com\/fr\/#website","url":"https:\/\/iberoid-shop.com\/fr\/","name":"(Espa\u00f1ol) Esteroides en l\u00ednea","description":"(Espa\u00f1ol) Comprar esteroides en l\u00ednea hoy en Espa\u00f1a y Portugal. Tenemos el mejor servicio al cliente en la industria y los productos de la m\u00e1s alta calidad","potentialAction":[{"@type":"SearchAction","target":{"@type":"EntryPoint","urlTemplate":"https:\/\/iberoid-shop.com\/fr\/?s={search_term_string}"},"query-input":{"@type":"PropertyValueSpecification","valueRequired":true,"valueName":"search_term_string"}}],"inLanguage":"fr-FR"}]},"product_brand":"Mp-Pharm","product_price_amount":"15.00","product_price_currency":"EUR","og_availability":"instock","product_availability":"instock","product_condition":"new"},"_links":{"self":[{"href":"https:\/\/iberoid-shop.com\/fr\/wp-json\/wp\/v2\/product\/10049","targetHints":{"allow":["GET"]}}],"collection":[{"href":"https:\/\/iberoid-shop.com\/fr\/wp-json\/wp\/v2\/product"}],"about":[{"href":"https:\/\/iberoid-shop.com\/fr\/wp-json\/wp\/v2\/types\/product"}],"replies":[{"embeddable":true,"href":"https:\/\/iberoid-shop.com\/fr\/wp-json\/wp\/v2\/comments?post=10049"}],"wp:featuredmedia":[{"embeddable":true,"href":"https:\/\/iberoid-shop.com\/fr\/wp-json\/wp\/v2\/media\/10050"}],"wp:attachment":[{"href":"https:\/\/iberoid-shop.com\/fr\/wp-json\/wp\/v2\/media?parent=10049"}],"wp:term":[{"taxonomy":"product_brand","embeddable":true,"href":"https:\/\/iberoid-shop.com\/fr\/wp-json\/wp\/v2\/product_brand?post=10049"},{"taxonomy":"product_cat","embeddable":true,"href":"https:\/\/iberoid-shop.com\/fr\/wp-json\/wp\/v2\/product_cat?post=10049"},{"taxonomy":"product_tag","embeddable":true,"href":"https:\/\/iberoid-shop.com\/fr\/wp-json\/wp\/v2\/product_tag?post=10049"}],"curies":[{"name":"wp","href":"https:\/\/api.w.org\/{rel}","templated":true}]}}