{"id":10045,"date":"2025-04-27T07:54:24","date_gmt":"2025-04-27T07:54:24","guid":{"rendered":"https:\/\/iberoid-shop.com\/?post_type=product&#038;p=10045"},"modified":"2026-04-15T10:04:29","modified_gmt":"2026-04-15T10:04:29","slug":"pack-2-d-boll","status":"publish","type":"product","link":"https:\/\/iberoid-shop.com\/fr\/product\/pack-2-d-boll\/","title":{"rendered":"D-BOLL (2 pack)[:"},"content":{"rendered":"<p><\/p>\n<p class=\"\" data-start=\"0\" data-end=\"299\"><strong data-start=\"0\" data-end=\"86\">Achetez D-BOLL pour obtenir des gains musculaires impressionnants en peu de temps.<\/strong> Il est peu co\u00fbteux et peut \u00eatre pris par voie orale, sous forme de comprim\u00e9s et de pilules. Cela fait de Dbol le choix pr\u00e9f\u00e9r\u00e9 des d\u00e9butants en musculation qui ne souhaitent pas utiliser de st\u00e9ro\u00efdes injectables.<\/p>\n<hr class=\"\" data-start=\"301\" data-end=\"304\" \/>\n<h3 class=\"\" data-start=\"306\" data-end=\"333\"><strong data-start=\"310\" data-end=\"333\">Avantages de D-BOLL<\/strong><\/h3>\n<p class=\"\" data-start=\"335\" data-end=\"1168\"><strong data-start=\"335\" data-end=\"343\">#1 :<\/strong> Facile \u00e0 utiliser, peut \u00eatre pris par voie orale sous forme de comprim\u00e9s. Pas besoin d&rsquo;injections.<br data-start=\"442\" data-end=\"445\" \/><strong data-start=\"445\" data-end=\"453\">#2 :<\/strong> Br\u00fble les graisses corporelles m\u00eame lorsque vous \u00eates au repos.<br data-start=\"517\" data-end=\"520\" \/><strong data-start=\"520\" data-end=\"528\">#3 :<\/strong> Offre d&rsquo;excellents gains musculaires en peu de temps. M\u00eame les d\u00e9butants en musculation ont rapport\u00e9 avoir pris de <strong data-start=\"644\" data-end=\"670\">7 \u00e0 9 kg de muscle pur<\/strong> apr\u00e8s un mois de Dbol.<br data-start=\"693\" data-end=\"696\" \/><strong data-start=\"696\" data-end=\"704\">#4 :<\/strong> Am\u00e9liore les performances athl\u00e9tiques, l&rsquo;endurance physique et la vitesse.<br data-start=\"779\" data-end=\"782\" \/><strong data-start=\"782\" data-end=\"790\">#5 :<\/strong> Vous rend beaucoup plus fort, am\u00e9liore les niveaux de force.<br data-start=\"851\" data-end=\"854\" \/><strong data-start=\"854\" data-end=\"862\">#6 :<\/strong> Optimise la synth\u00e8se des prot\u00e9ines \u2013 essentielle pour le d\u00e9veloppement musculaire.<br data-start=\"945\" data-end=\"948\" \/><strong data-start=\"948\" data-end=\"956\">#7 :<\/strong> Am\u00e9liore la libido et la dur\u00e9e dans le lit.<br data-start=\"1000\" data-end=\"1003\" \/><strong data-start=\"1003\" data-end=\"1011\">#8 :<\/strong> Aide les muscles \u00e0 retenir plus d&rsquo;azote.<br data-start=\"1052\" data-end=\"1055\" \/><strong data-start=\"1055\" data-end=\"1063\">#9 :<\/strong> Augmente le flux sanguin vers les muscles.<br data-start=\"1106\" data-end=\"1109\" \/><strong data-start=\"1109\" data-end=\"1118\">#10 :<\/strong> Ne co\u00fbte pas cher. Tr\u00e8s bon rapport qualit\u00e9-prix.<\/p>\n<hr class=\"\" data-start=\"1170\" data-end=\"1173\" \/>\n<h3 class=\"\" data-start=\"1175\" data-end=\"1208\"><strong data-start=\"1179\" data-end=\"1208\">Comment fonctionne D-BOLL<\/strong><\/h3>\n<p class=\"\" data-start=\"1210\" data-end=\"1479\">L&rsquo;ingr\u00e9dient principal de <strong data-start=\"1236\" data-end=\"1246\">D-BOLL<\/strong> est le <strong data-start=\"1254\" data-end=\"1276\">M\u00e9thandrostenolone<\/strong>, un puissant st\u00e9ro\u00efde anabolisant qui <strong data-start=\"1315\" data-end=\"1341\">stimule le m\u00e9tabolisme<\/strong> du corps. Un m\u00e9tabolisme plus rapide conduit \u00e0 une <strong data-start=\"1393\" data-end=\"1428\">synth\u00e8se optimale des prot\u00e9ines<\/strong>, ce qui favorise une croissance musculaire rapide.<\/p>\n<p class=\"\" data-start=\"1481\" data-end=\"1910\">D-BOLL augmente \u00e9galement les niveaux de <strong data-start=\"1522\" data-end=\"1538\">testost\u00e9rone<\/strong> dans le corps, ce qui aide \u00e0 stimuler la croissance musculaire et acc\u00e9l\u00e8re la r\u00e9cup\u00e9ration apr\u00e8s l&rsquo;entra\u00eenement.<br data-start=\"1651\" data-end=\"1654\" \/>De plus, <strong data-start=\"1663\" data-end=\"1673\">D-BOLL<\/strong> augmente la production de <strong data-start=\"1700\" data-end=\"1719\">globules rouges<\/strong>, ce qui am\u00e9liore l&rsquo;apport en oxyg\u00e8ne aux muscles.<br data-start=\"1769\" data-end=\"1772\" \/>Enfin, Dbol permet au corps de <strong data-start=\"1803\" data-end=\"1827\">retenir plus d&rsquo;azote<\/strong>, ce qui est essentiel pour maximiser les b\u00e9n\u00e9fices d&rsquo;un r\u00e9gime riche en prot\u00e9ines.<\/p>\n<hr class=\"\" data-start=\"1912\" data-end=\"1915\" \/>\n<h3 class=\"\" data-start=\"1917\" data-end=\"1959\"><strong data-start=\"1921\" data-end=\"1959\">CYCLES ET COMBINAISONS AVEC D-BOLL<\/strong><\/h3>\n<p class=\"\" data-start=\"1961\" data-end=\"2254\">D-BOLL est un st\u00e9ro\u00efde anabolisant que vous pouvez ajouter \u00e0 n&rsquo;importe quel <strong data-start=\"2037\" data-end=\"2058\">cyle personnalis\u00e9<\/strong>. Il peut \u00eatre combin\u00e9 avec d&rsquo;autres st\u00e9ro\u00efdes, tels que <strong data-start=\"2115\" data-end=\"2152\">Equipoise, Masteron ou Trenbolone<\/strong>.<br data-start=\"2153\" data-end=\"2156\" \/>Un cycle avec Dbol peut offrir <strong data-start=\"2187\" data-end=\"2253\">des gains musculaires incroyables en seulement 8 \u00e0 12 semaines<\/strong>.<\/p>\n<hr class=\"\" data-start=\"2256\" data-end=\"2259\" \/>\n<h3 class=\"\" data-start=\"2261\" data-end=\"2291\"><strong data-start=\"2265\" data-end=\"2291\">Comment prendre D-BOLL<\/strong><\/h3>\n<h4 class=\"\" data-start=\"2293\" data-end=\"2326\"><strong data-start=\"2298\" data-end=\"2326\">1. Dosage pour d\u00e9butants<\/strong><\/h4>\n<ul data-start=\"2328\" data-end=\"2926\">\n<li class=\"\" data-start=\"2328\" data-end=\"2415\">\n<p class=\"\" data-start=\"2330\" data-end=\"2415\"><strong data-start=\"2330\" data-end=\"2344\">Objectif :<\/strong> Augmenter la masse et la force avec des effets secondaires minimaux.<\/p>\n<\/li>\n<li class=\"\" data-start=\"2416\" data-end=\"2472\">\n<p class=\"\" data-start=\"2418\" data-end=\"2472\"><strong data-start=\"2418\" data-end=\"2430\">Dosage :<\/strong> 20-30 mg par jour (divis\u00e9 en 2-3 doses)<\/p>\n<\/li>\n<li class=\"\" data-start=\"2473\" data-end=\"2510\">\n<p class=\"\" data-start=\"2475\" data-end=\"2510\"><strong data-start=\"2475\" data-end=\"2495\">Dur\u00e9e du cycle :<\/strong> 4-6 semaines<\/p>\n<\/li>\n<li class=\"\" data-start=\"2511\" data-end=\"2628\">\n<p class=\"\" data-start=\"2513\" data-end=\"2538\"><strong data-start=\"2513\" data-end=\"2536\">Exemple quotidien :<\/strong><\/p>\n<ul data-start=\"2541\" data-end=\"2628\">\n<li class=\"\" data-start=\"2541\" data-end=\"2559\">\n<p class=\"\" data-start=\"2543\" data-end=\"2559\">10 mg le matin<\/p>\n<\/li>\n<li class=\"\" data-start=\"2562\" data-end=\"2592\">\n<p class=\"\" data-start=\"2564\" data-end=\"2592\">10 mg avant l&rsquo;entra\u00eenement<\/p>\n<\/li>\n<li class=\"\" data-start=\"2595\" data-end=\"2628\">\n<p class=\"\" data-start=\"2597\" data-end=\"2628\">10 mg le soir (si 30 mg\/jour)<\/p>\n<\/li>\n<\/ul>\n<\/li>\n<li class=\"\" data-start=\"2629\" data-end=\"2722\">\n<p class=\"\" data-start=\"2631\" data-end=\"2655\"><strong data-start=\"2631\" data-end=\"2653\">Stack recommand\u00e9 :<\/strong><\/p>\n<ul data-start=\"2658\" data-end=\"2722\">\n<li class=\"\" data-start=\"2658\" data-end=\"2722\">\n<p class=\"\" data-start=\"2660\" data-end=\"2722\"><strong data-start=\"2660\" data-end=\"2701\">Testost\u00e9rone Enanthate ou Cypionate :<\/strong> 250\u2013300 mg\/semaine<\/p>\n<\/li>\n<\/ul>\n<\/li>\n<li class=\"\" data-start=\"2723\" data-end=\"2926\">\n<p class=\"\" data-start=\"2725\" data-end=\"2751\"><strong data-start=\"2725\" data-end=\"2749\">Pourquoi ce dosage ?<\/strong><\/p>\n<ul data-start=\"2754\" data-end=\"2926\">\n<li class=\"\" data-start=\"2754\" data-end=\"2816\">\n<p class=\"\" data-start=\"2756\" data-end=\"2816\">Apporte des gains solides avec une r\u00e9tention d&rsquo;eau g\u00e9rable<\/p>\n<\/li>\n<li class=\"\" data-start=\"2819\" data-end=\"2863\">\n<p class=\"\" data-start=\"2821\" data-end=\"2863\">Cycle court = impact minimal sur le foie<\/p>\n<\/li>\n<li class=\"\" data-start=\"2866\" data-end=\"2926\">\n<p class=\"\" data-start=\"2868\" data-end=\"2926\">Id\u00e9al pour tester la tol\u00e9rance avant d&rsquo;augmenter le dosage<\/p>\n<\/li>\n<\/ul>\n<\/li>\n<\/ul>\n<hr class=\"\" data-start=\"2928\" data-end=\"2931\" \/>\n<h4 class=\"\" data-start=\"2933\" data-end=\"2965\"><strong data-start=\"2938\" data-end=\"2965\">2. Dosage interm\u00e9diaire<\/strong><\/h4>\n<ul data-start=\"2967\" data-end=\"3744\">\n<li class=\"\" data-start=\"2967\" data-end=\"3044\">\n<p class=\"\" data-start=\"2969\" data-end=\"3044\"><strong data-start=\"2969\" data-end=\"2983\">Objectif :<\/strong> Gagner plus rapidement pour les utilisateurs exp\u00e9riment\u00e9s.<\/p>\n<\/li>\n<li class=\"\" data-start=\"3045\" data-end=\"3101\">\n<p class=\"\" data-start=\"3047\" data-end=\"3101\"><strong data-start=\"3047\" data-end=\"3059\">Dosage :<\/strong> 30-50 mg par jour (divis\u00e9 en 2-3 doses)<\/p>\n<\/li>\n<li class=\"\" data-start=\"3102\" data-end=\"3139\">\n<p class=\"\" data-start=\"3104\" data-end=\"3139\"><strong data-start=\"3104\" data-end=\"3124\">Dur\u00e9e du cycle :<\/strong> 6-8 semaines<\/p>\n<\/li>\n<li class=\"\" data-start=\"3140\" data-end=\"3270\">\n<p class=\"\" data-start=\"3142\" data-end=\"3167\"><strong data-start=\"3142\" data-end=\"3165\">Exemple quotidien :<\/strong><\/p>\n<ul data-start=\"3170\" data-end=\"3270\">\n<li class=\"\" data-start=\"3170\" data-end=\"3188\">\n<p class=\"\" data-start=\"3172\" data-end=\"3188\">10 mg le matin<\/p>\n<\/li>\n<li class=\"\" data-start=\"3191\" data-end=\"3221\">\n<p class=\"\" data-start=\"3193\" data-end=\"3221\">20 mg avant l&rsquo;entra\u00eenement<\/p>\n<\/li>\n<li class=\"\" data-start=\"3224\" data-end=\"3270\">\n<p class=\"\" data-start=\"3226\" data-end=\"3270\">20 mg apr\u00e8s l&rsquo;entra\u00eenement (si 50 mg\/jour)<\/p>\n<\/li>\n<\/ul>\n<\/li>\n<li class=\"\" data-start=\"3271\" data-end=\"3423\">\n<p class=\"\" data-start=\"3273\" data-end=\"3297\"><strong data-start=\"3273\" data-end=\"3295\">Stack recommand\u00e9 :<\/strong><\/p>\n<ul data-start=\"3300\" data-end=\"3423\">\n<li class=\"\" data-start=\"3300\" data-end=\"3351\">\n<p class=\"\" data-start=\"3302\" data-end=\"3351\"><strong data-start=\"3302\" data-end=\"3330\">Testost\u00e9rone Enanthate :<\/strong> 400\u2013500 mg\/semaine<\/p>\n<\/li>\n<li class=\"\" data-start=\"3354\" data-end=\"3423\">\n<p class=\"\" data-start=\"3356\" data-end=\"3423\"><strong data-start=\"3356\" data-end=\"3376\">Deca-Durabolin :<\/strong> 300\u2013400 mg\/semaine (pour la prise de volume)<\/p>\n<\/li>\n<\/ul>\n<\/li>\n<li class=\"\" data-start=\"3424\" data-end=\"3744\">\n<p class=\"\" data-start=\"3426\" data-end=\"3443\"><strong data-start=\"3426\" data-end=\"3441\">Attention :<\/strong><\/p>\n<ul data-start=\"3446\" data-end=\"3744\">\n<li class=\"\" data-start=\"3446\" data-end=\"3637\">\n<p class=\"\" data-start=\"3448\" data-end=\"3637\">Attendez-vous \u00e0 des gains musculaires et de force rapides, mais avec un risque accru de r\u00e9tention d&rsquo;eau et de gyn\u00e9comastie (utilisez <strong data-start=\"3581\" data-end=\"3620\">Arimidex 0,5 mg tous les deux jours<\/strong> si n\u00e9cessaire)<\/p>\n<\/li>\n<li class=\"\" data-start=\"3640\" data-end=\"3744\">\n<p class=\"\" data-start=\"3642\" data-end=\"3744\">La toxicit\u00e9 h\u00e9patique devient plus pr\u00e9occupante \u2013 \u00e9vitez l&rsquo;alcool et surveillez les enzymes h\u00e9patiques<\/p>\n<\/li>\n<\/ul>\n<\/li>\n<\/ul>\n<hr class=\"\" data-start=\"3746\" data-end=\"3749\" \/>\n<h4 class=\"\" data-start=\"3751\" data-end=\"3776\"><strong data-start=\"3756\" data-end=\"3776\">3. Dosage avanc\u00e9<\/strong><\/h4>\n<ul data-start=\"3778\" data-end=\"4752\">\n<li class=\"\" data-start=\"3778\" data-end=\"3857\">\n<p class=\"\" data-start=\"3780\" data-end=\"3857\"><strong data-start=\"3780\" data-end=\"3794\">Objectif :<\/strong> Maximiser les gains de volume pour les utilisateurs avanc\u00e9s.<\/p>\n<\/li>\n<li class=\"\" data-start=\"3858\" data-end=\"3912\">\n<p class=\"\" data-start=\"3860\" data-end=\"3912\"><strong data-start=\"3860\" data-end=\"3872\">Dosage :<\/strong> 50-70 mg par jour (divis\u00e9 en 3 doses)<\/p>\n<\/li>\n<li class=\"\" data-start=\"3913\" data-end=\"3960\">\n<p class=\"\" data-start=\"3915\" data-end=\"3960\"><strong data-start=\"3915\" data-end=\"3935\">Dur\u00e9e du cycle :<\/strong> 6-8 semaines (maximum)<\/p>\n<\/li>\n<li class=\"\" data-start=\"3961\" data-end=\"4091\">\n<p class=\"\" data-start=\"3963\" data-end=\"3988\"><strong data-start=\"3963\" data-end=\"3986\">Exemple quotidien :<\/strong><\/p>\n<ul data-start=\"3991\" data-end=\"4091\">\n<li class=\"\" data-start=\"3991\" data-end=\"4009\">\n<p class=\"\" data-start=\"3993\" data-end=\"4009\">20 mg le matin<\/p>\n<\/li>\n<li class=\"\" data-start=\"4012\" data-end=\"4042\">\n<p class=\"\" data-start=\"4014\" data-end=\"4042\">20 mg avant l&rsquo;entra\u00eenement<\/p>\n<\/li>\n<li class=\"\" data-start=\"4045\" data-end=\"4091\">\n<p class=\"\" data-start=\"4047\" data-end=\"4091\">30 mg apr\u00e8s l&rsquo;entra\u00eenement (si 70 mg\/jour)<\/p>\n<\/li>\n<\/ul>\n<\/li>\n<li class=\"\" data-start=\"4092\" data-end=\"4345\">\n<p class=\"\" data-start=\"4094\" data-end=\"4118\"><strong data-start=\"4094\" data-end=\"4116\">Stack recommand\u00e9 :<\/strong><\/p>\n<ul data-start=\"4121\" data-end=\"4345\">\n<li class=\"\" data-start=\"4121\" data-end=\"4172\">\n<p class=\"\" data-start=\"4123\" data-end=\"4172\"><strong data-start=\"4123\" data-end=\"4151\">Testost\u00e9rone Cypionate :<\/strong> 500\u2013600 mg\/semaine<\/p>\n<\/li>\n<li class=\"\" data-start=\"4175\" data-end=\"4265\">\n<p class=\"\" data-start=\"4177\" data-end=\"4265\"><strong data-start=\"4177\" data-end=\"4203\">Trenbolone Enanthate :<\/strong> 300 mg\/semaine (pour plus de duret\u00e9 et de force musculaire)<\/p>\n<\/li>\n<li class=\"\" data-start=\"4268\" data-end=\"4345\">\n<p class=\"\" data-start=\"4270\" data-end=\"4345\"><strong data-start=\"4270\" data-end=\"4306\">IA (Inhibiteur de l&rsquo;aromatase) :<\/strong> Aromasin 12,5 mg tous les deux jours<\/p>\n<\/li>\n<\/ul>\n<\/li>\n<li class=\"\" data-start=\"4346\" data-end=\"4752\">\n<p class=\"\" data-start=\"4348\" data-end=\"4365\"><strong data-start=\"4348\" data-end=\"4363\">Attention :<\/strong><\/p>\n<ul data-start=\"4368\" data-end=\"4752\">\n<li class=\"\" data-start=\"4368\" data-end=\"4489\">\n<p class=\"\" data-start=\"4370\" data-end=\"4489\">Les effets secondaires seront plus prononc\u00e9s : pression art\u00e9rielle \u00e9lev\u00e9e, stress h\u00e9patique et r\u00e9tention d&rsquo;eau s\u00e9v\u00e8re<\/p>\n<\/li>\n<li class=\"\" data-start=\"4492\" data-end=\"4599\">\n<p class=\"\" data-start=\"4494\" data-end=\"4599\">Des analyses sanguines sont essentielles pour surveiller la sant\u00e9 du foie et les niveaux de cholest\u00e9rol<\/p>\n<\/li>\n<li class=\"\" data-start=\"4602\" data-end=\"4752\">\n<p class=\"\" data-start=\"4604\" data-end=\"4752\">Les utilisateurs avanc\u00e9s peuvent avoir besoin de <strong data-start=\"4653\" data-end=\"4668\">Cabergoline<\/strong> pour g\u00e9rer les niveaux de prolactine lorsqu&rsquo;ils sont empil\u00e9s avec d&rsquo;autres compos\u00e9s<\/p>\n<\/li>\n<\/ul>\n<\/li>\n<\/ul>\n<p><\/p>","protected":false},"excerpt":{"rendered":"<p>Achetez D-BOLL pour obtenir des gains musculaires impressionnants en peu de temps. Il est peu co\u00fbteux et peut \u00eatre pris<\/p>\n","protected":false},"featured_media":10046,"comment_status":"open","ping_status":"closed","template":"","meta":[],"product_brand":[],"product_cat":[73,3474],"product_tag":[],"class_list":{"0":"post-10045","1":"product","2":"type-product","3":"status-publish","4":"has-post-thumbnail","6":"product_cat-ssteroides_orales","7":"product_cat-packs","9":"first","10":"instock","11":"shipping-taxable","12":"purchasable","13":"product-type-simple"},"yoast_head":"<!-- This site is optimized with the Yoast SEO Premium plugin v24.4 (Yoast SEO v27.3) - https:\/\/yoast.com\/product\/yoast-seo-premium-wordpress\/ -->\n<title>D-BOLL (2 pack)[: - (Espa\u00f1ol) Esteroides en l\u00ednea<\/title>\n<meta name=\"description\" content=\"D-BOLL est un st\u00e9ro\u00efde anabolisant oral qui augmente la masse musculaire, br\u00fble les graisses, la force et l&#039;endurance, id\u00e9al pour d\u00e9butants et confirm\u00e9s.\" \/>\n<meta name=\"robots\" content=\"index, follow, max-snippet:-1, max-image-preview:large, max-video-preview:-1\" \/>\n<link rel=\"canonical\" href=\"https:\/\/iberoid-shop.com\/fr\/product\/pack-2-d-boll\/\" \/>\n<meta property=\"og:locale\" content=\"fr_FR\" \/>\n<meta property=\"og:type\" content=\"article\" \/>\n<meta property=\"og:title\" content=\"D-BOLL (2 pack)[:\" \/>\n<meta property=\"og:description\" content=\"D-BOLL est un st\u00e9ro\u00efde anabolisant oral qui augmente la masse musculaire, br\u00fble les graisses, la force et l&#039;endurance, id\u00e9al pour d\u00e9butants et confirm\u00e9s.\" \/>\n<meta property=\"og:url\" content=\"https:\/\/iberoid-shop.com\/fr\/product\/pack-2-d-boll\/\" \/>\n<meta property=\"og:site_name\" content=\"(Espa\u00f1ol) Esteroides en l\u00ednea\" \/>\n<meta property=\"article:modified_time\" content=\"2026-04-15T10:04:29+00:00\" \/>\n<meta property=\"og:image\" content=\"https:\/\/iberoid-shop.com\/wp-content\/uploads\/2025\/04\/2dbol-scaled.jpeg?v=1745740425\" \/>\n\t<meta property=\"og:image:width\" content=\"2103\" \/>\n\t<meta property=\"og:image:height\" content=\"2560\" \/>\n\t<meta property=\"og:image:type\" content=\"image\/jpeg\" \/>\n<meta name=\"twitter:card\" content=\"summary_large_image\" \/>\n<meta name=\"twitter:label1\" content=\"Prix\" \/>\n\t<meta name=\"twitter:data1\" content=\"&euro;20.00\" \/>\n\t<meta name=\"twitter:label2\" content=\"Disponibilit\u00e9\" \/>\n\t<meta name=\"twitter:data2\" content=\"En stock\" \/>\n<script type=\"application\/ld+json\" class=\"yoast-schema-graph\">{\"@context\":\"https:\\\/\\\/schema.org\",\"@graph\":[{\"@type\":\"WebPage\",\"@id\":\"https:\\\/\\\/iberoid-shop.com\\\/fr\\\/product\\\/pack-2-d-boll\\\/\",\"url\":\"https:\\\/\\\/iberoid-shop.com\\\/fr\\\/product\\\/pack-2-d-boll\\\/\",\"name\":\"D-BOLL (2 pack)[: - (Espa\u00f1ol) Esteroides en l\u00ednea\",\"isPartOf\":{\"@id\":\"https:\\\/\\\/iberoid.com\\\/#website\"},\"primaryImageOfPage\":{\"@id\":\"https:\\\/\\\/iberoid-shop.com\\\/fr\\\/product\\\/pack-2-d-boll\\\/#primaryimage\"},\"image\":{\"@id\":\"https:\\\/\\\/iberoid-shop.com\\\/fr\\\/product\\\/pack-2-d-boll\\\/#primaryimage\"},\"thumbnailUrl\":\"https:\\\/\\\/iberoid-shop.com\\\/wp-content\\\/uploads\\\/2025\\\/04\\\/2dbol-scaled.jpeg?v=1745740425\",\"datePublished\":\"2025-04-27T07:54:24+00:00\",\"dateModified\":\"2026-04-15T10:04:29+00:00\",\"description\":\"D-BOLL est un st\u00e9ro\u00efde anabolisant oral qui augmente la masse musculaire, br\u00fble les graisses, la force et l'endurance, id\u00e9al pour d\u00e9butants et confirm\u00e9s.\",\"breadcrumb\":{\"@id\":\"https:\\\/\\\/iberoid-shop.com\\\/fr\\\/product\\\/pack-2-d-boll\\\/#breadcrumb\"},\"inLanguage\":\"fr-FR\",\"potentialAction\":[{\"@type\":\"ReadAction\",\"target\":[[\"https:\\\/\\\/iberoid-shop.com\\\/fr\\\/product\\\/pack-2-d-boll\\\/\"]]}]},{\"@type\":\"ImageObject\",\"inLanguage\":\"fr-FR\",\"@id\":\"https:\\\/\\\/iberoid-shop.com\\\/fr\\\/product\\\/pack-2-d-boll\\\/#primaryimage\",\"url\":\"https:\\\/\\\/iberoid-shop.com\\\/wp-content\\\/uploads\\\/2025\\\/04\\\/2dbol-scaled.jpeg?v=1745740425\",\"contentUrl\":\"https:\\\/\\\/iberoid-shop.com\\\/wp-content\\\/uploads\\\/2025\\\/04\\\/2dbol-scaled.jpeg?v=1745740425\",\"width\":2103,\"height\":2560},{\"@type\":\"BreadcrumbList\",\"@id\":\"https:\\\/\\\/iberoid-shop.com\\\/fr\\\/product\\\/pack-2-d-boll\\\/#breadcrumb\",\"itemListElement\":[{\"@type\":\"ListItem\",\"position\":1,\"name\":\"Portada\",\"item\":\"https:\\\/\\\/iberoid.com\\\/\"},{\"@type\":\"ListItem\",\"position\":2,\"name\":\"Magasin\",\"item\":\"https:\\\/\\\/iberoid-shop.com\\\/fr\\\/shop\\\/\"},{\"@type\":\"ListItem\",\"position\":3,\"name\":\"D-BOLL (2 pack)[:\"}]},{\"@type\":\"WebSite\",\"@id\":\"https:\\\/\\\/iberoid.com\\\/#website\",\"url\":\"https:\\\/\\\/iberoid.com\\\/\",\"name\":\"(Espa\u00f1ol) Esteroides en l\u00ednea\",\"description\":\"(Espa\u00f1ol) Comprar esteroides en l\u00ednea hoy en Espa\u00f1a y Portugal. Tenemos el mejor servicio al cliente en la industria y los productos de la m\u00e1s alta calidad\",\"potentialAction\":[{\"@type\":\"SearchAction\",\"target\":{\"@type\":\"EntryPoint\",\"urlTemplate\":\"https:\\\/\\\/iberoid.com\\\/?s={search_term_string}\"},\"query-input\":{\"@type\":\"PropertyValueSpecification\",\"valueRequired\":true,\"valueName\":\"search_term_string\"}}],\"inLanguage\":\"fr-FR\"}]}<\/script>\n<meta property=\"product:brand\" content=\"Mp-Pharm\" \/>\n<meta property=\"product:price:amount\" content=\"20.00\" \/>\n<meta property=\"product:price:currency\" content=\"EUR\" \/>\n<meta property=\"og:availability\" content=\"instock\" \/>\n<meta property=\"product:availability\" content=\"instock\" \/>\n<meta property=\"product:condition\" content=\"new\" \/>\n<!-- \/ Yoast SEO Premium plugin. -->","yoast_head_json":{"title":"D-BOLL (2 pack)[: - (Espa\u00f1ol) Esteroides en l\u00ednea","description":"D-BOLL est un st\u00e9ro\u00efde anabolisant oral qui augmente la masse musculaire, br\u00fble les graisses, la force et l'endurance, id\u00e9al pour d\u00e9butants et confirm\u00e9s.","robots":{"index":"index","follow":"follow","max-snippet":"max-snippet:-1","max-image-preview":"max-image-preview:large","max-video-preview":"max-video-preview:-1"},"canonical":"https:\/\/iberoid-shop.com\/fr\/product\/pack-2-d-boll\/","og_locale":"fr_FR","og_type":"article","og_title":"D-BOLL (2 pack)[:","og_description":"D-BOLL est un st\u00e9ro\u00efde anabolisant oral qui augmente la masse musculaire, br\u00fble les graisses, la force et l'endurance, id\u00e9al pour d\u00e9butants et confirm\u00e9s.","og_url":"https:\/\/iberoid-shop.com\/fr\/product\/pack-2-d-boll\/","og_site_name":"(Espa\u00f1ol) Esteroides en l\u00ednea","article_modified_time":"2026-04-15T10:04:29+00:00","og_image":[{"width":2103,"height":2560,"url":"https:\/\/iberoid-shop.com\/wp-content\/uploads\/2025\/04\/2dbol-scaled.jpeg?v=1745740425","type":"image\/jpeg"}],"twitter_card":"summary_large_image","twitter_misc":{"Prix":"&euro;20.00","Disponibilit\u00e9":"En stock"},"schema":{"@context":"https:\/\/schema.org","@graph":[{"@type":"WebPage","@id":"https:\/\/iberoid-shop.com\/fr\/product\/pack-2-d-boll\/","url":"https:\/\/iberoid-shop.com\/fr\/product\/pack-2-d-boll\/","name":"D-BOLL (2 pack)[: - (Espa\u00f1ol) Esteroides en l\u00ednea","isPartOf":{"@id":"https:\/\/iberoid.com\/#website"},"primaryImageOfPage":{"@id":"https:\/\/iberoid-shop.com\/fr\/product\/pack-2-d-boll\/#primaryimage"},"image":{"@id":"https:\/\/iberoid-shop.com\/fr\/product\/pack-2-d-boll\/#primaryimage"},"thumbnailUrl":"https:\/\/iberoid-shop.com\/wp-content\/uploads\/2025\/04\/2dbol-scaled.jpeg?v=1745740425","datePublished":"2025-04-27T07:54:24+00:00","dateModified":"2026-04-15T10:04:29+00:00","description":"D-BOLL est un st\u00e9ro\u00efde anabolisant oral qui augmente la masse musculaire, br\u00fble les graisses, la force et l'endurance, id\u00e9al pour d\u00e9butants et confirm\u00e9s.","breadcrumb":{"@id":"https:\/\/iberoid-shop.com\/fr\/product\/pack-2-d-boll\/#breadcrumb"},"inLanguage":"fr-FR","potentialAction":[{"@type":"ReadAction","target":[["https:\/\/iberoid-shop.com\/fr\/product\/pack-2-d-boll\/"]]}]},{"@type":"ImageObject","inLanguage":"fr-FR","@id":"https:\/\/iberoid-shop.com\/fr\/product\/pack-2-d-boll\/#primaryimage","url":"https:\/\/iberoid-shop.com\/wp-content\/uploads\/2025\/04\/2dbol-scaled.jpeg?v=1745740425","contentUrl":"https:\/\/iberoid-shop.com\/wp-content\/uploads\/2025\/04\/2dbol-scaled.jpeg?v=1745740425","width":2103,"height":2560},{"@type":"BreadcrumbList","@id":"https:\/\/iberoid-shop.com\/fr\/product\/pack-2-d-boll\/#breadcrumb","itemListElement":[{"@type":"ListItem","position":1,"name":"Portada","item":"https:\/\/iberoid.com\/"},{"@type":"ListItem","position":2,"name":"Magasin","item":"https:\/\/iberoid-shop.com\/fr\/shop\/"},{"@type":"ListItem","position":3,"name":"D-BOLL (2 pack)[:"}]},{"@type":"WebSite","@id":"https:\/\/iberoid.com\/#website","url":"https:\/\/iberoid.com\/","name":"(Espa\u00f1ol) Esteroides en l\u00ednea","description":"(Espa\u00f1ol) Comprar esteroides en l\u00ednea hoy en Espa\u00f1a y Portugal. Tenemos el mejor servicio al cliente en la industria y los productos de la m\u00e1s alta calidad","potentialAction":[{"@type":"SearchAction","target":{"@type":"EntryPoint","urlTemplate":"https:\/\/iberoid.com\/?s={search_term_string}"},"query-input":{"@type":"PropertyValueSpecification","valueRequired":true,"valueName":"search_term_string"}}],"inLanguage":"fr-FR"}]},"product_brand":"Mp-Pharm","product_price_amount":"20.00","product_price_currency":"EUR","og_availability":"instock","product_availability":"instock","product_condition":"new"},"_links":{"self":[{"href":"https:\/\/iberoid-shop.com\/fr\/wp-json\/wp\/v2\/product\/10045","targetHints":{"allow":["GET"]}}],"collection":[{"href":"https:\/\/iberoid-shop.com\/fr\/wp-json\/wp\/v2\/product"}],"about":[{"href":"https:\/\/iberoid-shop.com\/fr\/wp-json\/wp\/v2\/types\/product"}],"replies":[{"embeddable":true,"href":"https:\/\/iberoid-shop.com\/fr\/wp-json\/wp\/v2\/comments?post=10045"}],"wp:featuredmedia":[{"embeddable":true,"href":"https:\/\/iberoid-shop.com\/fr\/wp-json\/wp\/v2\/media\/10046"}],"wp:attachment":[{"href":"https:\/\/iberoid-shop.com\/fr\/wp-json\/wp\/v2\/media?parent=10045"}],"wp:term":[{"taxonomy":"product_brand","embeddable":true,"href":"https:\/\/iberoid-shop.com\/fr\/wp-json\/wp\/v2\/product_brand?post=10045"},{"taxonomy":"product_cat","embeddable":true,"href":"https:\/\/iberoid-shop.com\/fr\/wp-json\/wp\/v2\/product_cat?post=10045"},{"taxonomy":"product_tag","embeddable":true,"href":"https:\/\/iberoid-shop.com\/fr\/wp-json\/wp\/v2\/product_tag?post=10045"}],"curies":[{"name":"wp","href":"https:\/\/api.w.org\/{rel}","templated":true}]}}