{"id":10035,"date":"2025-04-26T06:55:39","date_gmt":"2025-04-26T06:55:39","guid":{"rendered":"https:\/\/iberoid-shop.com\/?post_type=product&#038;p=10035"},"modified":"2026-03-29T15:56:32","modified_gmt":"2026-03-29T15:56:32","slug":"pack3proviron","status":"publish","type":"product","link":"https:\/\/iberoid-shop.com\/fr\/product\/pack3proviron\/","title":{"rendered":"Pack 3 &#8211; PROVIRON 25mg"},"content":{"rendered":"<p><\/p>\n<p class=\"\" data-start=\"0\" data-end=\"27\">Qu&rsquo;est-ce que le Proviron ?<\/p>\n<p class=\"\" data-start=\"29\" data-end=\"223\">Acheter Proviron \u2013 Le meilleur moment pour prendre Proviron est pendant la phase de coupe d&rsquo;un cycle ou dans le cadre de votre PCT. Sa fonction principale est de fournir un effet anti-estrog\u00e8ne.<\/p>\n<p class=\"\" data-start=\"225\" data-end=\"250\"><strong data-start=\"225\" data-end=\"250\">Bienfaits du Proviron<\/strong><\/p>\n<p class=\"\" data-start=\"252\" data-end=\"678\">Le Proviron poss\u00e8de quatre fonctions principales qui d\u00e9finissent largement son utilisation. L&rsquo;hormone Mesterolone a une forte affinit\u00e9 de liaison avec la globuline liant les hormones sexuelles (SHBG). En particulier, elle augmentera la quantit\u00e9 de st\u00e9ro\u00efdes anabolisants utilis\u00e9s disponibles sous forme libre plut\u00f4t que li\u00e9e. Fondamentalement, les st\u00e9ro\u00efdes anabolisants que vous prenez deviennent plus puissants et efficaces.<\/p>\n<p class=\"\" data-start=\"680\" data-end=\"711\"><strong data-start=\"680\" data-end=\"711\">Comment prendre le Proviron<\/strong><\/p>\n<p class=\"\" data-start=\"713\" data-end=\"916\">Dans le cadre d&rsquo;un cycle ou d&rsquo;un stack bas\u00e9 sur les performances, nous recommandons aux athl\u00e8tes de prendre entre 50-150 mg par jour pendant 8 semaines (nous ne recommandons pas de d\u00e9passer 12 semaines).<\/p>\n<p class=\"\" data-start=\"918\" data-end=\"954\"><strong data-start=\"918\" data-end=\"954\">Cycle de Proviron pour d\u00e9butants<\/strong><\/p>\n<p class=\"\" data-start=\"956\" data-end=\"1260\">Objectif : Augmentation mod\u00e9r\u00e9e de la libido, de l&rsquo;\u00e9nergie et de la duret\u00e9 musculaire pendant un cycle simple ou en hors-saison.<br data-start=\"1084\" data-end=\"1087\" \/>Dur\u00e9e du cycle : 6-8 semaines<br data-start=\"1116\" data-end=\"1119\" \/>Dosage : 25-50 mg par jour<br data-start=\"1145\" data-end=\"1148\" \/>Exemple de stack :<br data-start=\"1166\" data-end=\"1169\" \/>Proviron : 25-50 mg par jour<br data-start=\"1197\" data-end=\"1200\" \/>Optionnel : 250-500 mg de Testost\u00e9rone Enanthate par semaine<\/p>\n<p class=\"\" data-start=\"1262\" data-end=\"1472\">Ce cycle permet aux d\u00e9butants d&rsquo;exp\u00e9rimenter les effets du Proviron sans risques significatifs. Il fonctionne bien avec la testost\u00e9rone pour pr\u00e9venir les effets secondaires \u0153strog\u00e9niques et am\u00e9liorer la libido.<\/p>\n<p class=\"\" data-start=\"1474\" data-end=\"1528\"><strong data-start=\"1474\" data-end=\"1528\">Cycle de Proviron pour utilisateurs interm\u00e9diaires<\/strong><\/p>\n<p class=\"\" data-start=\"1530\" data-end=\"1898\">Objectif : Am\u00e9liorer la d\u00e9finition musculaire et la force tout en minimisant les \u0153strog\u00e8nes pendant les cycles de coupe ou de recomp.<br data-start=\"1663\" data-end=\"1666\" \/>Dur\u00e9e du cycle : 8-10 semaines<br data-start=\"1696\" data-end=\"1699\" \/>Dosage : 50 mg par jour<br data-start=\"1722\" data-end=\"1725\" \/>Exemple de stack :<br data-start=\"1743\" data-end=\"1746\" \/>Proviron : 50 mg par jour<br data-start=\"1771\" data-end=\"1774\" \/>Testost\u00e9rone Propionate : 300-400 mg par semaine<br data-start=\"1822\" data-end=\"1825\" \/>Anavar : 40-50 mg par jour (optionnel pour plus de d\u00e9finition musculaire)<\/p>\n<p class=\"\" data-start=\"1900\" data-end=\"2132\">Ce cycle interm\u00e9diaire am\u00e9liore la vascularit\u00e9 et la duret\u00e9 musculaire tout en maintenant les niveaux d&rsquo;\u0153strog\u00e8ne sous contr\u00f4le. Le Proviron aidera \u00e9galement \u00e0 lutter contre la suppression de la libido qui peut survenir avec Anavar.<\/p>\n<p class=\"\" data-start=\"2134\" data-end=\"2162\"><strong data-start=\"2134\" data-end=\"2162\">Cycle avanc\u00e9 de Proviron<\/strong><\/p>\n<p class=\"\" data-start=\"2164\" data-end=\"2521\">Objectif : Maximiser la duret\u00e9 musculaire et la force pendant un cycle avanc\u00e9 de coupe ou de pr\u00e9paration pour une comp\u00e9tition.<br data-start=\"2290\" data-end=\"2293\" \/>Dur\u00e9e du cycle : 8-12 semaines<br data-start=\"2323\" data-end=\"2326\" \/>Dosage : 75-100 mg par jour<br data-start=\"2353\" data-end=\"2356\" \/>Exemple de stack :<br data-start=\"2374\" data-end=\"2377\" \/>Proviron : 75-100 mg par jour<br data-start=\"2406\" data-end=\"2409\" \/>Testost\u00e9rone Propionate : 400-500 mg par semaine<br data-start=\"2457\" data-end=\"2460\" \/>Winstrol : 50 mg par jour<br data-start=\"2485\" data-end=\"2488\" \/>Masteron : 300-400 mg par semaine<\/p>\n<p class=\"\" data-start=\"2523\" data-end=\"2736\">Ce cycle avanc\u00e9 est id\u00e9al pour les bodybuilders qui visent une duret\u00e9 musculaire extr\u00eame et une d\u00e9finition optimale. Le Proviron aidera \u00e0 combattre les \u0153strog\u00e8nes tout en renfor\u00e7ant les effets des autres compos\u00e9s.<\/p>\n<p><\/p>","protected":false},"excerpt":{"rendered":"<p>Qu&rsquo;est-ce que le Proviron ? Acheter Proviron \u2013 Le meilleur moment pour prendre Proviron est pendant la phase de coupe<\/p>\n","protected":false},"featured_media":10036,"comment_status":"open","ping_status":"closed","template":"","meta":[],"product_brand":[],"product_cat":[73,3474],"product_tag":[],"class_list":{"0":"post-10035","1":"product","2":"type-product","3":"status-publish","4":"has-post-thumbnail","6":"product_cat-ssteroides_orales","7":"product_cat-packs","9":"first","10":"instock","11":"sale","12":"shipping-taxable","13":"purchasable","14":"product-type-simple"},"yoast_head":"<!-- This site is optimized with the Yoast SEO Premium plugin v24.4 (Yoast SEO v27.3) - https:\/\/yoast.com\/product\/yoast-seo-premium-wordpress\/ -->\n<title>Pack 3 - PROVIRON 25mg - (Espa\u00f1ol) Esteroides en l\u00ednea<\/title>\n<meta name=\"description\" content=\"Proviron am\u00e9liore la duret\u00e9 musculaire, stimule la libido et r\u00e9duit les effets secondaires \u0153strog\u00e9niques, id\u00e9al pour la phase de s\u00e8che ou la th\u00e9rapie post-cycle (PCT).\" \/>\n<meta name=\"robots\" content=\"index, follow, max-snippet:-1, max-image-preview:large, max-video-preview:-1\" \/>\n<link rel=\"canonical\" href=\"https:\/\/iberoid-shop.com\/fr\/product\/pack3proviron\/\" \/>\n<meta property=\"og:locale\" content=\"fr_FR\" \/>\n<meta property=\"og:type\" content=\"article\" \/>\n<meta property=\"og:title\" content=\"Pack 3 - PROVIRON 25mg\" \/>\n<meta property=\"og:description\" content=\"Proviron am\u00e9liore la duret\u00e9 musculaire, stimule la libido et r\u00e9duit les effets secondaires \u0153strog\u00e9niques, id\u00e9al pour la phase de s\u00e8che ou la th\u00e9rapie post-cycle (PCT).\" \/>\n<meta property=\"og:url\" content=\"https:\/\/iberoid-shop.com\/fr\/product\/pack3proviron\/\" \/>\n<meta property=\"og:site_name\" content=\"(Espa\u00f1ol) Esteroides en l\u00ednea\" \/>\n<meta property=\"article:modified_time\" content=\"2026-03-29T15:56:32+00:00\" \/>\n<meta property=\"og:image\" content=\"https:\/\/iberoid-shop.com\/wp-content\/uploads\/2025\/04\/3provi-scaled.jpeg?v=1745650429\" \/>\n\t<meta property=\"og:image:width\" content=\"2130\" \/>\n\t<meta property=\"og:image:height\" content=\"2560\" \/>\n\t<meta property=\"og:image:type\" content=\"image\/jpeg\" \/>\n<meta name=\"twitter:card\" content=\"summary_large_image\" \/>\n<meta name=\"twitter:label1\" content=\"Prix\" \/>\n\t<meta name=\"twitter:data1\" content=\"&euro;50.00\" \/>\n\t<meta name=\"twitter:label2\" content=\"Disponibilit\u00e9\" \/>\n\t<meta name=\"twitter:data2\" content=\"En stock\" \/>\n<script type=\"application\/ld+json\" class=\"yoast-schema-graph\">{\"@context\":\"https:\\\/\\\/schema.org\",\"@graph\":[{\"@type\":\"WebPage\",\"@id\":\"https:\\\/\\\/iberoid-shop.com\\\/fr\\\/product\\\/pack3proviron\\\/\",\"url\":\"https:\\\/\\\/iberoid-shop.com\\\/fr\\\/product\\\/pack3proviron\\\/\",\"name\":\"Pack 3 - PROVIRON 25mg - (Espa\u00f1ol) Esteroides en l\u00ednea\",\"isPartOf\":{\"@id\":\"https:\\\/\\\/iberoid.com\\\/#website\"},\"primaryImageOfPage\":{\"@id\":\"https:\\\/\\\/iberoid-shop.com\\\/fr\\\/product\\\/pack3proviron\\\/#primaryimage\"},\"image\":{\"@id\":\"https:\\\/\\\/iberoid-shop.com\\\/fr\\\/product\\\/pack3proviron\\\/#primaryimage\"},\"thumbnailUrl\":\"https:\\\/\\\/iberoid-shop.com\\\/wp-content\\\/uploads\\\/2025\\\/04\\\/3provi-scaled.jpeg?v=1745650429\",\"datePublished\":\"2025-04-26T06:55:39+00:00\",\"dateModified\":\"2026-03-29T15:56:32+00:00\",\"description\":\"Proviron am\u00e9liore la duret\u00e9 musculaire, stimule la libido et r\u00e9duit les effets secondaires \u0153strog\u00e9niques, id\u00e9al pour la phase de s\u00e8che ou la th\u00e9rapie post-cycle (PCT).\",\"breadcrumb\":{\"@id\":\"https:\\\/\\\/iberoid-shop.com\\\/fr\\\/product\\\/pack3proviron\\\/#breadcrumb\"},\"inLanguage\":\"fr-FR\",\"potentialAction\":[{\"@type\":\"ReadAction\",\"target\":[[\"https:\\\/\\\/iberoid-shop.com\\\/fr\\\/product\\\/pack3proviron\\\/\"]]}]},{\"@type\":\"ImageObject\",\"inLanguage\":\"fr-FR\",\"@id\":\"https:\\\/\\\/iberoid-shop.com\\\/fr\\\/product\\\/pack3proviron\\\/#primaryimage\",\"url\":\"https:\\\/\\\/iberoid-shop.com\\\/wp-content\\\/uploads\\\/2025\\\/04\\\/3provi-scaled.jpeg?v=1745650429\",\"contentUrl\":\"https:\\\/\\\/iberoid-shop.com\\\/wp-content\\\/uploads\\\/2025\\\/04\\\/3provi-scaled.jpeg?v=1745650429\",\"width\":2130,\"height\":2560},{\"@type\":\"BreadcrumbList\",\"@id\":\"https:\\\/\\\/iberoid-shop.com\\\/fr\\\/product\\\/pack3proviron\\\/#breadcrumb\",\"itemListElement\":[{\"@type\":\"ListItem\",\"position\":1,\"name\":\"Portada\",\"item\":\"https:\\\/\\\/iberoid.com\\\/\"},{\"@type\":\"ListItem\",\"position\":2,\"name\":\"Magasin\",\"item\":\"https:\\\/\\\/iberoid-shop.com\\\/fr\\\/shop\\\/\"},{\"@type\":\"ListItem\",\"position\":3,\"name\":\"Pack 3 &#8211; PROVIRON 25mg\"}]},{\"@type\":\"WebSite\",\"@id\":\"https:\\\/\\\/iberoid.com\\\/#website\",\"url\":\"https:\\\/\\\/iberoid.com\\\/\",\"name\":\"(Espa\u00f1ol) Esteroides en l\u00ednea\",\"description\":\"(Espa\u00f1ol) Comprar esteroides en l\u00ednea hoy en Espa\u00f1a y Portugal. Tenemos el mejor servicio al cliente en la industria y los productos de la m\u00e1s alta calidad\",\"potentialAction\":[{\"@type\":\"SearchAction\",\"target\":{\"@type\":\"EntryPoint\",\"urlTemplate\":\"https:\\\/\\\/iberoid.com\\\/?s={search_term_string}\"},\"query-input\":{\"@type\":\"PropertyValueSpecification\",\"valueRequired\":true,\"valueName\":\"search_term_string\"}}],\"inLanguage\":\"fr-FR\"}]}<\/script>\n<meta property=\"product:brand\" content=\"Bayer\" \/>\n<meta property=\"product:price:amount\" content=\"50.00\" \/>\n<meta property=\"product:price:currency\" content=\"EUR\" \/>\n<meta property=\"og:availability\" content=\"instock\" \/>\n<meta property=\"product:availability\" content=\"instock\" \/>\n<meta property=\"product:condition\" content=\"new\" \/>\n<!-- \/ Yoast SEO Premium plugin. -->","yoast_head_json":{"title":"Pack 3 - PROVIRON 25mg - (Espa\u00f1ol) Esteroides en l\u00ednea","description":"Proviron am\u00e9liore la duret\u00e9 musculaire, stimule la libido et r\u00e9duit les effets secondaires \u0153strog\u00e9niques, id\u00e9al pour la phase de s\u00e8che ou la th\u00e9rapie post-cycle (PCT).","robots":{"index":"index","follow":"follow","max-snippet":"max-snippet:-1","max-image-preview":"max-image-preview:large","max-video-preview":"max-video-preview:-1"},"canonical":"https:\/\/iberoid-shop.com\/fr\/product\/pack3proviron\/","og_locale":"fr_FR","og_type":"article","og_title":"Pack 3 - PROVIRON 25mg","og_description":"Proviron am\u00e9liore la duret\u00e9 musculaire, stimule la libido et r\u00e9duit les effets secondaires \u0153strog\u00e9niques, id\u00e9al pour la phase de s\u00e8che ou la th\u00e9rapie post-cycle (PCT).","og_url":"https:\/\/iberoid-shop.com\/fr\/product\/pack3proviron\/","og_site_name":"(Espa\u00f1ol) Esteroides en l\u00ednea","article_modified_time":"2026-03-29T15:56:32+00:00","og_image":[{"width":2130,"height":2560,"url":"https:\/\/iberoid-shop.com\/wp-content\/uploads\/2025\/04\/3provi-scaled.jpeg?v=1745650429","type":"image\/jpeg"}],"twitter_card":"summary_large_image","twitter_misc":{"Prix":"&euro;50.00","Disponibilit\u00e9":"En stock"},"schema":{"@context":"https:\/\/schema.org","@graph":[{"@type":"WebPage","@id":"https:\/\/iberoid-shop.com\/fr\/product\/pack3proviron\/","url":"https:\/\/iberoid-shop.com\/fr\/product\/pack3proviron\/","name":"Pack 3 - PROVIRON 25mg - (Espa\u00f1ol) Esteroides en l\u00ednea","isPartOf":{"@id":"https:\/\/iberoid.com\/#website"},"primaryImageOfPage":{"@id":"https:\/\/iberoid-shop.com\/fr\/product\/pack3proviron\/#primaryimage"},"image":{"@id":"https:\/\/iberoid-shop.com\/fr\/product\/pack3proviron\/#primaryimage"},"thumbnailUrl":"https:\/\/iberoid-shop.com\/wp-content\/uploads\/2025\/04\/3provi-scaled.jpeg?v=1745650429","datePublished":"2025-04-26T06:55:39+00:00","dateModified":"2026-03-29T15:56:32+00:00","description":"Proviron am\u00e9liore la duret\u00e9 musculaire, stimule la libido et r\u00e9duit les effets secondaires \u0153strog\u00e9niques, id\u00e9al pour la phase de s\u00e8che ou la th\u00e9rapie post-cycle (PCT).","breadcrumb":{"@id":"https:\/\/iberoid-shop.com\/fr\/product\/pack3proviron\/#breadcrumb"},"inLanguage":"fr-FR","potentialAction":[{"@type":"ReadAction","target":[["https:\/\/iberoid-shop.com\/fr\/product\/pack3proviron\/"]]}]},{"@type":"ImageObject","inLanguage":"fr-FR","@id":"https:\/\/iberoid-shop.com\/fr\/product\/pack3proviron\/#primaryimage","url":"https:\/\/iberoid-shop.com\/wp-content\/uploads\/2025\/04\/3provi-scaled.jpeg?v=1745650429","contentUrl":"https:\/\/iberoid-shop.com\/wp-content\/uploads\/2025\/04\/3provi-scaled.jpeg?v=1745650429","width":2130,"height":2560},{"@type":"BreadcrumbList","@id":"https:\/\/iberoid-shop.com\/fr\/product\/pack3proviron\/#breadcrumb","itemListElement":[{"@type":"ListItem","position":1,"name":"Portada","item":"https:\/\/iberoid.com\/"},{"@type":"ListItem","position":2,"name":"Magasin","item":"https:\/\/iberoid-shop.com\/fr\/shop\/"},{"@type":"ListItem","position":3,"name":"Pack 3 &#8211; PROVIRON 25mg"}]},{"@type":"WebSite","@id":"https:\/\/iberoid.com\/#website","url":"https:\/\/iberoid.com\/","name":"(Espa\u00f1ol) Esteroides en l\u00ednea","description":"(Espa\u00f1ol) Comprar esteroides en l\u00ednea hoy en Espa\u00f1a y Portugal. Tenemos el mejor servicio al cliente en la industria y los productos de la m\u00e1s alta calidad","potentialAction":[{"@type":"SearchAction","target":{"@type":"EntryPoint","urlTemplate":"https:\/\/iberoid.com\/?s={search_term_string}"},"query-input":{"@type":"PropertyValueSpecification","valueRequired":true,"valueName":"search_term_string"}}],"inLanguage":"fr-FR"}]},"product_brand":"Bayer","product_price_amount":"50.00","product_price_currency":"EUR","og_availability":"instock","product_availability":"instock","product_condition":"new"},"_links":{"self":[{"href":"https:\/\/iberoid-shop.com\/fr\/wp-json\/wp\/v2\/product\/10035","targetHints":{"allow":["GET"]}}],"collection":[{"href":"https:\/\/iberoid-shop.com\/fr\/wp-json\/wp\/v2\/product"}],"about":[{"href":"https:\/\/iberoid-shop.com\/fr\/wp-json\/wp\/v2\/types\/product"}],"replies":[{"embeddable":true,"href":"https:\/\/iberoid-shop.com\/fr\/wp-json\/wp\/v2\/comments?post=10035"}],"wp:featuredmedia":[{"embeddable":true,"href":"https:\/\/iberoid-shop.com\/fr\/wp-json\/wp\/v2\/media\/10036"}],"wp:attachment":[{"href":"https:\/\/iberoid-shop.com\/fr\/wp-json\/wp\/v2\/media?parent=10035"}],"wp:term":[{"taxonomy":"product_brand","embeddable":true,"href":"https:\/\/iberoid-shop.com\/fr\/wp-json\/wp\/v2\/product_brand?post=10035"},{"taxonomy":"product_cat","embeddable":true,"href":"https:\/\/iberoid-shop.com\/fr\/wp-json\/wp\/v2\/product_cat?post=10035"},{"taxonomy":"product_tag","embeddable":true,"href":"https:\/\/iberoid-shop.com\/fr\/wp-json\/wp\/v2\/product_tag?post=10035"}],"curies":[{"name":"wp","href":"https:\/\/api.w.org\/{rel}","templated":true}]}}