{"id":10021,"date":"2025-04-15T18:22:59","date_gmt":"2025-04-15T18:22:59","guid":{"rendered":"https:\/\/iberoid-shop.com\/?post_type=product&#038;p=10021"},"modified":"2026-03-19T12:49:55","modified_gmt":"2026-03-19T12:49:55","slug":"anadrol-oxymetholon-100-tabs-50-mg","status":"publish","type":"product","link":"https:\/\/iberoid-shop.com\/fr\/product\/anadrol-oxymetholon-100-tabs-50-mg\/","title":{"rendered":"ANADROL 50 &#8211; OXYMETHOLON 100 tabs \/ 50 mg"},"content":{"rendered":"<p>L&rsquo;Anadrol 50 contient 50 mg d&rsquo;oxym\u00e9tholone comme principe actif par comprim\u00e9.<\/p>\n<p>L&#8217;emballage d&rsquo;Anadrol 50 contient 100 comprim\u00e9s.<\/p>\n<p>L&rsquo;oxym\u00e9tholone est un st\u00e9ro\u00efde anabolisant oral. Les st\u00e9ro\u00efdes anabolisants sont des d\u00e9riv\u00e9s synth\u00e9tiques de la testost\u00e9rone. L&rsquo;\u00e9quilibre azot\u00e9 est am\u00e9lior\u00e9 par les anabolisants, mais uniquement avec un apport calorique et prot\u00e9ique suffisant. L&rsquo;oxym\u00e9tholone augmente la production et l&rsquo;excr\u00e9tion urinaire d&rsquo;\u00e9rythropo\u00ef\u00e9tine chez les patients souffrant d&rsquo;an\u00e9mie due \u00e0 une insuffisance m\u00e9dullaire et stimule souvent l&rsquo;\u00e9rythropo\u00ef\u00e8se en cas d&rsquo;an\u00e9mie due \u00e0 une production insuffisante de globules rouges.<\/p>","protected":false},"excerpt":{"rendered":"<p>L&rsquo;Anadrol 50 contient 50 mg d&rsquo;oxym\u00e9tholone comme principe actif par comprim\u00e9. L&#8217;emballage d&rsquo;Anadrol 50 contient 100 comprim\u00e9s. L&rsquo;oxym\u00e9tholone est un<\/p>\n","protected":false},"featured_media":10022,"comment_status":"open","ping_status":"closed","template":"","meta":[],"product_brand":[],"product_cat":[73],"product_tag":[],"class_list":{"0":"post-10021","1":"product","2":"type-product","3":"status-publish","4":"has-post-thumbnail","6":"product_cat-ssteroides_orales","8":"first","9":"instock","10":"sale","11":"shipping-taxable","12":"purchasable","13":"product-type-simple"},"yoast_head":"<!-- This site is optimized with the Yoast SEO Premium plugin v24.4 (Yoast SEO v27.0) - https:\/\/yoast.com\/product\/yoast-seo-premium-wordpress\/ -->\n<title>ANADROL 50 - OXYMETHOLON 100 tabs \/ 50 mg - (Espa\u00f1ol) Esteroides en l\u00ednea<\/title>\n<meta name=\"description\" content=\"Anadrol 50 : 50mg d&#039;Oxym\u00e9tholone (st\u00e9ro\u00efde anabolisant oral) par comprim\u00e9. 100 comprim\u00e9s. D\u00e9riv\u00e9 de la testost\u00e9rone, favorise l&#039;\u00e9quilibre azot\u00e9 et la production de globules rouges.\" \/>\n<meta name=\"robots\" content=\"index, follow, max-snippet:-1, max-image-preview:large, max-video-preview:-1\" \/>\n<link rel=\"canonical\" href=\"https:\/\/iberoid-shop.com\/fr\/product\/anadrol-oxymetholon-100-tabs-50-mg\/\" \/>\n<meta property=\"og:locale\" content=\"fr_FR\" \/>\n<meta property=\"og:type\" content=\"article\" \/>\n<meta property=\"og:title\" content=\"ANADROL 50 - OXYMETHOLON 100 tabs \/ 50 mg\" \/>\n<meta property=\"og:description\" content=\"Anadrol 50 : 50mg d&#039;Oxym\u00e9tholone (st\u00e9ro\u00efde anabolisant oral) par comprim\u00e9. 100 comprim\u00e9s. D\u00e9riv\u00e9 de la testost\u00e9rone, favorise l&#039;\u00e9quilibre azot\u00e9 et la production de globules rouges.\" \/>\n<meta property=\"og:url\" content=\"https:\/\/iberoid-shop.com\/fr\/product\/anadrol-oxymetholon-100-tabs-50-mg\/\" \/>\n<meta property=\"og:site_name\" content=\"(Espa\u00f1ol) Esteroides en l\u00ednea\" \/>\n<meta property=\"article:modified_time\" content=\"2026-03-19T12:49:55+00:00\" \/>\n<meta property=\"og:image\" content=\"https:\/\/iberoid-shop.com\/wp-content\/uploads\/2025\/04\/anadrol.png?v=1744741326\" \/>\n\t<meta property=\"og:image:width\" content=\"1000\" \/>\n\t<meta property=\"og:image:height\" content=\"1000\" \/>\n\t<meta property=\"og:image:type\" content=\"image\/png\" \/>\n<meta name=\"twitter:card\" content=\"summary_large_image\" \/>\n<meta name=\"twitter:label1\" content=\"Prix\" \/>\n\t<meta name=\"twitter:data1\" content=\"&euro;40.00\" \/>\n\t<meta name=\"twitter:label2\" content=\"Disponibilit\u00e9\" \/>\n\t<meta name=\"twitter:data2\" content=\"En stock\" \/>\n<script type=\"application\/ld+json\" class=\"yoast-schema-graph\">{\"@context\":\"https:\/\/schema.org\",\"@graph\":[{\"@type\":\"WebPage\",\"@id\":\"https:\/\/iberoid-shop.com\/fr\/product\/anadrol-oxymetholon-100-tabs-50-mg\/\",\"url\":\"https:\/\/iberoid-shop.com\/fr\/product\/anadrol-oxymetholon-100-tabs-50-mg\/\",\"name\":\"ANADROL 50 - OXYMETHOLON 100 tabs \/ 50 mg - (Espa\u00f1ol) Esteroides en l\u00ednea\",\"isPartOf\":{\"@id\":\"https:\/\/iberoid-shop.com\/fr\/#website\"},\"primaryImageOfPage\":{\"@id\":\"https:\/\/iberoid-shop.com\/fr\/product\/anadrol-oxymetholon-100-tabs-50-mg\/#primaryimage\"},\"image\":{\"@id\":\"https:\/\/iberoid-shop.com\/fr\/product\/anadrol-oxymetholon-100-tabs-50-mg\/#primaryimage\"},\"thumbnailUrl\":\"https:\/\/iberoid-shop.com\/wp-content\/uploads\/2025\/04\/anadrol.png?v=1744741326\",\"datePublished\":\"2025-04-15T18:22:59+00:00\",\"dateModified\":\"2026-03-19T12:49:55+00:00\",\"description\":\"Anadrol 50 : 50mg d'Oxym\u00e9tholone (st\u00e9ro\u00efde anabolisant oral) par comprim\u00e9. 100 comprim\u00e9s. D\u00e9riv\u00e9 de la testost\u00e9rone, favorise l'\u00e9quilibre azot\u00e9 et la production de globules rouges.\",\"breadcrumb\":{\"@id\":\"https:\/\/iberoid-shop.com\/fr\/product\/anadrol-oxymetholon-100-tabs-50-mg\/#breadcrumb\"},\"inLanguage\":\"fr-FR\",\"potentialAction\":[{\"@type\":\"ReadAction\",\"target\":[[\"https:\/\/iberoid-shop.com\/fr\/product\/anadrol-oxymetholon-100-tabs-50-mg\/\"]]}]},{\"@type\":\"ImageObject\",\"inLanguage\":\"fr-FR\",\"@id\":\"https:\/\/iberoid-shop.com\/fr\/product\/anadrol-oxymetholon-100-tabs-50-mg\/#primaryimage\",\"url\":\"https:\/\/iberoid-shop.com\/wp-content\/uploads\/2025\/04\/anadrol.png?v=1744741326\",\"contentUrl\":\"https:\/\/iberoid-shop.com\/wp-content\/uploads\/2025\/04\/anadrol.png?v=1744741326\",\"width\":1000,\"height\":1000},{\"@type\":\"BreadcrumbList\",\"@id\":\"https:\/\/iberoid-shop.com\/fr\/product\/anadrol-oxymetholon-100-tabs-50-mg\/#breadcrumb\",\"itemListElement\":[{\"@type\":\"ListItem\",\"position\":1,\"name\":\"Portada\",\"item\":\"https:\/\/iberoid-shop.com\/fr\/\"},{\"@type\":\"ListItem\",\"position\":2,\"name\":\"Magasin\",\"item\":\"https:\/\/iberoid-shop.com\/fr\/shop\/\"},{\"@type\":\"ListItem\",\"position\":3,\"name\":\"ANADROL 50 &#8211; OXYMETHOLON 100 tabs \/ 50 mg\"}]},{\"@type\":\"WebSite\",\"@id\":\"https:\/\/iberoid-shop.com\/fr\/#website\",\"url\":\"https:\/\/iberoid-shop.com\/fr\/\",\"name\":\"(Espa\u00f1ol) Esteroides en l\u00ednea\",\"description\":\"(Espa\u00f1ol) Comprar esteroides en l\u00ednea hoy en Espa\u00f1a y Portugal. Tenemos el mejor servicio al cliente en la industria y los productos de la m\u00e1s alta calidad\",\"potentialAction\":[{\"@type\":\"SearchAction\",\"target\":{\"@type\":\"EntryPoint\",\"urlTemplate\":\"https:\/\/iberoid-shop.com\/fr\/?s={search_term_string}\"},\"query-input\":{\"@type\":\"PropertyValueSpecification\",\"valueRequired\":true,\"valueName\":\"search_term_string\"}}],\"inLanguage\":\"fr-FR\"}]}<\/script>\n<meta property=\"product:brand\" content=\"Omega Meds\" \/>\n<meta property=\"product:price:amount\" content=\"40.00\" \/>\n<meta property=\"product:price:currency\" content=\"EUR\" \/>\n<meta property=\"og:availability\" content=\"instock\" \/>\n<meta property=\"product:availability\" content=\"instock\" \/>\n<meta property=\"product:condition\" content=\"new\" \/>\n<!-- \/ Yoast SEO Premium plugin. -->","yoast_head_json":{"title":"ANADROL 50 - OXYMETHOLON 100 tabs \/ 50 mg - (Espa\u00f1ol) Esteroides en l\u00ednea","description":"Anadrol 50 : 50mg d'Oxym\u00e9tholone (st\u00e9ro\u00efde anabolisant oral) par comprim\u00e9. 100 comprim\u00e9s. D\u00e9riv\u00e9 de la testost\u00e9rone, favorise l'\u00e9quilibre azot\u00e9 et la production de globules rouges.","robots":{"index":"index","follow":"follow","max-snippet":"max-snippet:-1","max-image-preview":"max-image-preview:large","max-video-preview":"max-video-preview:-1"},"canonical":"https:\/\/iberoid-shop.com\/fr\/product\/anadrol-oxymetholon-100-tabs-50-mg\/","og_locale":"fr_FR","og_type":"article","og_title":"ANADROL 50 - OXYMETHOLON 100 tabs \/ 50 mg","og_description":"Anadrol 50 : 50mg d'Oxym\u00e9tholone (st\u00e9ro\u00efde anabolisant oral) par comprim\u00e9. 100 comprim\u00e9s. D\u00e9riv\u00e9 de la testost\u00e9rone, favorise l'\u00e9quilibre azot\u00e9 et la production de globules rouges.","og_url":"https:\/\/iberoid-shop.com\/fr\/product\/anadrol-oxymetholon-100-tabs-50-mg\/","og_site_name":"(Espa\u00f1ol) Esteroides en l\u00ednea","article_modified_time":"2026-03-19T12:49:55+00:00","og_image":[{"width":1000,"height":1000,"url":"https:\/\/iberoid-shop.com\/wp-content\/uploads\/2025\/04\/anadrol.png?v=1744741326","type":"image\/png"}],"twitter_card":"summary_large_image","twitter_misc":{"Prix":"&euro;40.00","Disponibilit\u00e9":"En stock"},"schema":{"@context":"https:\/\/schema.org","@graph":[{"@type":"WebPage","@id":"https:\/\/iberoid-shop.com\/fr\/product\/anadrol-oxymetholon-100-tabs-50-mg\/","url":"https:\/\/iberoid-shop.com\/fr\/product\/anadrol-oxymetholon-100-tabs-50-mg\/","name":"ANADROL 50 - OXYMETHOLON 100 tabs \/ 50 mg - (Espa\u00f1ol) Esteroides en l\u00ednea","isPartOf":{"@id":"https:\/\/iberoid-shop.com\/fr\/#website"},"primaryImageOfPage":{"@id":"https:\/\/iberoid-shop.com\/fr\/product\/anadrol-oxymetholon-100-tabs-50-mg\/#primaryimage"},"image":{"@id":"https:\/\/iberoid-shop.com\/fr\/product\/anadrol-oxymetholon-100-tabs-50-mg\/#primaryimage"},"thumbnailUrl":"https:\/\/iberoid-shop.com\/wp-content\/uploads\/2025\/04\/anadrol.png?v=1744741326","datePublished":"2025-04-15T18:22:59+00:00","dateModified":"2026-03-19T12:49:55+00:00","description":"Anadrol 50 : 50mg d'Oxym\u00e9tholone (st\u00e9ro\u00efde anabolisant oral) par comprim\u00e9. 100 comprim\u00e9s. D\u00e9riv\u00e9 de la testost\u00e9rone, favorise l'\u00e9quilibre azot\u00e9 et la production de globules rouges.","breadcrumb":{"@id":"https:\/\/iberoid-shop.com\/fr\/product\/anadrol-oxymetholon-100-tabs-50-mg\/#breadcrumb"},"inLanguage":"fr-FR","potentialAction":[{"@type":"ReadAction","target":[["https:\/\/iberoid-shop.com\/fr\/product\/anadrol-oxymetholon-100-tabs-50-mg\/"]]}]},{"@type":"ImageObject","inLanguage":"fr-FR","@id":"https:\/\/iberoid-shop.com\/fr\/product\/anadrol-oxymetholon-100-tabs-50-mg\/#primaryimage","url":"https:\/\/iberoid-shop.com\/wp-content\/uploads\/2025\/04\/anadrol.png?v=1744741326","contentUrl":"https:\/\/iberoid-shop.com\/wp-content\/uploads\/2025\/04\/anadrol.png?v=1744741326","width":1000,"height":1000},{"@type":"BreadcrumbList","@id":"https:\/\/iberoid-shop.com\/fr\/product\/anadrol-oxymetholon-100-tabs-50-mg\/#breadcrumb","itemListElement":[{"@type":"ListItem","position":1,"name":"Portada","item":"https:\/\/iberoid-shop.com\/fr\/"},{"@type":"ListItem","position":2,"name":"Magasin","item":"https:\/\/iberoid-shop.com\/fr\/shop\/"},{"@type":"ListItem","position":3,"name":"ANADROL 50 &#8211; OXYMETHOLON 100 tabs \/ 50 mg"}]},{"@type":"WebSite","@id":"https:\/\/iberoid-shop.com\/fr\/#website","url":"https:\/\/iberoid-shop.com\/fr\/","name":"(Espa\u00f1ol) Esteroides en l\u00ednea","description":"(Espa\u00f1ol) Comprar esteroides en l\u00ednea hoy en Espa\u00f1a y Portugal. Tenemos el mejor servicio al cliente en la industria y los productos de la m\u00e1s alta calidad","potentialAction":[{"@type":"SearchAction","target":{"@type":"EntryPoint","urlTemplate":"https:\/\/iberoid-shop.com\/fr\/?s={search_term_string}"},"query-input":{"@type":"PropertyValueSpecification","valueRequired":true,"valueName":"search_term_string"}}],"inLanguage":"fr-FR"}]},"product_brand":"Omega Meds","product_price_amount":"40.00","product_price_currency":"EUR","og_availability":"instock","product_availability":"instock","product_condition":"new"},"_links":{"self":[{"href":"https:\/\/iberoid-shop.com\/fr\/wp-json\/wp\/v2\/product\/10021","targetHints":{"allow":["GET"]}}],"collection":[{"href":"https:\/\/iberoid-shop.com\/fr\/wp-json\/wp\/v2\/product"}],"about":[{"href":"https:\/\/iberoid-shop.com\/fr\/wp-json\/wp\/v2\/types\/product"}],"replies":[{"embeddable":true,"href":"https:\/\/iberoid-shop.com\/fr\/wp-json\/wp\/v2\/comments?post=10021"}],"wp:featuredmedia":[{"embeddable":true,"href":"https:\/\/iberoid-shop.com\/fr\/wp-json\/wp\/v2\/media\/10022"}],"wp:attachment":[{"href":"https:\/\/iberoid-shop.com\/fr\/wp-json\/wp\/v2\/media?parent=10021"}],"wp:term":[{"taxonomy":"product_brand","embeddable":true,"href":"https:\/\/iberoid-shop.com\/fr\/wp-json\/wp\/v2\/product_brand?post=10021"},{"taxonomy":"product_cat","embeddable":true,"href":"https:\/\/iberoid-shop.com\/fr\/wp-json\/wp\/v2\/product_cat?post=10021"},{"taxonomy":"product_tag","embeddable":true,"href":"https:\/\/iberoid-shop.com\/fr\/wp-json\/wp\/v2\/product_tag?post=10021"}],"curies":[{"name":"wp","href":"https:\/\/api.w.org\/{rel}","templated":true}]}}