{"id":10005,"date":"2025-04-05T18:19:01","date_gmt":"2025-04-05T18:19:01","guid":{"rendered":"https:\/\/iberoid-shop.com\/?post_type=product&#038;p=10005"},"modified":"2026-02-02T17:20:40","modified_gmt":"2026-02-02T17:20:40","slug":"durabolin100-biolabs","status":"publish","type":"product","link":"https:\/\/iberoid-shop.com\/fr\/product\/durabolin100-biolabs\/","title":{"rendered":"DURABOLIN 100"},"content":{"rendered":"<p><\/p>\n<p class=\"\" data-start=\"0\" data-end=\"415\">L&rsquo;injection de Deca Durabolin est un st\u00e9ro\u00efde anabolisant populaire utilis\u00e9 dans le traitement de l&rsquo;ost\u00e9oporose post-m\u00e9nopausique et de l&rsquo;an\u00e9mie, pour le gain et le renforcement musculaires, la production de globules rouges, la r\u00e9cup\u00e9ration musculaire et la sant\u00e9 des articulations. Elle est g\u00e9n\u00e9ralement administr\u00e9e par injection et est largement utilis\u00e9e \u00e0 la fois en musculation et dans les traitements m\u00e9dicaux.<\/p>\n<p class=\"\" data-start=\"417\" data-end=\"621\">Ce m\u00e9dicament peut \u00eatre inject\u00e9 sans tenir compte des repas ou des boissons. Ne recevez pas l&rsquo;injection de Deca Durabolin si vous \u00eates enceinte, pensez que vous pourriez \u00eatre enceinte ou si vous allaitez.<\/p>\n<p class=\"\" data-start=\"623\" data-end=\"1018\">Les effets secondaires les plus courants de la Nandrolone sont des r\u00e9actions locales au site d&rsquo;injection, de l&rsquo;acn\u00e9 et une peau grasse, une augmentation des poils corporels, une augmentation du d\u00e9sir sexuel, des changements dans les lipides sanguins, un agrandissement du clitoris, des naus\u00e9es, des vomissements, des irr\u00e9gularit\u00e9s menstruelles, une augmentation des seins et une r\u00e9tention d&rsquo;eau.<\/p>\n<p class=\"\" data-start=\"1020\" data-end=\"1071\">UTILISATIONS DE L&rsquo;INJECTION DE DECA DURABOLIN 100MG<\/p>\n<p class=\"\" data-start=\"1073\" data-end=\"1155\">L&rsquo;injection de Deca Durabolin est utilis\u00e9e pour traiter les conditions suivantes :<\/p>\n<ul data-start=\"1157\" data-end=\"1330\">\n<li class=\"\" data-start=\"1157\" data-end=\"1188\">\n<p class=\"\" data-start=\"1159\" data-end=\"1188\">Ost\u00e9oporose post-m\u00e9nopausique<\/p>\n<\/li>\n<li class=\"\" data-start=\"1189\" data-end=\"1197\">\n<p class=\"\" data-start=\"1191\" data-end=\"1197\">An\u00e9mie<\/p>\n<\/li>\n<li class=\"\" data-start=\"1198\" data-end=\"1245\">\n<p class=\"\" data-start=\"1200\" data-end=\"1245\">Gain musculaire et propri\u00e9t\u00e9s de renforcement<\/p>\n<\/li>\n<li class=\"\" data-start=\"1246\" data-end=\"1277\">\n<p class=\"\" data-start=\"1248\" data-end=\"1277\">Production de globules rouges<\/p>\n<\/li>\n<li class=\"\" data-start=\"1278\" data-end=\"1330\">\n<p class=\"\" data-start=\"1280\" data-end=\"1330\">R\u00e9cup\u00e9ration musculaire et sant\u00e9 des articulations<\/p>\n<\/li>\n<\/ul>\n<p class=\"\" data-start=\"1332\" data-end=\"1376\">Bienfaits de l&rsquo;injection de Deca Durabolin :<\/p>\n<ul data-start=\"1377\" data-end=\"2320\">\n<li class=\"\" data-start=\"1377\" data-end=\"1599\">\n<p class=\"\" data-start=\"1379\" data-end=\"1599\">Favorise la croissance musculaire et la force : Deca Durabolin (Nandrolone) stimule la synth\u00e8se des prot\u00e9ines, am\u00e9liore la r\u00e9tention d&rsquo;azote et r\u00e9duit le cortisol, ce qui aide \u00e0 augmenter la masse musculaire et la force.<\/p>\n<\/li>\n<li class=\"\" data-start=\"1600\" data-end=\"1819\">\n<p class=\"\" data-start=\"1602\" data-end=\"1819\">Am\u00e9liore la production de globules rouges : Stimule l&rsquo;\u00e9rythropo\u00ef\u00e8se, augmentant les niveaux de globules rouges et am\u00e9liorant la livraison d&rsquo;oxyg\u00e8ne, ce qui entra\u00eene une meilleure endurance et des performances accrues.<\/p>\n<\/li>\n<li class=\"\" data-start=\"1820\" data-end=\"2064\">\n<p class=\"\" data-start=\"1822\" data-end=\"2064\">Soutient la sant\u00e9 des articulations : Augmente la r\u00e9tention de liquide synovial, r\u00e9duit la douleur articulaire et am\u00e9liore la fonction des articulations, ce qui est b\u00e9n\u00e9fique pour les athl\u00e8tes et les culturistes lors d&rsquo;entra\u00eenements intenses.<\/p>\n<\/li>\n<li class=\"\" data-start=\"2065\" data-end=\"2320\">\n<p class=\"\" data-start=\"2067\" data-end=\"2320\">G\u00e8re l&rsquo;ost\u00e9oporose post-m\u00e9nopausique et l&rsquo;an\u00e9mie : Am\u00e9liore la densit\u00e9 osseuse, stimule la synth\u00e8se du collag\u00e8ne et aide \u00e0 la production de globules rouges, ce qui permet de g\u00e9rer l&rsquo;ost\u00e9oporose et l&rsquo;an\u00e9mie, en particulier dans les conditions chroniques.<\/p>\n<\/li>\n<\/ul>\n<p class=\"\" data-start=\"2322\" data-end=\"2376\">COMMENT FONCTIONNE L&rsquo;INJECTION DE DECA DURABOLIN 100MG<\/p>\n<p class=\"\" data-start=\"2378\" data-end=\"3007\">L&rsquo;INJECTION DE DECA DURABOLIN 100MG contient un m\u00e9dicament appel\u00e9 Nandrolone, qui est un st\u00e9ro\u00efde anabolisant favorisant la croissance musculaire et am\u00e9liorant la sant\u00e9 g\u00e9n\u00e9rale en augmentant la synth\u00e8se des prot\u00e9ines, ce qui aide \u00e0 la r\u00e9paration et \u00e0 la croissance musculaire. Il aide \u00e9galement \u00e0 retenir l&rsquo;azote dans le corps, maintenant un \u00e9quilibre positif de l&rsquo;azote, essentiel pour la construction musculaire et pour \u00e9viter la d\u00e9gradation musculaire. De plus, la Nandrolone stimule la production de globules rouges, am\u00e9liorant la livraison d&rsquo;oxyg\u00e8ne aux muscles, ce qui augmente l&rsquo;endurance et les performances athl\u00e9tiques.<\/p>\n<p class=\"\" data-start=\"3009\" data-end=\"3552\">En plus des bienfaits musculaires, la Nandrolone contribue \u00e0 une meilleure sant\u00e9 osseuse en augmentant la densit\u00e9 min\u00e9rale osseuse et en stimulant la synth\u00e8se du collag\u00e8ne, ce qui peut aider \u00e0 g\u00e9rer l&rsquo;ost\u00e9oporose. Elle soutient \u00e9galement la sant\u00e9 des articulations en augmentant la r\u00e9tention de liquide synovial, en r\u00e9duisant la douleur articulaire et en am\u00e9liorant la mobilit\u00e9, ce qui est b\u00e9n\u00e9fique pour les athl\u00e8tes et les culturistes. La Nandrolone doit \u00eatre utilis\u00e9e sous supervision m\u00e9dicale pour \u00e9viter les effets secondaires potentiels.<\/p>\n<p><\/p>","protected":false},"excerpt":{"rendered":"<p>L&rsquo;injection de Deca Durabolin est un st\u00e9ro\u00efde anabolisant populaire utilis\u00e9 dans le traitement de l&rsquo;ost\u00e9oporose post-m\u00e9nopausique et de l&rsquo;an\u00e9mie, pour<\/p>\n","protected":false},"featured_media":10006,"comment_status":"open","ping_status":"closed","template":"","meta":[],"product_brand":[],"product_cat":[69],"product_tag":[],"class_list":{"0":"post-10005","1":"product","2":"type-product","3":"status-publish","4":"has-post-thumbnail","6":"product_cat-esteroides_inyectables","8":"first","9":"outofstock","10":"sale","11":"shipping-taxable","12":"purchasable","13":"product-type-simple"},"yoast_head":"<!-- This site is optimized with the Yoast SEO Premium plugin v24.4 (Yoast SEO v27.0) - https:\/\/yoast.com\/product\/yoast-seo-premium-wordpress\/ -->\n<title>DURABOLIN 100 - (Espa\u00f1ol) Esteroides en l\u00ednea<\/title>\n<meta name=\"description\" content=\"Deca Durabolin : Injection de Nandrolone pour gain musculaire, force, production de globules rouges, sant\u00e9 articulaire, ost\u00e9oporose et an\u00e9mie. Des effets secondaires courants peuvent survenir.\" \/>\n<meta name=\"robots\" content=\"index, follow, max-snippet:-1, max-image-preview:large, max-video-preview:-1\" \/>\n<link rel=\"canonical\" href=\"https:\/\/iberoid-shop.com\/fr\/product\/durabolin100-biolabs\/\" \/>\n<meta property=\"og:locale\" content=\"fr_FR\" \/>\n<meta property=\"og:type\" content=\"article\" \/>\n<meta property=\"og:title\" content=\"DURABOLIN 100\" \/>\n<meta property=\"og:description\" content=\"Deca Durabolin : Injection de Nandrolone pour gain musculaire, force, production de globules rouges, sant\u00e9 articulaire, ost\u00e9oporose et an\u00e9mie. Des effets secondaires courants peuvent survenir.\" \/>\n<meta property=\"og:url\" content=\"https:\/\/iberoid-shop.com\/fr\/product\/durabolin100-biolabs\/\" \/>\n<meta property=\"og:site_name\" content=\"(Espa\u00f1ol) Esteroides en l\u00ednea\" \/>\n<meta property=\"article:modified_time\" content=\"2026-02-02T17:20:40+00:00\" \/>\n<meta property=\"og:image\" content=\"https:\/\/iberoid-shop.com\/wp-content\/uploads\/2025\/04\/durabolin-100-vials-12-1.png?v=1743876890\" \/>\n\t<meta property=\"og:image:width\" content=\"1080\" \/>\n\t<meta property=\"og:image:height\" content=\"608\" \/>\n\t<meta property=\"og:image:type\" content=\"image\/png\" \/>\n<meta name=\"twitter:card\" content=\"summary_large_image\" \/>\n<meta name=\"twitter:label1\" content=\"Prix\" \/>\n\t<meta name=\"twitter:data1\" content=\"&euro;25.00\" \/>\n\t<meta name=\"twitter:label2\" content=\"Disponibilit\u00e9\" \/>\n\t<meta name=\"twitter:data2\" content=\"Rupture de stock\" \/>\n<script type=\"application\/ld+json\" class=\"yoast-schema-graph\">{\"@context\":\"https:\/\/schema.org\",\"@graph\":[{\"@type\":\"WebPage\",\"@id\":\"https:\/\/iberoid-shop.com\/fr\/product\/durabolin100-biolabs\/\",\"url\":\"https:\/\/iberoid-shop.com\/fr\/product\/durabolin100-biolabs\/\",\"name\":\"DURABOLIN 100 - (Espa\u00f1ol) Esteroides en l\u00ednea\",\"isPartOf\":{\"@id\":\"https:\/\/iberoid-shop.com\/fr\/#website\"},\"primaryImageOfPage\":{\"@id\":\"https:\/\/iberoid-shop.com\/fr\/product\/durabolin100-biolabs\/#primaryimage\"},\"image\":{\"@id\":\"https:\/\/iberoid-shop.com\/fr\/product\/durabolin100-biolabs\/#primaryimage\"},\"thumbnailUrl\":\"https:\/\/iberoid-shop.com\/wp-content\/uploads\/2025\/04\/durabolin-100-vials-12-1.png?v=1743876890\",\"datePublished\":\"2025-04-05T18:19:01+00:00\",\"dateModified\":\"2026-02-02T17:20:40+00:00\",\"description\":\"Deca Durabolin : Injection de Nandrolone pour gain musculaire, force, production de globules rouges, sant\u00e9 articulaire, ost\u00e9oporose et an\u00e9mie. Des effets secondaires courants peuvent survenir.\",\"breadcrumb\":{\"@id\":\"https:\/\/iberoid-shop.com\/fr\/product\/durabolin100-biolabs\/#breadcrumb\"},\"inLanguage\":\"fr-FR\",\"potentialAction\":[{\"@type\":\"ReadAction\",\"target\":[[\"https:\/\/iberoid-shop.com\/fr\/product\/durabolin100-biolabs\/\"]]}]},{\"@type\":\"ImageObject\",\"inLanguage\":\"fr-FR\",\"@id\":\"https:\/\/iberoid-shop.com\/fr\/product\/durabolin100-biolabs\/#primaryimage\",\"url\":\"https:\/\/iberoid-shop.com\/wp-content\/uploads\/2025\/04\/durabolin-100-vials-12-1.png?v=1743876890\",\"contentUrl\":\"https:\/\/iberoid-shop.com\/wp-content\/uploads\/2025\/04\/durabolin-100-vials-12-1.png?v=1743876890\",\"width\":1080,\"height\":608},{\"@type\":\"BreadcrumbList\",\"@id\":\"https:\/\/iberoid-shop.com\/fr\/product\/durabolin100-biolabs\/#breadcrumb\",\"itemListElement\":[{\"@type\":\"ListItem\",\"position\":1,\"name\":\"Portada\",\"item\":\"https:\/\/iberoid-shop.com\/fr\/\"},{\"@type\":\"ListItem\",\"position\":2,\"name\":\"Magasin\",\"item\":\"https:\/\/iberoid-shop.com\/fr\/shop\/\"},{\"@type\":\"ListItem\",\"position\":3,\"name\":\"DURABOLIN 100\"}]},{\"@type\":\"WebSite\",\"@id\":\"https:\/\/iberoid-shop.com\/fr\/#website\",\"url\":\"https:\/\/iberoid-shop.com\/fr\/\",\"name\":\"(Espa\u00f1ol) Esteroides en l\u00ednea\",\"description\":\"(Espa\u00f1ol) Comprar esteroides en l\u00ednea hoy en Espa\u00f1a y Portugal. Tenemos el mejor servicio al cliente en la industria y los productos de la m\u00e1s alta calidad\",\"potentialAction\":[{\"@type\":\"SearchAction\",\"target\":{\"@type\":\"EntryPoint\",\"urlTemplate\":\"https:\/\/iberoid-shop.com\/fr\/?s={search_term_string}\"},\"query-input\":{\"@type\":\"PropertyValueSpecification\",\"valueRequired\":true,\"valueName\":\"search_term_string\"}}],\"inLanguage\":\"fr-FR\"}]}<\/script>\n<meta property=\"product:brand\" content=\"Canada Biotech Peptides\" \/>\n<meta property=\"product:price:amount\" content=\"25.00\" \/>\n<meta property=\"product:price:currency\" content=\"EUR\" \/>\n<meta property=\"og:availability\" content=\"out of stock\" \/>\n<meta property=\"product:availability\" content=\"out of stock\" \/>\n<meta property=\"product:condition\" content=\"new\" \/>\n<!-- \/ Yoast SEO Premium plugin. -->","yoast_head_json":{"title":"DURABOLIN 100 - (Espa\u00f1ol) Esteroides en l\u00ednea","description":"Deca Durabolin : Injection de Nandrolone pour gain musculaire, force, production de globules rouges, sant\u00e9 articulaire, ost\u00e9oporose et an\u00e9mie. Des effets secondaires courants peuvent survenir.","robots":{"index":"index","follow":"follow","max-snippet":"max-snippet:-1","max-image-preview":"max-image-preview:large","max-video-preview":"max-video-preview:-1"},"canonical":"https:\/\/iberoid-shop.com\/fr\/product\/durabolin100-biolabs\/","og_locale":"fr_FR","og_type":"article","og_title":"DURABOLIN 100","og_description":"Deca Durabolin : Injection de Nandrolone pour gain musculaire, force, production de globules rouges, sant\u00e9 articulaire, ost\u00e9oporose et an\u00e9mie. Des effets secondaires courants peuvent survenir.","og_url":"https:\/\/iberoid-shop.com\/fr\/product\/durabolin100-biolabs\/","og_site_name":"(Espa\u00f1ol) Esteroides en l\u00ednea","article_modified_time":"2026-02-02T17:20:40+00:00","og_image":[{"width":1080,"height":608,"url":"https:\/\/iberoid-shop.com\/wp-content\/uploads\/2025\/04\/durabolin-100-vials-12-1.png?v=1743876890","type":"image\/png"}],"twitter_card":"summary_large_image","twitter_misc":{"Prix":"&euro;25.00","Disponibilit\u00e9":"Rupture de stock"},"schema":{"@context":"https:\/\/schema.org","@graph":[{"@type":"WebPage","@id":"https:\/\/iberoid-shop.com\/fr\/product\/durabolin100-biolabs\/","url":"https:\/\/iberoid-shop.com\/fr\/product\/durabolin100-biolabs\/","name":"DURABOLIN 100 - (Espa\u00f1ol) Esteroides en l\u00ednea","isPartOf":{"@id":"https:\/\/iberoid-shop.com\/fr\/#website"},"primaryImageOfPage":{"@id":"https:\/\/iberoid-shop.com\/fr\/product\/durabolin100-biolabs\/#primaryimage"},"image":{"@id":"https:\/\/iberoid-shop.com\/fr\/product\/durabolin100-biolabs\/#primaryimage"},"thumbnailUrl":"https:\/\/iberoid-shop.com\/wp-content\/uploads\/2025\/04\/durabolin-100-vials-12-1.png?v=1743876890","datePublished":"2025-04-05T18:19:01+00:00","dateModified":"2026-02-02T17:20:40+00:00","description":"Deca Durabolin : Injection de Nandrolone pour gain musculaire, force, production de globules rouges, sant\u00e9 articulaire, ost\u00e9oporose et an\u00e9mie. Des effets secondaires courants peuvent survenir.","breadcrumb":{"@id":"https:\/\/iberoid-shop.com\/fr\/product\/durabolin100-biolabs\/#breadcrumb"},"inLanguage":"fr-FR","potentialAction":[{"@type":"ReadAction","target":[["https:\/\/iberoid-shop.com\/fr\/product\/durabolin100-biolabs\/"]]}]},{"@type":"ImageObject","inLanguage":"fr-FR","@id":"https:\/\/iberoid-shop.com\/fr\/product\/durabolin100-biolabs\/#primaryimage","url":"https:\/\/iberoid-shop.com\/wp-content\/uploads\/2025\/04\/durabolin-100-vials-12-1.png?v=1743876890","contentUrl":"https:\/\/iberoid-shop.com\/wp-content\/uploads\/2025\/04\/durabolin-100-vials-12-1.png?v=1743876890","width":1080,"height":608},{"@type":"BreadcrumbList","@id":"https:\/\/iberoid-shop.com\/fr\/product\/durabolin100-biolabs\/#breadcrumb","itemListElement":[{"@type":"ListItem","position":1,"name":"Portada","item":"https:\/\/iberoid-shop.com\/fr\/"},{"@type":"ListItem","position":2,"name":"Magasin","item":"https:\/\/iberoid-shop.com\/fr\/shop\/"},{"@type":"ListItem","position":3,"name":"DURABOLIN 100"}]},{"@type":"WebSite","@id":"https:\/\/iberoid-shop.com\/fr\/#website","url":"https:\/\/iberoid-shop.com\/fr\/","name":"(Espa\u00f1ol) Esteroides en l\u00ednea","description":"(Espa\u00f1ol) Comprar esteroides en l\u00ednea hoy en Espa\u00f1a y Portugal. Tenemos el mejor servicio al cliente en la industria y los productos de la m\u00e1s alta calidad","potentialAction":[{"@type":"SearchAction","target":{"@type":"EntryPoint","urlTemplate":"https:\/\/iberoid-shop.com\/fr\/?s={search_term_string}"},"query-input":{"@type":"PropertyValueSpecification","valueRequired":true,"valueName":"search_term_string"}}],"inLanguage":"fr-FR"}]},"product_brand":"Canada Biotech Peptides","product_price_amount":"25.00","product_price_currency":"EUR","og_availability":"out of stock","product_availability":"out of stock","product_condition":"new"},"_links":{"self":[{"href":"https:\/\/iberoid-shop.com\/fr\/wp-json\/wp\/v2\/product\/10005","targetHints":{"allow":["GET"]}}],"collection":[{"href":"https:\/\/iberoid-shop.com\/fr\/wp-json\/wp\/v2\/product"}],"about":[{"href":"https:\/\/iberoid-shop.com\/fr\/wp-json\/wp\/v2\/types\/product"}],"replies":[{"embeddable":true,"href":"https:\/\/iberoid-shop.com\/fr\/wp-json\/wp\/v2\/comments?post=10005"}],"wp:featuredmedia":[{"embeddable":true,"href":"https:\/\/iberoid-shop.com\/fr\/wp-json\/wp\/v2\/media\/10006"}],"wp:attachment":[{"href":"https:\/\/iberoid-shop.com\/fr\/wp-json\/wp\/v2\/media?parent=10005"}],"wp:term":[{"taxonomy":"product_brand","embeddable":true,"href":"https:\/\/iberoid-shop.com\/fr\/wp-json\/wp\/v2\/product_brand?post=10005"},{"taxonomy":"product_cat","embeddable":true,"href":"https:\/\/iberoid-shop.com\/fr\/wp-json\/wp\/v2\/product_cat?post=10005"},{"taxonomy":"product_tag","embeddable":true,"href":"https:\/\/iberoid-shop.com\/fr\/wp-json\/wp\/v2\/product_tag?post=10005"}],"curies":[{"name":"wp","href":"https:\/\/api.w.org\/{rel}","templated":true}]}}