{"id":10003,"date":"2025-04-05T18:10:42","date_gmt":"2025-04-05T18:10:42","guid":{"rendered":"https:\/\/iberoid-shop.com\/?post_type=product&#038;p=10003"},"modified":"2025-09-14T18:08:48","modified_gmt":"2025-09-14T18:08:48","slug":"ment-50-trestolone-acetate-bio-labs","status":"publish","type":"product","link":"https:\/\/iberoid-shop.com\/fr\/product\/ment-50-trestolone-acetate-bio-labs\/","title":{"rendered":"MENT 50 &#8211; TRESTOLONE ACETATE"},"content":{"rendered":"<p><\/p>\n<p class=\"\" data-start=\"0\" data-end=\"423\">Trestolone Ac\u00e9tate, \u00e9galement connu sous le nom de MENT (M\u00e9thylnortestost\u00e9rone), est un st\u00e9ro\u00efde anabolisant puissant populaire parmi les culturistes et les athl\u00e8tes cherchant \u00e0 augmenter leur masse musculaire et leurs performances athl\u00e9tiques. Le MENT est un d\u00e9riv\u00e9 synth\u00e9tique de la nandrolone et de la testost\u00e9rone, con\u00e7u pour imiter leurs effets anaboliques tout en att\u00e9nuant certaines de leurs propri\u00e9t\u00e9s ind\u00e9sirables.<\/p>\n<p class=\"\" data-start=\"425\" data-end=\"436\">Avantages :<\/p>\n<ol data-start=\"437\" data-end=\"1078\">\n<li class=\"\" data-start=\"437\" data-end=\"695\">\n<p class=\"\" data-start=\"440\" data-end=\"695\">Croissance musculaire am\u00e9lior\u00e9e : Gr\u00e2ce \u00e0 ses puissantes propri\u00e9t\u00e9s anaboliques, le Trestolone Ac\u00e9tate favorise une croissance musculaire rapide en stimulant la synth\u00e8se des prot\u00e9ines, ce qui entra\u00eene une plus grande force et une silhouette plus sculpt\u00e9e.<\/p>\n<\/li>\n<li class=\"\" data-start=\"696\" data-end=\"913\">\n<p class=\"\" data-start=\"699\" data-end=\"913\">R\u00e9cup\u00e9ration plus rapide : Le MENT acc\u00e9l\u00e8re le temps de r\u00e9cup\u00e9ration, permettant aux utilisateurs de s&rsquo;entra\u00eener plus intens\u00e9ment et plus fr\u00e9quemment, ce qui peut contribuer \u00e0 des progr\u00e8s et performances acc\u00e9l\u00e9r\u00e9s.<\/p>\n<\/li>\n<li class=\"\" data-start=\"914\" data-end=\"1078\">\n<p class=\"\" data-start=\"917\" data-end=\"1078\">Augmentation de la libido : Le Trestolone Ac\u00e9tate a montr\u00e9 qu&rsquo;il am\u00e9liore la libido chez les hommes, gr\u00e2ce \u00e0 son effet stimulant sur les niveaux de testost\u00e9rone.<\/p>\n<\/li>\n<\/ol>\n<p class=\"\" data-start=\"1080\" data-end=\"1095\">Inconv\u00e9nients :<\/p>\n<ol data-start=\"1096\" data-end=\"1797\">\n<li class=\"\" data-start=\"1096\" data-end=\"1354\">\n<p class=\"\" data-start=\"1099\" data-end=\"1354\">Statut l\u00e9gal : L&rsquo;utilisation de Trestolone Ac\u00e9tate est interdite dans de nombreux sports en raison de sa classification comme substance am\u00e9liorant les performances. De plus, il peut \u00eatre ill\u00e9gal d&rsquo;acheter et de poss\u00e9der sans ordonnance dans certains pays.<\/p>\n<\/li>\n<li class=\"\" data-start=\"1355\" data-end=\"1603\">\n<p class=\"\" data-start=\"1358\" data-end=\"1603\">Effets secondaires : Comme tous les st\u00e9ro\u00efdes anabolisants, le MENT pr\u00e9sente un risque d&rsquo;effets secondaires. Ceux-ci peuvent inclure de l&rsquo;acn\u00e9, de la perte de cheveux et une augmentation de l&rsquo;agressivit\u00e9, parmi d&rsquo;autres effets (voir ci-dessous).<\/p>\n<\/li>\n<li class=\"\" data-start=\"1604\" data-end=\"1797\">\n<p class=\"\" data-start=\"1607\" data-end=\"1797\">D\u00e9pendance : Une utilisation prolong\u00e9e du Trestolone Ac\u00e9tate peut entra\u00eener une d\u00e9pendance ou une accoutumance, avec des sympt\u00f4mes de sevrage apparaissant lors de l&rsquo;arr\u00eat de son utilisation.<\/p>\n<\/li>\n<\/ol>\n<p class=\"\" data-start=\"1799\" data-end=\"2024\">Application : Le Trestolone Ac\u00e9tate est g\u00e9n\u00e9ralement administr\u00e9 par injections intramusculaires. Il est souvent empil\u00e9 avec d&rsquo;autres st\u00e9ro\u00efdes anabolisants, comme la testost\u00e9rone ou la nandrolone, pour des r\u00e9sultats optimaux.<\/p>\n<p class=\"\" data-start=\"2026\" data-end=\"2258\">Effets secondaires : Bien que le MENT soit consid\u00e9r\u00e9 comme ayant un profil d&rsquo;effets secondaires plus favorable par rapport \u00e0 d&rsquo;autres st\u00e9ro\u00efdes anabolisants, les utilisateurs peuvent encore \u00e9prouver des effets secondaires tels que :<\/p>\n<ol data-start=\"2259\" data-end=\"2717\">\n<li class=\"\" data-start=\"2259\" data-end=\"2375\">\n<p class=\"\" data-start=\"2262\" data-end=\"2375\">Effets \u0153strog\u00e9niques, comme la r\u00e9tention d&rsquo;eau et la gyn\u00e9comastie (croissance du tissu mammaire chez les hommes).<\/p>\n<\/li>\n<li class=\"\" data-start=\"2376\" data-end=\"2475\">\n<p class=\"\" data-start=\"2379\" data-end=\"2475\">Effets androg\u00e9niques, y compris l&rsquo;acn\u00e9, la perte de cheveux et la croissance de poils corporels.<\/p>\n<\/li>\n<li class=\"\" data-start=\"2476\" data-end=\"2585\">\n<p class=\"\" data-start=\"2479\" data-end=\"2585\">Suppression de la testost\u00e9rone, ce qui entra\u00eene une diminution de la production naturelle de testost\u00e9rone.<\/p>\n<\/li>\n<li class=\"\" data-start=\"2586\" data-end=\"2717\">\n<p class=\"\" data-start=\"2589\" data-end=\"2717\">Pression art\u00e9rielle \u00e9lev\u00e9e et niveaux de cholest\u00e9rol accrus, ce qui pourrait augmenter le risque de probl\u00e8mes cardiovasculaires.<\/p>\n<\/li>\n<\/ol>\n<p class=\"\" data-start=\"2719\" data-end=\"3196\">Posologie : La dose optimale de Trestolone Ac\u00e9tate varie en fonction des objectifs individuels, de l&rsquo;exp\u00e9rience et de la tol\u00e9rance. Les d\u00e9butants peuvent commencer avec une dose de 20-30 mg par jour, tandis que les utilisateurs avanc\u00e9s peuvent aller jusqu&rsquo;\u00e0 50 mg par jour. Les cycles varient de 8 \u00e0 12 semaines, mais doivent toujours \u00eatre suivis d&rsquo;une th\u00e9rapie post-cycle appropri\u00e9e pour restaurer les niveaux hormonaux naturels et minimiser les effets secondaires potentiels.<\/p>\n<p><\/p>","protected":false},"excerpt":{"rendered":"<p>Trestolone Ac\u00e9tate, \u00e9galement connu sous le nom de MENT (M\u00e9thylnortestost\u00e9rone), est un st\u00e9ro\u00efde anabolisant puissant populaire parmi les culturistes et<\/p>\n","protected":false},"featured_media":10004,"comment_status":"open","ping_status":"closed","template":"","meta":[],"product_brand":[],"product_cat":[69],"product_tag":[],"class_list":{"0":"post-10003","1":"product","2":"type-product","3":"status-publish","4":"has-post-thumbnail","6":"product_cat-esteroides_inyectables","8":"first","9":"outofstock","10":"sale","11":"shipping-taxable","12":"purchasable","13":"product-type-simple"},"yoast_head":"<!-- This site is optimized with the Yoast SEO Premium plugin v24.4 (Yoast SEO v27.3) - https:\/\/yoast.com\/product\/yoast-seo-premium-wordpress\/ -->\n<title>MENT 50 - TRESTOLONE ACETATE - (Espa\u00f1ol) Esteroides en l\u00ednea<\/title>\n<meta name=\"description\" content=\"Ac\u00e9tate de trenbolone (MENT) : St\u00e9ro\u00efde anabolisant puissant pour la croissance musculaire et la performance. R\u00e9cup\u00e9ration plus rapide, libido accrue. Risques l\u00e9gaux et effets secondaires. Injectable.\" \/>\n<meta name=\"robots\" content=\"index, follow, max-snippet:-1, max-image-preview:large, max-video-preview:-1\" \/>\n<link rel=\"canonical\" href=\"https:\/\/iberoid-shop.com\/fr\/product\/ment-50-trestolone-acetate-bio-labs\/\" \/>\n<meta property=\"og:locale\" content=\"fr_FR\" \/>\n<meta property=\"og:type\" content=\"article\" \/>\n<meta property=\"og:title\" content=\"MENT 50 - TRESTOLONE ACETATE\" \/>\n<meta property=\"og:description\" content=\"Ac\u00e9tate de trenbolone (MENT) : St\u00e9ro\u00efde anabolisant puissant pour la croissance musculaire et la performance. R\u00e9cup\u00e9ration plus rapide, libido accrue. Risques l\u00e9gaux et effets secondaires. Injectable.\" \/>\n<meta property=\"og:url\" content=\"https:\/\/iberoid-shop.com\/fr\/product\/ment-50-trestolone-acetate-bio-labs\/\" \/>\n<meta property=\"og:site_name\" content=\"(Espa\u00f1ol) Esteroides en l\u00ednea\" \/>\n<meta property=\"article:modified_time\" content=\"2025-09-14T18:08:48+00:00\" \/>\n<meta property=\"og:image\" content=\"https:\/\/iberoid-shop.com\/wp-content\/uploads\/2025\/04\/ment-50-vials-17-1.png?v=1743876607\" \/>\n\t<meta property=\"og:image:width\" content=\"1080\" \/>\n\t<meta property=\"og:image:height\" content=\"608\" \/>\n\t<meta property=\"og:image:type\" content=\"image\/png\" \/>\n<meta name=\"twitter:card\" content=\"summary_large_image\" \/>\n<meta name=\"twitter:label1\" content=\"Prix\" \/>\n\t<meta name=\"twitter:data1\" content=\"&euro;35.00\" \/>\n\t<meta name=\"twitter:label2\" content=\"Disponibilit\u00e9\" \/>\n\t<meta name=\"twitter:data2\" content=\"Rupture de stock\" \/>\n<script type=\"application\/ld+json\" class=\"yoast-schema-graph\">{\"@context\":\"https:\\\/\\\/schema.org\",\"@graph\":[{\"@type\":\"WebPage\",\"@id\":\"https:\\\/\\\/iberoid-shop.com\\\/fr\\\/product\\\/ment-50-trestolone-acetate-bio-labs\\\/\",\"url\":\"https:\\\/\\\/iberoid-shop.com\\\/fr\\\/product\\\/ment-50-trestolone-acetate-bio-labs\\\/\",\"name\":\"MENT 50 - TRESTOLONE ACETATE - (Espa\u00f1ol) Esteroides en l\u00ednea\",\"isPartOf\":{\"@id\":\"https:\\\/\\\/iberoid.com\\\/#website\"},\"primaryImageOfPage\":{\"@id\":\"https:\\\/\\\/iberoid-shop.com\\\/fr\\\/product\\\/ment-50-trestolone-acetate-bio-labs\\\/#primaryimage\"},\"image\":{\"@id\":\"https:\\\/\\\/iberoid-shop.com\\\/fr\\\/product\\\/ment-50-trestolone-acetate-bio-labs\\\/#primaryimage\"},\"thumbnailUrl\":\"https:\\\/\\\/iberoid-shop.com\\\/wp-content\\\/uploads\\\/2025\\\/04\\\/ment-50-vials-17-1.png?v=1743876607\",\"datePublished\":\"2025-04-05T18:10:42+00:00\",\"dateModified\":\"2025-09-14T18:08:48+00:00\",\"description\":\"Ac\u00e9tate de trenbolone (MENT) : St\u00e9ro\u00efde anabolisant puissant pour la croissance musculaire et la performance. R\u00e9cup\u00e9ration plus rapide, libido accrue. Risques l\u00e9gaux et effets secondaires. Injectable.\",\"breadcrumb\":{\"@id\":\"https:\\\/\\\/iberoid-shop.com\\\/fr\\\/product\\\/ment-50-trestolone-acetate-bio-labs\\\/#breadcrumb\"},\"inLanguage\":\"fr-FR\",\"potentialAction\":[{\"@type\":\"ReadAction\",\"target\":[[\"https:\\\/\\\/iberoid-shop.com\\\/fr\\\/product\\\/ment-50-trestolone-acetate-bio-labs\\\/\"]]}]},{\"@type\":\"ImageObject\",\"inLanguage\":\"fr-FR\",\"@id\":\"https:\\\/\\\/iberoid-shop.com\\\/fr\\\/product\\\/ment-50-trestolone-acetate-bio-labs\\\/#primaryimage\",\"url\":\"https:\\\/\\\/iberoid-shop.com\\\/wp-content\\\/uploads\\\/2025\\\/04\\\/ment-50-vials-17-1.png?v=1743876607\",\"contentUrl\":\"https:\\\/\\\/iberoid-shop.com\\\/wp-content\\\/uploads\\\/2025\\\/04\\\/ment-50-vials-17-1.png?v=1743876607\",\"width\":1080,\"height\":608},{\"@type\":\"BreadcrumbList\",\"@id\":\"https:\\\/\\\/iberoid-shop.com\\\/fr\\\/product\\\/ment-50-trestolone-acetate-bio-labs\\\/#breadcrumb\",\"itemListElement\":[{\"@type\":\"ListItem\",\"position\":1,\"name\":\"Portada\",\"item\":\"https:\\\/\\\/iberoid.com\\\/\"},{\"@type\":\"ListItem\",\"position\":2,\"name\":\"Magasin\",\"item\":\"https:\\\/\\\/iberoid-shop.com\\\/fr\\\/shop\\\/\"},{\"@type\":\"ListItem\",\"position\":3,\"name\":\"MENT 50 &#8211; TRESTOLONE ACETATE\"}]},{\"@type\":\"WebSite\",\"@id\":\"https:\\\/\\\/iberoid.com\\\/#website\",\"url\":\"https:\\\/\\\/iberoid.com\\\/\",\"name\":\"(Espa\u00f1ol) Esteroides en l\u00ednea\",\"description\":\"(Espa\u00f1ol) Comprar esteroides en l\u00ednea hoy en Espa\u00f1a y Portugal. Tenemos el mejor servicio al cliente en la industria y los productos de la m\u00e1s alta calidad\",\"potentialAction\":[{\"@type\":\"SearchAction\",\"target\":{\"@type\":\"EntryPoint\",\"urlTemplate\":\"https:\\\/\\\/iberoid.com\\\/?s={search_term_string}\"},\"query-input\":{\"@type\":\"PropertyValueSpecification\",\"valueRequired\":true,\"valueName\":\"search_term_string\"}}],\"inLanguage\":\"fr-FR\"}]}<\/script>\n<meta property=\"product:brand\" content=\"Canada Biotech Peptides\" \/>\n<meta property=\"product:price:amount\" content=\"35.00\" \/>\n<meta property=\"product:price:currency\" content=\"EUR\" \/>\n<meta property=\"og:availability\" content=\"out of stock\" \/>\n<meta property=\"product:availability\" content=\"out of stock\" \/>\n<meta property=\"product:condition\" content=\"new\" \/>\n<!-- \/ Yoast SEO Premium plugin. -->","yoast_head_json":{"title":"MENT 50 - TRESTOLONE ACETATE - (Espa\u00f1ol) Esteroides en l\u00ednea","description":"Ac\u00e9tate de trenbolone (MENT) : St\u00e9ro\u00efde anabolisant puissant pour la croissance musculaire et la performance. R\u00e9cup\u00e9ration plus rapide, libido accrue. Risques l\u00e9gaux et effets secondaires. Injectable.","robots":{"index":"index","follow":"follow","max-snippet":"max-snippet:-1","max-image-preview":"max-image-preview:large","max-video-preview":"max-video-preview:-1"},"canonical":"https:\/\/iberoid-shop.com\/fr\/product\/ment-50-trestolone-acetate-bio-labs\/","og_locale":"fr_FR","og_type":"article","og_title":"MENT 50 - TRESTOLONE ACETATE","og_description":"Ac\u00e9tate de trenbolone (MENT) : St\u00e9ro\u00efde anabolisant puissant pour la croissance musculaire et la performance. R\u00e9cup\u00e9ration plus rapide, libido accrue. Risques l\u00e9gaux et effets secondaires. Injectable.","og_url":"https:\/\/iberoid-shop.com\/fr\/product\/ment-50-trestolone-acetate-bio-labs\/","og_site_name":"(Espa\u00f1ol) Esteroides en l\u00ednea","article_modified_time":"2025-09-14T18:08:48+00:00","og_image":[{"width":1080,"height":608,"url":"https:\/\/iberoid-shop.com\/wp-content\/uploads\/2025\/04\/ment-50-vials-17-1.png?v=1743876607","type":"image\/png"}],"twitter_card":"summary_large_image","twitter_misc":{"Prix":"&euro;35.00","Disponibilit\u00e9":"Rupture de stock"},"schema":{"@context":"https:\/\/schema.org","@graph":[{"@type":"WebPage","@id":"https:\/\/iberoid-shop.com\/fr\/product\/ment-50-trestolone-acetate-bio-labs\/","url":"https:\/\/iberoid-shop.com\/fr\/product\/ment-50-trestolone-acetate-bio-labs\/","name":"MENT 50 - TRESTOLONE ACETATE - (Espa\u00f1ol) Esteroides en l\u00ednea","isPartOf":{"@id":"https:\/\/iberoid.com\/#website"},"primaryImageOfPage":{"@id":"https:\/\/iberoid-shop.com\/fr\/product\/ment-50-trestolone-acetate-bio-labs\/#primaryimage"},"image":{"@id":"https:\/\/iberoid-shop.com\/fr\/product\/ment-50-trestolone-acetate-bio-labs\/#primaryimage"},"thumbnailUrl":"https:\/\/iberoid-shop.com\/wp-content\/uploads\/2025\/04\/ment-50-vials-17-1.png?v=1743876607","datePublished":"2025-04-05T18:10:42+00:00","dateModified":"2025-09-14T18:08:48+00:00","description":"Ac\u00e9tate de trenbolone (MENT) : St\u00e9ro\u00efde anabolisant puissant pour la croissance musculaire et la performance. R\u00e9cup\u00e9ration plus rapide, libido accrue. Risques l\u00e9gaux et effets secondaires. Injectable.","breadcrumb":{"@id":"https:\/\/iberoid-shop.com\/fr\/product\/ment-50-trestolone-acetate-bio-labs\/#breadcrumb"},"inLanguage":"fr-FR","potentialAction":[{"@type":"ReadAction","target":[["https:\/\/iberoid-shop.com\/fr\/product\/ment-50-trestolone-acetate-bio-labs\/"]]}]},{"@type":"ImageObject","inLanguage":"fr-FR","@id":"https:\/\/iberoid-shop.com\/fr\/product\/ment-50-trestolone-acetate-bio-labs\/#primaryimage","url":"https:\/\/iberoid-shop.com\/wp-content\/uploads\/2025\/04\/ment-50-vials-17-1.png?v=1743876607","contentUrl":"https:\/\/iberoid-shop.com\/wp-content\/uploads\/2025\/04\/ment-50-vials-17-1.png?v=1743876607","width":1080,"height":608},{"@type":"BreadcrumbList","@id":"https:\/\/iberoid-shop.com\/fr\/product\/ment-50-trestolone-acetate-bio-labs\/#breadcrumb","itemListElement":[{"@type":"ListItem","position":1,"name":"Portada","item":"https:\/\/iberoid.com\/"},{"@type":"ListItem","position":2,"name":"Magasin","item":"https:\/\/iberoid-shop.com\/fr\/shop\/"},{"@type":"ListItem","position":3,"name":"MENT 50 &#8211; TRESTOLONE ACETATE"}]},{"@type":"WebSite","@id":"https:\/\/iberoid.com\/#website","url":"https:\/\/iberoid.com\/","name":"(Espa\u00f1ol) Esteroides en l\u00ednea","description":"(Espa\u00f1ol) Comprar esteroides en l\u00ednea hoy en Espa\u00f1a y Portugal. Tenemos el mejor servicio al cliente en la industria y los productos de la m\u00e1s alta calidad","potentialAction":[{"@type":"SearchAction","target":{"@type":"EntryPoint","urlTemplate":"https:\/\/iberoid.com\/?s={search_term_string}"},"query-input":{"@type":"PropertyValueSpecification","valueRequired":true,"valueName":"search_term_string"}}],"inLanguage":"fr-FR"}]},"product_brand":"Canada Biotech Peptides","product_price_amount":"35.00","product_price_currency":"EUR","og_availability":"out of stock","product_availability":"out of stock","product_condition":"new"},"_links":{"self":[{"href":"https:\/\/iberoid-shop.com\/fr\/wp-json\/wp\/v2\/product\/10003","targetHints":{"allow":["GET"]}}],"collection":[{"href":"https:\/\/iberoid-shop.com\/fr\/wp-json\/wp\/v2\/product"}],"about":[{"href":"https:\/\/iberoid-shop.com\/fr\/wp-json\/wp\/v2\/types\/product"}],"replies":[{"embeddable":true,"href":"https:\/\/iberoid-shop.com\/fr\/wp-json\/wp\/v2\/comments?post=10003"}],"wp:featuredmedia":[{"embeddable":true,"href":"https:\/\/iberoid-shop.com\/fr\/wp-json\/wp\/v2\/media\/10004"}],"wp:attachment":[{"href":"https:\/\/iberoid-shop.com\/fr\/wp-json\/wp\/v2\/media?parent=10003"}],"wp:term":[{"taxonomy":"product_brand","embeddable":true,"href":"https:\/\/iberoid-shop.com\/fr\/wp-json\/wp\/v2\/product_brand?post=10003"},{"taxonomy":"product_cat","embeddable":true,"href":"https:\/\/iberoid-shop.com\/fr\/wp-json\/wp\/v2\/product_cat?post=10003"},{"taxonomy":"product_tag","embeddable":true,"href":"https:\/\/iberoid-shop.com\/fr\/wp-json\/wp\/v2\/product_tag?post=10003"}],"curies":[{"name":"wp","href":"https:\/\/api.w.org\/{rel}","templated":true}]}}