{"id":8827,"date":"2023-08-15T16:19:05","date_gmt":"2023-08-15T16:19:05","guid":{"rendered":"https:\/\/iberoid-shop.com\/?post_type=product&#038;p=8827"},"modified":"2026-03-21T10:35:23","modified_gmt":"2026-03-21T10:35:23","slug":"trenoge-e-premium-trenbolone-enanthate-premium-epf","status":"publish","type":"product","link":"https:\/\/iberoid-shop.com\/en\/product\/trenoge-e-premium-trenbolone-enanthate-premium-epf\/","title":{"rendered":"TRENOGED E PREMIUM \/ TRENBOLONE ENANTHATE 200mg"},"content":{"rendered":"<p>Trenoged-E 10 ml est un st\u00e9ro\u00efde injectable tr\u00e8s efficace et populaire parmi les bodybuilders avec des propri\u00e9t\u00e9s sp\u00e9ciales, qui ne sont pas toujours \u00e9videntes pour les utilisateurs. Pour d\u00e9terminer si vous correspondez \u00e0 Trenoged-E, nous avons rassembl\u00e9 tous les faits sur le st\u00e9ro\u00efde. Pour augmenter l&#8217;efficacit\u00e9 de la p\u00e9riode de d\u00e9sint\u00e9gration du trenbolone, il est ajout\u00e9 au Trenoged-E 10 ml en nature. Lors de l&#8217;interaction avec le r\u00e9cepteur des androg\u00e8nes dans les cellules, la trenbolone est produite comme m\u00e9tabolite. Compar\u00e9 \u00e0 la testost\u00e9rone, le Trenbolone a un rayon androg\u00e8ne tr\u00e8s \u00e9lev\u00e9 : 500 contre 100 pour la testost\u00e9rone. Gr\u00e2ce \u00e0 sa teneur \u00e9lev\u00e9e en androg\u00e8nes et aux changements dans la combinaison d&#8217;\u0153strog\u00e8nes et d&#8217;androg\u00e8nes, le st\u00e9ro\u00efde a une efficacit\u00e9 et une valeur \u00e9lev\u00e9es pour les bodybuilders : la masse musculaire devient forte et solide, l&#8217;eau ne reste pas dans le corps. Et ce n&#8217;est pas tout. En raison de l\u2019interaction des androg\u00e8nes dans les cellules A.R des graisses et des muscles, il se produit un effet direct sur le processus de combustion des tissus adipeux. Autrement dit, plus l\u2019interaction des androg\u00e8nes dans les cellules A.R est importante, plus il y a un effet br\u00fble-graisse. Comme l\u2019utilisation de certains st\u00e9ro\u00efdes augmente le contenu des cellules A.R, ils sont utilis\u00e9s avec le st\u00e9ro\u00efde. Par exemple, en combinaison avec la testost\u00e9rone, l\u2019effet du processus de perte de graisse est maximis\u00e9.<\/p>\n<p>Gr\u00e2ce au trenbolone, il y a formation de globules rouges, la vitesse de production de glycog\u00e8ne dans le corps augmente et le taux de r\u00e9cup\u00e9ration s&#8217;am\u00e9liore. Les effets des st\u00e9ro\u00efdes d\u00e9pendent du nombre de doses prises. Seulement cela conduit \u00e0 la croissance musculaire et \u00e0 la composition corporelle. Cependant, il est important de noter que Trenoged-E affecte l&#8217;\u00e9tat mental d&#8217;une personne en augmentant le nombre de produits chimiques dans le cortex c\u00e9r\u00e9bral, ce qui peut conduire \u00e0 des manifestations d&#8217;agressivit\u00e9. Cependant, cet effet peut \u00eatre consid\u00e9r\u00e9 comme b\u00e9n\u00e9fique pour les athl\u00e8tes qui ont besoin d\u2019am\u00e9liorer leurs performances en vitesse et en puissance.<\/p>\n<p>Dosage<\/p>\n<p>Il est n\u00e9cessaire d&#8217;utiliser le m\u00e9dicament seulement une fois tous les sept jours. Dans une portion, la dose moyenne pour l&#8217;homme est comprise entre 200 et 600 mg. Quant aux femmes, elles ne recommandent absolument pas de prendre Trenoged-E car il a un fort effet de masculinisation. Le st\u00e9ro\u00efde peut \u00eatre utilis\u00e9 en conjonction avec des compos\u00e9s tels que Winstrol ou Primobolan. Ces st\u00e9ro\u00efdes anabolisants ne s\u2019aromatisent pas dans l\u2019organisme et contribuent \u00e0 la croissance de la masse musculaire maigre. Dans le m\u00eame temps, des m\u00e9dicaments tels que le Dianabol ou la testost\u00e9rone peuvent \u00eatre utilis\u00e9s. Apr\u00e8s la fin du cycle, pour consolider les r\u00e9sultats obtenus et r\u00e9cup\u00e9rer l&#8217;organisme, il est recommand\u00e9 de prendre de l&#8217;HCG, du Clomif\u00e8ne ou du Tamoxif\u00e8ne.<\/p>\n<p>Effets secondaires<\/p>\n<p>La structure chimique du st\u00e9ro\u00efde l\u2019emp\u00eache de s\u2019aromatiser dans le corps humain et n\u2019accumule donc pas d\u2019\u0153strog\u00e8nes dans le corps. Trenoged-E n&#8217;a aucun effet n\u00e9gatif tel que la croissance des seins (chez les hommes), la r\u00e9tention d&#8217;eau dans l&#8217;organisme et la r\u00e9duction du processus de combustion des graisses. Trenoged-E pr\u00e9sente une r\u00e9sistance \u00e0 l&#8217;enzyme 5-alpha-r\u00e9ductase. Il s&#8217;agit d&#8217;une enzyme tr\u00e8s dangereuse, qui entra\u00eene des effets d\u00e9sagr\u00e9ables tels que la chute des cheveux, la peau grasse, l&#8217;apparition d&#8217;acn\u00e9, l&#8217;hypertrophie de la prostate. Trenoged-E a les propri\u00e9t\u00e9s d\u2019un progestatif et interagit avec la progest\u00e9rone, une hormone sexuelle f\u00e9minine. Cette interaction peut avoir des cons\u00e9quences d\u00e9sagr\u00e9ables telles qu&#8217;une croissance mammaire, une atrophie testiculaire (chez les hommes), une augmentation du taux de cholest\u00e9rol dans le sang et une alt\u00e9ration des fonctions h\u00e9patiques et r\u00e9nales. Ces effets peuvent \u00eatre combattus en prenant avec Trenoged-E des st\u00e9ro\u00efdes tels que le l\u00e9trozole, l&#8217;ex\u00e9mestane (anti-\u0153strog\u00e8ne) et l&#8217;HCG. La fonction puissante du progestatif de Trenoged-E 10 ml peut supprimer la production naturelle de testost\u00e9rone dans le corps pendant une longue p\u00e9riode, ce qui peut entra\u00eener une diminution de l&#8217;activit\u00e9 sexuelle et une dysfonction \u00e9rectile. Par cons\u00e9quent, il est tr\u00e8s important, avec Trenoged-E, de prendre de la testost\u00e9rone. Pour maintenir un niveau constant de trenbolone dans le sang, il est n\u00e9cessaire de proc\u00e9der \u00e0 des injections fr\u00e9quentes. Ainsi, les principaux effets secondaires de Trenoged-E peuvent \u00eatre l&#8217;insomnie, l&#8217;agressivit\u00e9, la diminution de la libido, la dysfonction \u00e9rectile et l&#8217;hypertension art\u00e9rielle. Mais tous ces effets secondaires peuvent \u00eatre r\u00e9duits, voire compl\u00e8tement supprim\u00e9s.<\/p>","protected":false},"excerpt":{"rendered":"<p>Trenoged-E 10 ml est un st\u00e9ro\u00efde injectable tr\u00e8s efficace et populaire parmi les bodybuilders avec des propri\u00e9t\u00e9s sp\u00e9ciales, qui ne<\/p>\n","protected":false},"featured_media":8829,"comment_status":"open","ping_status":"closed","template":"","meta":[],"product_brand":[],"product_cat":[69],"product_tag":[],"class_list":{"0":"post-8827","1":"product","2":"type-product","3":"status-publish","4":"has-post-thumbnail","6":"product_cat-esteroides_inyectables","8":"first","9":"instock","10":"sale","11":"shipping-taxable","12":"purchasable","13":"product-type-simple"},"yoast_head":"<!-- This site is optimized with the Yoast SEO Premium plugin v24.4 (Yoast SEO v27.0) - https:\/\/yoast.com\/product\/yoast-seo-premium-wordpress\/ -->\n<title>TRENOGED E PREMIUM \/ TRENBOLONE ENANTHATE 200mg - Iberoid - Steroids online<\/title>\n<meta name=\"description\" content=\"Trenoged-E is a potent steroid for solid muscle growth, strength, and fat loss, with no water retention.\" \/>\n<meta name=\"robots\" content=\"index, follow, max-snippet:-1, max-image-preview:large, max-video-preview:-1\" \/>\n<link rel=\"canonical\" href=\"https:\/\/iberoid-shop.com\/en\/product\/trenoge-e-premium-trenbolone-enanthate-premium-epf\/\" \/>\n<meta property=\"og:locale\" content=\"en_US\" \/>\n<meta property=\"og:type\" content=\"article\" \/>\n<meta property=\"og:title\" content=\"TRENOGED E PREMIUM \/ TRENBOLONE ENANTHATE 200mg\" \/>\n<meta property=\"og:description\" content=\"Trenoged-E is a potent steroid for solid muscle growth, strength, and fat loss, with no water retention.\" \/>\n<meta property=\"og:url\" content=\"https:\/\/iberoid-shop.com\/en\/product\/trenoge-e-premium-trenbolone-enanthate-premium-epf\/\" \/>\n<meta property=\"og:site_name\" content=\"Iberoid - Steroids online\" \/>\n<meta property=\"article:modified_time\" content=\"2026-03-21T10:35:23+00:00\" \/>\n<meta property=\"og:image\" content=\"https:\/\/iberoid-shop.com\/wp-content\/uploads\/2023\/08\/epf-trenbolone-e-max-1024x1024-1.jpg?v=1692116328\" \/>\n\t<meta property=\"og:image:width\" content=\"900\" \/>\n\t<meta property=\"og:image:height\" content=\"900\" \/>\n\t<meta property=\"og:image:type\" content=\"image\/jpeg\" \/>\n<meta name=\"twitter:card\" content=\"summary_large_image\" \/>\n<meta name=\"twitter:label1\" content=\"Price\" \/>\n\t<meta name=\"twitter:data1\" content=\"&euro;65.00\" \/>\n\t<meta name=\"twitter:label2\" content=\"Availability\" \/>\n\t<meta name=\"twitter:data2\" content=\"In stock\" \/>\n<script type=\"application\/ld+json\" class=\"yoast-schema-graph\">{\"@context\":\"https:\/\/schema.org\",\"@graph\":[{\"@type\":\"WebPage\",\"@id\":\"https:\/\/iberoid-shop.com\/en\/product\/trenoge-e-premium-trenbolone-enanthate-premium-epf\/\",\"url\":\"https:\/\/iberoid-shop.com\/en\/product\/trenoge-e-premium-trenbolone-enanthate-premium-epf\/\",\"name\":\"TRENOGED E PREMIUM \/ TRENBOLONE ENANTHATE 200mg - Iberoid - Steroids online\",\"isPartOf\":{\"@id\":\"https:\/\/iberoid-shop.com\/en\/#website\"},\"primaryImageOfPage\":{\"@id\":\"https:\/\/iberoid-shop.com\/en\/product\/trenoge-e-premium-trenbolone-enanthate-premium-epf\/#primaryimage\"},\"image\":{\"@id\":\"https:\/\/iberoid-shop.com\/en\/product\/trenoge-e-premium-trenbolone-enanthate-premium-epf\/#primaryimage\"},\"thumbnailUrl\":\"https:\/\/iberoid-shop.com\/wp-content\/uploads\/2023\/08\/epf-trenbolone-e-max-1024x1024-1.jpg?v=1692116328\",\"datePublished\":\"2023-08-15T16:19:05+00:00\",\"dateModified\":\"2026-03-21T10:35:23+00:00\",\"description\":\"Trenoged-E is a potent steroid for solid muscle growth, strength, and fat loss, with no water retention.\",\"breadcrumb\":{\"@id\":\"https:\/\/iberoid-shop.com\/en\/product\/trenoge-e-premium-trenbolone-enanthate-premium-epf\/#breadcrumb\"},\"inLanguage\":\"en-US\",\"potentialAction\":[{\"@type\":\"ReadAction\",\"target\":[[\"https:\/\/iberoid-shop.com\/en\/product\/trenoge-e-premium-trenbolone-enanthate-premium-epf\/\"]]}]},{\"@type\":\"ImageObject\",\"inLanguage\":\"en-US\",\"@id\":\"https:\/\/iberoid-shop.com\/en\/product\/trenoge-e-premium-trenbolone-enanthate-premium-epf\/#primaryimage\",\"url\":\"https:\/\/iberoid-shop.com\/wp-content\/uploads\/2023\/08\/epf-trenbolone-e-max-1024x1024-1.jpg?v=1692116328\",\"contentUrl\":\"https:\/\/iberoid-shop.com\/wp-content\/uploads\/2023\/08\/epf-trenbolone-e-max-1024x1024-1.jpg?v=1692116328\",\"width\":900,\"height\":900},{\"@type\":\"BreadcrumbList\",\"@id\":\"https:\/\/iberoid-shop.com\/en\/product\/trenoge-e-premium-trenbolone-enanthate-premium-epf\/#breadcrumb\",\"itemListElement\":[{\"@type\":\"ListItem\",\"position\":1,\"name\":\"Portada\",\"item\":\"https:\/\/iberoid-shop.com\/en\/\"},{\"@type\":\"ListItem\",\"position\":2,\"name\":\"Store\",\"item\":\"https:\/\/iberoid-shop.com\/en\/shop\/\"},{\"@type\":\"ListItem\",\"position\":3,\"name\":\"TRENOGED E PREMIUM \/ TRENBOLONE ENANTHATE 200mg\"}]},{\"@type\":\"WebSite\",\"@id\":\"https:\/\/iberoid-shop.com\/en\/#website\",\"url\":\"https:\/\/iberoid-shop.com\/en\/\",\"name\":\"Iberoid - Steroids online\",\"description\":\"Buy steroids online today in Spain and Portugal. We have the best customer service in the industry and the highest quality products\",\"potentialAction\":[{\"@type\":\"SearchAction\",\"target\":{\"@type\":\"EntryPoint\",\"urlTemplate\":\"https:\/\/iberoid-shop.com\/en\/?s={search_term_string}\"},\"query-input\":{\"@type\":\"PropertyValueSpecification\",\"valueRequired\":true,\"valueName\":\"search_term_string\"}}],\"inLanguage\":\"en-US\"}]}<\/script>\n<meta property=\"product:brand\" content=\"Euro Prime Pharmaceuticals (EPF)\" \/>\n<meta property=\"product:price:amount\" content=\"65.00\" \/>\n<meta property=\"product:price:currency\" content=\"EUR\" \/>\n<meta property=\"og:availability\" content=\"instock\" \/>\n<meta property=\"product:availability\" content=\"instock\" \/>\n<meta property=\"product:condition\" content=\"new\" \/>\n<!-- \/ Yoast SEO Premium plugin. -->","yoast_head_json":{"title":"TRENOGED E PREMIUM \/ TRENBOLONE ENANTHATE 200mg - Iberoid - Steroids online","description":"Trenoged-E is a potent steroid for solid muscle growth, strength, and fat loss, with no water retention.","robots":{"index":"index","follow":"follow","max-snippet":"max-snippet:-1","max-image-preview":"max-image-preview:large","max-video-preview":"max-video-preview:-1"},"canonical":"https:\/\/iberoid-shop.com\/en\/product\/trenoge-e-premium-trenbolone-enanthate-premium-epf\/","og_locale":"en_US","og_type":"article","og_title":"TRENOGED E PREMIUM \/ TRENBOLONE ENANTHATE 200mg","og_description":"Trenoged-E is a potent steroid for solid muscle growth, strength, and fat loss, with no water retention.","og_url":"https:\/\/iberoid-shop.com\/en\/product\/trenoge-e-premium-trenbolone-enanthate-premium-epf\/","og_site_name":"Iberoid - Steroids online","article_modified_time":"2026-03-21T10:35:23+00:00","og_image":[{"width":900,"height":900,"url":"https:\/\/iberoid-shop.com\/wp-content\/uploads\/2023\/08\/epf-trenbolone-e-max-1024x1024-1.jpg?v=1692116328","type":"image\/jpeg"}],"twitter_card":"summary_large_image","twitter_misc":{"Price":"&euro;65.00","Availability":"In stock"},"schema":{"@context":"https:\/\/schema.org","@graph":[{"@type":"WebPage","@id":"https:\/\/iberoid-shop.com\/en\/product\/trenoge-e-premium-trenbolone-enanthate-premium-epf\/","url":"https:\/\/iberoid-shop.com\/en\/product\/trenoge-e-premium-trenbolone-enanthate-premium-epf\/","name":"TRENOGED E PREMIUM \/ TRENBOLONE ENANTHATE 200mg - Iberoid - Steroids online","isPartOf":{"@id":"https:\/\/iberoid-shop.com\/en\/#website"},"primaryImageOfPage":{"@id":"https:\/\/iberoid-shop.com\/en\/product\/trenoge-e-premium-trenbolone-enanthate-premium-epf\/#primaryimage"},"image":{"@id":"https:\/\/iberoid-shop.com\/en\/product\/trenoge-e-premium-trenbolone-enanthate-premium-epf\/#primaryimage"},"thumbnailUrl":"https:\/\/iberoid-shop.com\/wp-content\/uploads\/2023\/08\/epf-trenbolone-e-max-1024x1024-1.jpg?v=1692116328","datePublished":"2023-08-15T16:19:05+00:00","dateModified":"2026-03-21T10:35:23+00:00","description":"Trenoged-E is a potent steroid for solid muscle growth, strength, and fat loss, with no water retention.","breadcrumb":{"@id":"https:\/\/iberoid-shop.com\/en\/product\/trenoge-e-premium-trenbolone-enanthate-premium-epf\/#breadcrumb"},"inLanguage":"en-US","potentialAction":[{"@type":"ReadAction","target":[["https:\/\/iberoid-shop.com\/en\/product\/trenoge-e-premium-trenbolone-enanthate-premium-epf\/"]]}]},{"@type":"ImageObject","inLanguage":"en-US","@id":"https:\/\/iberoid-shop.com\/en\/product\/trenoge-e-premium-trenbolone-enanthate-premium-epf\/#primaryimage","url":"https:\/\/iberoid-shop.com\/wp-content\/uploads\/2023\/08\/epf-trenbolone-e-max-1024x1024-1.jpg?v=1692116328","contentUrl":"https:\/\/iberoid-shop.com\/wp-content\/uploads\/2023\/08\/epf-trenbolone-e-max-1024x1024-1.jpg?v=1692116328","width":900,"height":900},{"@type":"BreadcrumbList","@id":"https:\/\/iberoid-shop.com\/en\/product\/trenoge-e-premium-trenbolone-enanthate-premium-epf\/#breadcrumb","itemListElement":[{"@type":"ListItem","position":1,"name":"Portada","item":"https:\/\/iberoid-shop.com\/en\/"},{"@type":"ListItem","position":2,"name":"Store","item":"https:\/\/iberoid-shop.com\/en\/shop\/"},{"@type":"ListItem","position":3,"name":"TRENOGED E PREMIUM \/ TRENBOLONE ENANTHATE 200mg"}]},{"@type":"WebSite","@id":"https:\/\/iberoid-shop.com\/en\/#website","url":"https:\/\/iberoid-shop.com\/en\/","name":"Iberoid - Steroids online","description":"Buy steroids online today in Spain and Portugal. We have the best customer service in the industry and the highest quality products","potentialAction":[{"@type":"SearchAction","target":{"@type":"EntryPoint","urlTemplate":"https:\/\/iberoid-shop.com\/en\/?s={search_term_string}"},"query-input":{"@type":"PropertyValueSpecification","valueRequired":true,"valueName":"search_term_string"}}],"inLanguage":"en-US"}]},"product_brand":"Euro Prime Pharmaceuticals (EPF)","product_price_amount":"65.00","product_price_currency":"EUR","og_availability":"instock","product_availability":"instock","product_condition":"new"},"_links":{"self":[{"href":"https:\/\/iberoid-shop.com\/en\/wp-json\/wp\/v2\/product\/8827","targetHints":{"allow":["GET"]}}],"collection":[{"href":"https:\/\/iberoid-shop.com\/en\/wp-json\/wp\/v2\/product"}],"about":[{"href":"https:\/\/iberoid-shop.com\/en\/wp-json\/wp\/v2\/types\/product"}],"replies":[{"embeddable":true,"href":"https:\/\/iberoid-shop.com\/en\/wp-json\/wp\/v2\/comments?post=8827"}],"wp:featuredmedia":[{"embeddable":true,"href":"https:\/\/iberoid-shop.com\/en\/wp-json\/wp\/v2\/media\/8829"}],"wp:attachment":[{"href":"https:\/\/iberoid-shop.com\/en\/wp-json\/wp\/v2\/media?parent=8827"}],"wp:term":[{"taxonomy":"product_brand","embeddable":true,"href":"https:\/\/iberoid-shop.com\/en\/wp-json\/wp\/v2\/product_brand?post=8827"},{"taxonomy":"product_cat","embeddable":true,"href":"https:\/\/iberoid-shop.com\/en\/wp-json\/wp\/v2\/product_cat?post=8827"},{"taxonomy":"product_tag","embeddable":true,"href":"https:\/\/iberoid-shop.com\/en\/wp-json\/wp\/v2\/product_tag?post=8827"}],"curies":[{"name":"wp","href":"https:\/\/api.w.org\/{rel}","templated":true}]}}