{"id":5382,"date":"2020-10-10T11:54:33","date_gmt":"2020-10-10T11:54:33","guid":{"rendered":"https:\/\/iberoid-shop.com\/?post_type=product&#038;p=5382"},"modified":"2021-12-01T18:25:02","modified_gmt":"2021-12-01T18:25:02","slug":"sp-drostanol200-mg-drostanolone-enanthate","status":"publish","type":"product","link":"https:\/\/iberoid-shop.com\/en\/product\/sp-drostanol200-mg-drostanolone-enanthate\/","title":{"rendered":"SP DROSTANOL 200 mg"},"content":{"rendered":"<p>Product Name: Drostanol<\/p>\n<p>Manufacturer: SP Laboratories<\/p>\n<p>Presentation: 10ml 100mg\/ml<\/p>\n<p>Active chemical: drostanolone enanthate<\/p>\n<p><span id=\"result_box\" lang=\"en\"><span title=\"Asocierea cu Deca-durabolinul sau Equipoise, duce la castiguri considerabile fara o retentie prea mare de apa.\">Drostanolone \u00e8 un derivato del diidrotestosterone, con un androgeno anabolizzante moderato e forte. Non convertire in estrogeni, quindi la ritenzione idrica e la ginecomastia non sono un problema. In effetti, Masteron sembra avere un effetto anti-estrogenico, comportandosi come Proviron, a questo riguardo. Masteron \u00e8 molto utile per la definizione e l&#8217;enfatizzazione, viene utilizzato da molte settimane prima delle competizioni. Ha anche un effetto anabolico pu\u00f2 essere utilizzato con successo soddisfacente per ottenere muscoli di qualit\u00e0. Pu\u00f2 essere combinato con altri steroidi a grandi guadagni. Associazione con Deca-Durabolin o Equipoise, portare a notevoli guadagni senza ritenzione idrica eccessiva.<\/span><\/span><\/p>\n<p><span title=\"O alta asociere este cu Dianabolul sau testosteron injectabil, castrigurile in masa msuculara fiind extraordinare, fara o retentie de apa prea mare.\">Another association is with Dianabol or injectable testosterone, castrigurile msuculara the great mass without excessive water retention.<br \/>\n<\/span><span title=\"Pentru definire se poate combina cu Winstrol, Priomobolan, sau Oxandrolon, ceea ce ar duce la pastrearea masei musculare si pierderea grasimii.\">For definition can be combined with Winstrol, Priomobolan, or Oxandrolon which would pastrearea muscle and fat loss.<br \/>\n<\/span><span title=\"Dozarea este de 2 ml (100mg) de Masteron odata la 2-3 zile.\">Dosage is 2 ml (100 mg) of Masteron every 2-3 days.\u00a0<\/span><span title=\"Deci doza saptamanala este undeva la 200-350 mg.\">So weekly dose is 200-350 mg somewhere.<\/span><\/p>\n<p><span title=\"Efectele secundare ale acestui steroid sunt blande.\">Side effects of this steroid are mild.\u00a0<\/span><span title=\"Cum am spus si mai devreme ginecomastia si retentia de apa nu reprezinta nicio problema.\">As I said earlier gynecomastia and water retention is not any problem.\u00a0<\/span><span title=\"Nici tensiunea crescuta nu trebuie sa ne dea batai de cap, pentru ca datorita nivelurilor scazute de estrogen nu apare.\">No high blood pressure should not give us trouble, because due to low levels of estrogen does not appear.\u00a0<\/span><span title=\"Masteronul nu este hepatotoxic, nici chiar atunci cand este folosit pe perioade mari de timp.\">Masteron is not hepatotoxic, even when used over long periods of time.\u00a0<\/span><span title=\"Singurele efecte nedorite care pot aparea sunt: ten gras, acnee, cresterea rapida a parului facial si corporal, agresivitate si caderea parului, daca exista o predispozitie genetica.\">The only adverse effects that may occur are: oily skin, acne, increased facial hair and body faster, aggression and hair loss, if there is a genetic predisposition.\u00a0<\/span><span title=\"Deci cei care stiu ca au antecedente in familie de calvitie ar face bine sa se fereasca de Masteron.\">So those who know they have a family history of baldness would do well to beware of Masteron.<\/span><\/p>\n<p><span title=\"Acesta nu se mai fabrica sub denumirea de Masteron, deci toate produsele care se gasesc sub acest nume sunt falsuri.\">The factory no longer as the Masteron, so all products are available under this name are fakes.<br \/>\n<\/span><span title=\"Compania British Dragon, a reintrodus acest preparat in2003 pe piata sub denumirea de Mastabol.\">British Dragon company has reintroduced this preparation as the market in2003 Mastabol.\u00a0<\/span><span title=\"De asemenea exista numeroase laboaratoare underground care fabrica produse pe baza de drostanolon propionat, dar daca aveti sau nu incredere in astfel de produse este decizia voastra.\">There are also many underground labs that produce products based drostanolon propionate, but whether or not you believe in such products is your decision.<\/span><\/p>","protected":false},"excerpt":{"rendered":"<p>Product Name: Drostanol Manufacturer: SP Laboratories Presentation: 10ml 100mg\/ml Active chemical: drostanolone enanthate Drostanolone \u00e8 un derivato del diidrotestosterone, con<\/p>\n","protected":false},"featured_media":5383,"comment_status":"open","ping_status":"closed","template":"","meta":[],"product_brand":[],"product_cat":[69],"product_tag":[],"class_list":{"0":"post-5382","1":"product","2":"type-product","3":"status-publish","4":"has-post-thumbnail","6":"product_cat-esteroides_inyectables","8":"first","9":"outofstock","10":"sale","11":"shipping-taxable","12":"purchasable","13":"product-type-simple"},"yoast_head":"<!-- This site is optimized with the Yoast SEO Premium plugin v24.4 (Yoast SEO v27.0) - https:\/\/yoast.com\/product\/yoast-seo-premium-wordpress\/ -->\n<title>SP DROSTANOL 200 mg - Iberoid - Steroids online<\/title>\n<meta name=\"robots\" content=\"index, follow, max-snippet:-1, max-image-preview:large, max-video-preview:-1\" \/>\n<link rel=\"canonical\" href=\"https:\/\/iberoid-shop.com\/en\/product\/sp-drostanol200-mg-drostanolone-enanthate\/\" \/>\n<meta property=\"og:locale\" content=\"en_US\" \/>\n<meta property=\"og:type\" content=\"article\" \/>\n<meta property=\"og:title\" content=\"SP DROSTANOL 200 mg\" \/>\n<meta property=\"og:description\" content=\"Product Name: Drostanol Manufacturer: SP Laboratories Presentation: 10ml 100mg\/ml Active chemical: drostanolone enanthate Drostanolone \u00e8 un derivato del diidrotestosterone, con\" \/>\n<meta property=\"og:url\" content=\"https:\/\/iberoid-shop.com\/en\/product\/sp-drostanol200-mg-drostanolone-enanthate\/\" \/>\n<meta property=\"og:site_name\" content=\"Iberoid - Steroids online\" \/>\n<meta property=\"article:modified_time\" content=\"2021-12-01T18:25:02+00:00\" \/>\n<meta property=\"og:image\" content=\"https:\/\/iberoid-shop.com\/wp-content\/uploads\/2020\/10\/drosta.jpg?v=1678120085\" \/>\n\t<meta property=\"og:image:width\" content=\"388\" \/>\n\t<meta property=\"og:image:height\" content=\"388\" \/>\n\t<meta property=\"og:image:type\" content=\"image\/jpeg\" \/>\n<meta name=\"twitter:card\" content=\"summary_large_image\" \/>\n<meta name=\"twitter:label1\" content=\"Price\" \/>\n\t<meta name=\"twitter:data1\" content=\"&euro;65.00\" \/>\n\t<meta name=\"twitter:label2\" content=\"Availability\" \/>\n\t<meta name=\"twitter:data2\" content=\"Out of stock\" \/>\n<script type=\"application\/ld+json\" class=\"yoast-schema-graph\">{\"@context\":\"https:\/\/schema.org\",\"@graph\":[{\"@type\":\"WebPage\",\"@id\":\"https:\/\/iberoid-shop.com\/en\/product\/sp-drostanol200-mg-drostanolone-enanthate\/\",\"url\":\"https:\/\/iberoid-shop.com\/en\/product\/sp-drostanol200-mg-drostanolone-enanthate\/\",\"name\":\"SP DROSTANOL 200 mg - Iberoid - Steroids online\",\"isPartOf\":{\"@id\":\"https:\/\/iberoid-shop.com\/en\/#website\"},\"primaryImageOfPage\":{\"@id\":\"https:\/\/iberoid-shop.com\/en\/product\/sp-drostanol200-mg-drostanolone-enanthate\/#primaryimage\"},\"image\":{\"@id\":\"https:\/\/iberoid-shop.com\/en\/product\/sp-drostanol200-mg-drostanolone-enanthate\/#primaryimage\"},\"thumbnailUrl\":\"https:\/\/iberoid-shop.com\/wp-content\/uploads\/2020\/10\/drosta.jpg?v=1678120085\",\"datePublished\":\"2020-10-10T11:54:33+00:00\",\"dateModified\":\"2021-12-01T18:25:02+00:00\",\"breadcrumb\":{\"@id\":\"https:\/\/iberoid-shop.com\/en\/product\/sp-drostanol200-mg-drostanolone-enanthate\/#breadcrumb\"},\"inLanguage\":\"en-US\",\"potentialAction\":[{\"@type\":\"ReadAction\",\"target\":[[\"https:\/\/iberoid-shop.com\/en\/product\/sp-drostanol200-mg-drostanolone-enanthate\/\"]]}]},{\"@type\":\"ImageObject\",\"inLanguage\":\"en-US\",\"@id\":\"https:\/\/iberoid-shop.com\/en\/product\/sp-drostanol200-mg-drostanolone-enanthate\/#primaryimage\",\"url\":\"https:\/\/iberoid-shop.com\/wp-content\/uploads\/2020\/10\/drosta.jpg?v=1678120085\",\"contentUrl\":\"https:\/\/iberoid-shop.com\/wp-content\/uploads\/2020\/10\/drosta.jpg?v=1678120085\",\"width\":388,\"height\":388},{\"@type\":\"BreadcrumbList\",\"@id\":\"https:\/\/iberoid-shop.com\/en\/product\/sp-drostanol200-mg-drostanolone-enanthate\/#breadcrumb\",\"itemListElement\":[{\"@type\":\"ListItem\",\"position\":1,\"name\":\"Portada\",\"item\":\"https:\/\/iberoid-shop.com\/en\/\"},{\"@type\":\"ListItem\",\"position\":2,\"name\":\"Store\",\"item\":\"https:\/\/iberoid-shop.com\/en\/shop\/\"},{\"@type\":\"ListItem\",\"position\":3,\"name\":\"SP DROSTANOL 200 mg\"}]},{\"@type\":\"WebSite\",\"@id\":\"https:\/\/iberoid-shop.com\/en\/#website\",\"url\":\"https:\/\/iberoid-shop.com\/en\/\",\"name\":\"Iberoid - Steroids online\",\"description\":\"Buy steroids online today in Spain and Portugal. We have the best customer service in the industry and the highest quality products\",\"potentialAction\":[{\"@type\":\"SearchAction\",\"target\":{\"@type\":\"EntryPoint\",\"urlTemplate\":\"https:\/\/iberoid-shop.com\/en\/?s={search_term_string}\"},\"query-input\":{\"@type\":\"PropertyValueSpecification\",\"valueRequired\":true,\"valueName\":\"search_term_string\"}}],\"inLanguage\":\"en-US\"}]}<\/script>\n<meta property=\"product:brand\" content=\"SP Laboratories\" \/>\n<meta property=\"product:price:amount\" content=\"65.00\" \/>\n<meta property=\"product:price:currency\" content=\"EUR\" \/>\n<meta property=\"og:availability\" content=\"out of stock\" \/>\n<meta property=\"product:availability\" content=\"out of stock\" \/>\n<meta property=\"product:condition\" content=\"new\" \/>\n<!-- \/ Yoast SEO Premium plugin. -->","yoast_head_json":{"title":"SP DROSTANOL 200 mg - Iberoid - Steroids online","robots":{"index":"index","follow":"follow","max-snippet":"max-snippet:-1","max-image-preview":"max-image-preview:large","max-video-preview":"max-video-preview:-1"},"canonical":"https:\/\/iberoid-shop.com\/en\/product\/sp-drostanol200-mg-drostanolone-enanthate\/","og_locale":"en_US","og_type":"article","og_title":"SP DROSTANOL 200 mg","og_description":"Product Name: Drostanol Manufacturer: SP Laboratories Presentation: 10ml 100mg\/ml Active chemical: drostanolone enanthate Drostanolone \u00e8 un derivato del diidrotestosterone, con","og_url":"https:\/\/iberoid-shop.com\/en\/product\/sp-drostanol200-mg-drostanolone-enanthate\/","og_site_name":"Iberoid - Steroids online","article_modified_time":"2021-12-01T18:25:02+00:00","og_image":[{"width":388,"height":388,"url":"https:\/\/iberoid-shop.com\/wp-content\/uploads\/2020\/10\/drosta.jpg?v=1678120085","type":"image\/jpeg"}],"twitter_card":"summary_large_image","twitter_misc":{"Price":"&euro;65.00","Availability":"Out of stock"},"schema":{"@context":"https:\/\/schema.org","@graph":[{"@type":"WebPage","@id":"https:\/\/iberoid-shop.com\/en\/product\/sp-drostanol200-mg-drostanolone-enanthate\/","url":"https:\/\/iberoid-shop.com\/en\/product\/sp-drostanol200-mg-drostanolone-enanthate\/","name":"SP DROSTANOL 200 mg - Iberoid - Steroids online","isPartOf":{"@id":"https:\/\/iberoid-shop.com\/en\/#website"},"primaryImageOfPage":{"@id":"https:\/\/iberoid-shop.com\/en\/product\/sp-drostanol200-mg-drostanolone-enanthate\/#primaryimage"},"image":{"@id":"https:\/\/iberoid-shop.com\/en\/product\/sp-drostanol200-mg-drostanolone-enanthate\/#primaryimage"},"thumbnailUrl":"https:\/\/iberoid-shop.com\/wp-content\/uploads\/2020\/10\/drosta.jpg?v=1678120085","datePublished":"2020-10-10T11:54:33+00:00","dateModified":"2021-12-01T18:25:02+00:00","breadcrumb":{"@id":"https:\/\/iberoid-shop.com\/en\/product\/sp-drostanol200-mg-drostanolone-enanthate\/#breadcrumb"},"inLanguage":"en-US","potentialAction":[{"@type":"ReadAction","target":[["https:\/\/iberoid-shop.com\/en\/product\/sp-drostanol200-mg-drostanolone-enanthate\/"]]}]},{"@type":"ImageObject","inLanguage":"en-US","@id":"https:\/\/iberoid-shop.com\/en\/product\/sp-drostanol200-mg-drostanolone-enanthate\/#primaryimage","url":"https:\/\/iberoid-shop.com\/wp-content\/uploads\/2020\/10\/drosta.jpg?v=1678120085","contentUrl":"https:\/\/iberoid-shop.com\/wp-content\/uploads\/2020\/10\/drosta.jpg?v=1678120085","width":388,"height":388},{"@type":"BreadcrumbList","@id":"https:\/\/iberoid-shop.com\/en\/product\/sp-drostanol200-mg-drostanolone-enanthate\/#breadcrumb","itemListElement":[{"@type":"ListItem","position":1,"name":"Portada","item":"https:\/\/iberoid-shop.com\/en\/"},{"@type":"ListItem","position":2,"name":"Store","item":"https:\/\/iberoid-shop.com\/en\/shop\/"},{"@type":"ListItem","position":3,"name":"SP DROSTANOL 200 mg"}]},{"@type":"WebSite","@id":"https:\/\/iberoid-shop.com\/en\/#website","url":"https:\/\/iberoid-shop.com\/en\/","name":"Iberoid - Steroids online","description":"Buy steroids online today in Spain and Portugal. We have the best customer service in the industry and the highest quality products","potentialAction":[{"@type":"SearchAction","target":{"@type":"EntryPoint","urlTemplate":"https:\/\/iberoid-shop.com\/en\/?s={search_term_string}"},"query-input":{"@type":"PropertyValueSpecification","valueRequired":true,"valueName":"search_term_string"}}],"inLanguage":"en-US"}]},"product_brand":"SP Laboratories","product_price_amount":"65.00","product_price_currency":"EUR","og_availability":"out of stock","product_availability":"out of stock","product_condition":"new"},"_links":{"self":[{"href":"https:\/\/iberoid-shop.com\/en\/wp-json\/wp\/v2\/product\/5382","targetHints":{"allow":["GET"]}}],"collection":[{"href":"https:\/\/iberoid-shop.com\/en\/wp-json\/wp\/v2\/product"}],"about":[{"href":"https:\/\/iberoid-shop.com\/en\/wp-json\/wp\/v2\/types\/product"}],"replies":[{"embeddable":true,"href":"https:\/\/iberoid-shop.com\/en\/wp-json\/wp\/v2\/comments?post=5382"}],"wp:featuredmedia":[{"embeddable":true,"href":"https:\/\/iberoid-shop.com\/en\/wp-json\/wp\/v2\/media\/5383"}],"wp:attachment":[{"href":"https:\/\/iberoid-shop.com\/en\/wp-json\/wp\/v2\/media?parent=5382"}],"wp:term":[{"taxonomy":"product_brand","embeddable":true,"href":"https:\/\/iberoid-shop.com\/en\/wp-json\/wp\/v2\/product_brand?post=5382"},{"taxonomy":"product_cat","embeddable":true,"href":"https:\/\/iberoid-shop.com\/en\/wp-json\/wp\/v2\/product_cat?post=5382"},{"taxonomy":"product_tag","embeddable":true,"href":"https:\/\/iberoid-shop.com\/en\/wp-json\/wp\/v2\/product_tag?post=5382"}],"curies":[{"name":"wp","href":"https:\/\/api.w.org\/{rel}","templated":true}]}}