{"id":5360,"date":"2020-10-08T17:33:58","date_gmt":"2020-10-08T17:33:58","guid":{"rendered":"https:\/\/iberoid-shop.com\/?post_type=product&#038;p=5360"},"modified":"2022-06-07T23:38:29","modified_gmt":"2022-06-07T23:38:29","slug":"sp-nandrolone-sp-laboratories","status":"publish","type":"product","link":"https:\/\/iberoid-shop.com\/en\/product\/sp-nandrolone-sp-laboratories\/","title":{"rendered":"SP Nandrolone D"},"content":{"rendered":"<p>Product Name: Nandrolone D<br \/>\nManufacturer: SP Laboratories<br \/>\nPresentation: Box with 10 ml 200mg\/ml<br \/>\nActive Substance: nandrolone decanoate<br \/>\n<span id=\"result_box\" lang=\"en\"><span title=\"Viata Activa: 7-10 zile\">Active Life: 7-10 days<\/span><br \/>\n<span title=\"Doza recomandata: 300-600mg\/sapt\">Suggested Use: 300-600mg\/sapt<\/span><br \/>\n<span title=\"Acnee: Da, daca esti predispus.\">Acne: Yes, if you&#8217;re prone.<\/span><br \/>\n<span title=\"Apa retinuta: 20% fata de testosteron\">Water retained: 20% compared to testosterone<\/span><br \/>\n<span title=\"Tensiune Ridicata: Rar\">High Voltage: Rarely<\/span><br \/>\n<span title=\"Toxicitate Ficat: NU\">Liver toxicity: NO<\/span><br \/>\n<span title=\"Conversie in DHT: NU, in NOR-DHT\">DHT Conversion: No, the NOR-DHT<\/span><br \/>\n<span title=\"Aromatizare: Scazuta si in norestrogeni\">Flavouring: Low and norestrogeni<\/span><br \/>\n<span title=\"Inhibare test Propriu: Moderat\">Own inhibition test: Moderate<\/span><\/span><\/p>\n<p><span title=\"Cunoscut mai mult ca &quot;Deca&quot;, Deca Durabolin-ul este un steroid injectabil cu o istorie lunga si relativ pozitiva.\">Better known as &#8220;Deca&#8221;, Deca Durabolin is the injectable steroid with a long history and relatively positive.\u00a0<\/span><span title=\"Acesta a fost folosit pentru a trata in mod eficient HIV + si SIDA si este cunoscut ca un steroid fenomenal pentru construirea masei musculare.&quot;Deca Durabolin&quot; este numele de brand pentru produsul Organon Nandrolon Decanoat, la \u00eenceputul anilor 80.\">It has been used to effectively treat HIV and AIDS and is known as a phenomenal steroid for building muscle mass. &#8220;Deca Durabolin&#8221; is the Organon brand name for nandrolone decanoate product in the early 80&#8217;s.\u00a0<\/span><span title=\"&quot;Deca&quot; este, prin urmare, doar un nume de brand, desi \u00een prezent, argoul pe piata neagra este de a apela orice produs Nandrolon cu esterul decanoat &quot;Deca&quot;.\">&#8220;Deca&#8221; is therefore just a brand name, although now on the black market slang is to call any Nandrolone product with the Decanoate ester &#8220;Deca.&#8221;\u00a0<\/span><span title=\"Este considerat ca deca durabolin-ul constituie 30% din vanzarile totale de steroizi ceea ce il face cel mai raspandit si folosit steroid injectabil din lume.\">Deca Durabolin is considered to constitute 30% of the total sales of steroids making it the most widespread and used injectable steroid in the world.<\/span><\/p>\n<p><span title=\"Deca Durabolin este adesea folosit \u00een combinatie cu alti steroizi, cum ar fi Trenbolon, acest lucru este posibil prin utilizarea cu Dostinex, care permite ca aceste doua anabolizante a fi utilizate \u00eempreuna [chiar si \u00een acelasi timp] fara griji cu privire la hormoni.\">Deca Durabolin is often used in combination with other steroids such as trenbolone, it is possible by use of Dostinex, which allows these two anabolics to be used together [even at the same time] without worrying about the hormones.\u00a0<\/span><span title=\"De asemenea se mai combina bine cu dianabolul sau testosteronul in cicluri de masa, combinatie folosita si de arnold.\">There are also combine well with Dianabol or testosterone cycles meal combination used by Arnold.<\/span><\/p>\n<p><span title=\"Este un progestin, realizat prin eliminarea unui atom de carbon de la pozitia 19.\">It is a progestin, made by removing a carbon atom at position 19.\u00a0<\/span><span title=\"Ca urmare, desi este un progestin, Nandrolon-ul nu produce multe efecte secundare estrogenice pure, asa ca a fost un favorit \u00een mai multe cicluri de taiere si \u00eencarcare de peste c\u00e2teva decenii.\">Therefore, although a progestin, Nandrolone does not produce many estrogenic side effects pure, so it was a favorite in several cycles of cutting and loading in a few decades.\u00a0<\/span><span title=\"Deca are o rata foarte scazuta de aromatizare (conversie metabolica in estrogen prin enzima de aromatasa), egala cu 20% a ratei de conversie a testosteronului.\">Deca has a very low rate of aromatization (estrogen conversion by metabolic enzyme aromatasa), equal to 20% conversion rate of testosterone.<\/span><\/p>\n<p><span title=\"Una dintre proprietatile cu adevarat interesante ale Deca Durabolin-ului este capacitatea sa de a \u00eembunatati sinteza de colagen si continutul de minerale osoase, care este un ajutor imens pentru sportivii cu probleme de tesut conjunctiv sau alte probleme comune.\">One of the properties of Deca Durabolin really interesting site is the ability to improve collagen synthesis and bone mineral content, which is a huge help for athletes with connective tissue problems or other joint problems.\u00a0<\/span><span title=\"De asemenea, probabil din cauza ca este un progestin, acesta poate avea efecte benefice asupra procesului imun, anti-inflamator, astfel articulatiile nu sunt o problema.\">Also, perhaps because it is a progestin, it can have beneficial effects on immune process, anti-inflammatory, such joints are not a problem.<\/span><\/p>\n<p><span title=\"Deca Durabolin-ul este unul dintre putinii steroizi care a fost folosit cu succes la pacientii cu SIDA pentru a stimula cresterea in greutate, si acest efect a fost experimentat la multi sportivi si culturisti, de asemenea.\">Deca Durabolin is one of the few steroids which has been used successfully in AIDS patients to stimulate weight gain, and this effect was experienced in many athletes and bodybuilders as well.\u00a0<\/span><span title=\"Deca este at\u00e2t un steroid foarte frumos pentru taiere si cicluri de \u00eencarcare, desi versiunea mai scurta ca ester, Nandrolon Phenylpropionate (Durabolin), este o versiune mai populara folosita la cicluri de definire.\">Deca is a steroid so very much for cutting and loading cycles, although the shorter the ester, nandrolone phenylpropionate (Durabolin), is a popular version of the definition used in cycles.<\/span><\/p>\n<p><span title=\"Acest lucru inseamna ca Deca Durabolin are o viata foarte lunga activa si, prin urmare, este de obicei folosit pentru o perioada de nu mai putin de zece saptam\u00e2ni, si, de obicei, timp de 12 saptam\u00e2ni.\">This means that Deca Durabolin has a very long active life and, therefore, is commonly used for a period of not less than ten weeks, and usually for 12 weeks.\u00a0<\/span><span title=\"In ceea ce priveste dozele in care se administreaza, Deca are in general efecte care depind de doza folosita.\">Regarding the dose is administered, Deca is usually used dose dependent effects.\u00a0<\/span><span title=\"Asta inseamna ca, cu cat iei mai mult, cu atat va fi mai mare efectul anabolic.\">This means that the higher take more, much will be greater anabolic effect.\u00a0<\/span><span title=\"Dozajul optim oscileaza intre 400-600 mg\/saptamana.\">The optimum dosage varies between 400-600 mg \/ week.\u00a0<\/span><span title=\"Se crede ca cel mai bun efect se obtine la o doza de 6 mg pe kilogram.\">It is believed that the best effect is achieved at a dose of 6 mg per kilogram.<\/span><\/p>","protected":false},"excerpt":{"rendered":"<p>Product Name: Nandrolone D Manufacturer: SP Laboratories Presentation: Box with 10 ml 200mg\/ml Active Substance: nandrolone decanoate Active Life: 7-10<\/p>\n","protected":false},"featured_media":5361,"comment_status":"open","ping_status":"closed","template":"","meta":[],"product_brand":[],"product_cat":[69],"product_tag":[],"class_list":{"0":"post-5360","1":"product","2":"type-product","3":"status-publish","4":"has-post-thumbnail","6":"product_cat-esteroides_inyectables","8":"first","9":"outofstock","10":"sale","11":"shipping-taxable","12":"purchasable","13":"product-type-simple"},"yoast_head":"<!-- This site is optimized with the Yoast SEO Premium plugin v24.4 (Yoast SEO v27.3) - https:\/\/yoast.com\/product\/yoast-seo-premium-wordpress\/ -->\n<title>SP Nandrolone D - Iberoid - Steroids online<\/title>\n<meta name=\"robots\" content=\"index, follow, max-snippet:-1, max-image-preview:large, max-video-preview:-1\" \/>\n<link rel=\"canonical\" href=\"https:\/\/iberoid-shop.com\/en\/product\/sp-nandrolone-sp-laboratories\/\" \/>\n<meta property=\"og:locale\" content=\"en_US\" \/>\n<meta property=\"og:type\" content=\"article\" \/>\n<meta property=\"og:title\" content=\"SP Nandrolone D\" \/>\n<meta property=\"og:description\" content=\"Product Name: Nandrolone D Manufacturer: SP Laboratories Presentation: Box with 10 ml 200mg\/ml Active Substance: nandrolone decanoate Active Life: 7-10\" \/>\n<meta property=\"og:url\" content=\"https:\/\/iberoid-shop.com\/en\/product\/sp-nandrolone-sp-laboratories\/\" \/>\n<meta property=\"og:site_name\" content=\"Iberoid - Steroids online\" \/>\n<meta property=\"article:modified_time\" content=\"2022-06-07T23:38:29+00:00\" \/>\n<meta property=\"og:image\" content=\"https:\/\/iberoid-shop.com\/wp-content\/uploads\/2020\/10\/deca-sp.jpg?v=1678120091\" \/>\n\t<meta property=\"og:image:width\" content=\"388\" \/>\n\t<meta property=\"og:image:height\" content=\"388\" \/>\n\t<meta property=\"og:image:type\" content=\"image\/jpeg\" \/>\n<meta name=\"twitter:card\" content=\"summary_large_image\" \/>\n<meta name=\"twitter:label1\" content=\"Price\" \/>\n\t<meta name=\"twitter:data1\" content=\"&euro;50.00\" \/>\n\t<meta name=\"twitter:label2\" content=\"Availability\" \/>\n\t<meta name=\"twitter:data2\" content=\"Out of stock\" \/>\n<script type=\"application\/ld+json\" class=\"yoast-schema-graph\">{\"@context\":\"https:\\\/\\\/schema.org\",\"@graph\":[{\"@type\":\"WebPage\",\"@id\":\"https:\\\/\\\/iberoid-shop.com\\\/en\\\/product\\\/sp-nandrolone-sp-laboratories\\\/\",\"url\":\"https:\\\/\\\/iberoid-shop.com\\\/en\\\/product\\\/sp-nandrolone-sp-laboratories\\\/\",\"name\":\"SP Nandrolone D - Iberoid - Steroids online\",\"isPartOf\":{\"@id\":\"https:\\\/\\\/iberoid-shop.com\\\/en\\\/#website\"},\"primaryImageOfPage\":{\"@id\":\"https:\\\/\\\/iberoid-shop.com\\\/en\\\/product\\\/sp-nandrolone-sp-laboratories\\\/#primaryimage\"},\"image\":{\"@id\":\"https:\\\/\\\/iberoid-shop.com\\\/en\\\/product\\\/sp-nandrolone-sp-laboratories\\\/#primaryimage\"},\"thumbnailUrl\":\"https:\\\/\\\/iberoid-shop.com\\\/wp-content\\\/uploads\\\/2020\\\/10\\\/deca-sp.jpg?v=1678120091\",\"datePublished\":\"2020-10-08T17:33:58+00:00\",\"dateModified\":\"2022-06-07T23:38:29+00:00\",\"breadcrumb\":{\"@id\":\"https:\\\/\\\/iberoid-shop.com\\\/en\\\/product\\\/sp-nandrolone-sp-laboratories\\\/#breadcrumb\"},\"inLanguage\":\"en-US\",\"potentialAction\":[{\"@type\":\"ReadAction\",\"target\":[[\"https:\\\/\\\/iberoid-shop.com\\\/en\\\/product\\\/sp-nandrolone-sp-laboratories\\\/\"]]}]},{\"@type\":\"ImageObject\",\"inLanguage\":\"en-US\",\"@id\":\"https:\\\/\\\/iberoid-shop.com\\\/en\\\/product\\\/sp-nandrolone-sp-laboratories\\\/#primaryimage\",\"url\":\"https:\\\/\\\/iberoid-shop.com\\\/wp-content\\\/uploads\\\/2020\\\/10\\\/deca-sp.jpg?v=1678120091\",\"contentUrl\":\"https:\\\/\\\/iberoid-shop.com\\\/wp-content\\\/uploads\\\/2020\\\/10\\\/deca-sp.jpg?v=1678120091\",\"width\":388,\"height\":388},{\"@type\":\"BreadcrumbList\",\"@id\":\"https:\\\/\\\/iberoid-shop.com\\\/en\\\/product\\\/sp-nandrolone-sp-laboratories\\\/#breadcrumb\",\"itemListElement\":[{\"@type\":\"ListItem\",\"position\":1,\"name\":\"Portada\",\"item\":\"https:\\\/\\\/iberoid-shop.com\\\/en\\\/\"},{\"@type\":\"ListItem\",\"position\":2,\"name\":\"Store\",\"item\":\"https:\\\/\\\/iberoid-shop.com\\\/en\\\/shop\\\/\"},{\"@type\":\"ListItem\",\"position\":3,\"name\":\"SP Nandrolone D\"}]},{\"@type\":\"WebSite\",\"@id\":\"https:\\\/\\\/iberoid-shop.com\\\/en\\\/#website\",\"url\":\"https:\\\/\\\/iberoid-shop.com\\\/en\\\/\",\"name\":\"Iberoid - Steroids online\",\"description\":\"Buy steroids online today in Spain and Portugal. We have the best customer service in the industry and the highest quality products\",\"potentialAction\":[{\"@type\":\"SearchAction\",\"target\":{\"@type\":\"EntryPoint\",\"urlTemplate\":\"https:\\\/\\\/iberoid-shop.com\\\/en\\\/?s={search_term_string}\"},\"query-input\":{\"@type\":\"PropertyValueSpecification\",\"valueRequired\":true,\"valueName\":\"search_term_string\"}}],\"inLanguage\":\"en-US\"}]}<\/script>\n<meta property=\"product:brand\" content=\"SP Laboratories\" \/>\n<meta property=\"product:price:amount\" content=\"50.00\" \/>\n<meta property=\"product:price:currency\" content=\"EUR\" \/>\n<meta property=\"og:availability\" content=\"out of stock\" \/>\n<meta property=\"product:availability\" content=\"out of stock\" \/>\n<meta property=\"product:condition\" content=\"new\" \/>\n<!-- \/ Yoast SEO Premium plugin. -->","yoast_head_json":{"title":"SP Nandrolone D - Iberoid - Steroids online","robots":{"index":"index","follow":"follow","max-snippet":"max-snippet:-1","max-image-preview":"max-image-preview:large","max-video-preview":"max-video-preview:-1"},"canonical":"https:\/\/iberoid-shop.com\/en\/product\/sp-nandrolone-sp-laboratories\/","og_locale":"en_US","og_type":"article","og_title":"SP Nandrolone D","og_description":"Product Name: Nandrolone D Manufacturer: SP Laboratories Presentation: Box with 10 ml 200mg\/ml Active Substance: nandrolone decanoate Active Life: 7-10","og_url":"https:\/\/iberoid-shop.com\/en\/product\/sp-nandrolone-sp-laboratories\/","og_site_name":"Iberoid - Steroids online","article_modified_time":"2022-06-07T23:38:29+00:00","og_image":[{"width":388,"height":388,"url":"https:\/\/iberoid-shop.com\/wp-content\/uploads\/2020\/10\/deca-sp.jpg?v=1678120091","type":"image\/jpeg"}],"twitter_card":"summary_large_image","twitter_misc":{"Price":"&euro;50.00","Availability":"Out of stock"},"schema":{"@context":"https:\/\/schema.org","@graph":[{"@type":"WebPage","@id":"https:\/\/iberoid-shop.com\/en\/product\/sp-nandrolone-sp-laboratories\/","url":"https:\/\/iberoid-shop.com\/en\/product\/sp-nandrolone-sp-laboratories\/","name":"SP Nandrolone D - Iberoid - Steroids online","isPartOf":{"@id":"https:\/\/iberoid-shop.com\/en\/#website"},"primaryImageOfPage":{"@id":"https:\/\/iberoid-shop.com\/en\/product\/sp-nandrolone-sp-laboratories\/#primaryimage"},"image":{"@id":"https:\/\/iberoid-shop.com\/en\/product\/sp-nandrolone-sp-laboratories\/#primaryimage"},"thumbnailUrl":"https:\/\/iberoid-shop.com\/wp-content\/uploads\/2020\/10\/deca-sp.jpg?v=1678120091","datePublished":"2020-10-08T17:33:58+00:00","dateModified":"2022-06-07T23:38:29+00:00","breadcrumb":{"@id":"https:\/\/iberoid-shop.com\/en\/product\/sp-nandrolone-sp-laboratories\/#breadcrumb"},"inLanguage":"en-US","potentialAction":[{"@type":"ReadAction","target":[["https:\/\/iberoid-shop.com\/en\/product\/sp-nandrolone-sp-laboratories\/"]]}]},{"@type":"ImageObject","inLanguage":"en-US","@id":"https:\/\/iberoid-shop.com\/en\/product\/sp-nandrolone-sp-laboratories\/#primaryimage","url":"https:\/\/iberoid-shop.com\/wp-content\/uploads\/2020\/10\/deca-sp.jpg?v=1678120091","contentUrl":"https:\/\/iberoid-shop.com\/wp-content\/uploads\/2020\/10\/deca-sp.jpg?v=1678120091","width":388,"height":388},{"@type":"BreadcrumbList","@id":"https:\/\/iberoid-shop.com\/en\/product\/sp-nandrolone-sp-laboratories\/#breadcrumb","itemListElement":[{"@type":"ListItem","position":1,"name":"Portada","item":"https:\/\/iberoid-shop.com\/en\/"},{"@type":"ListItem","position":2,"name":"Store","item":"https:\/\/iberoid-shop.com\/en\/shop\/"},{"@type":"ListItem","position":3,"name":"SP Nandrolone D"}]},{"@type":"WebSite","@id":"https:\/\/iberoid-shop.com\/en\/#website","url":"https:\/\/iberoid-shop.com\/en\/","name":"Iberoid - Steroids online","description":"Buy steroids online today in Spain and Portugal. We have the best customer service in the industry and the highest quality products","potentialAction":[{"@type":"SearchAction","target":{"@type":"EntryPoint","urlTemplate":"https:\/\/iberoid-shop.com\/en\/?s={search_term_string}"},"query-input":{"@type":"PropertyValueSpecification","valueRequired":true,"valueName":"search_term_string"}}],"inLanguage":"en-US"}]},"product_brand":"SP Laboratories","product_price_amount":"50.00","product_price_currency":"EUR","og_availability":"out of stock","product_availability":"out of stock","product_condition":"new"},"_links":{"self":[{"href":"https:\/\/iberoid-shop.com\/en\/wp-json\/wp\/v2\/product\/5360","targetHints":{"allow":["GET"]}}],"collection":[{"href":"https:\/\/iberoid-shop.com\/en\/wp-json\/wp\/v2\/product"}],"about":[{"href":"https:\/\/iberoid-shop.com\/en\/wp-json\/wp\/v2\/types\/product"}],"replies":[{"embeddable":true,"href":"https:\/\/iberoid-shop.com\/en\/wp-json\/wp\/v2\/comments?post=5360"}],"wp:featuredmedia":[{"embeddable":true,"href":"https:\/\/iberoid-shop.com\/en\/wp-json\/wp\/v2\/media\/5361"}],"wp:attachment":[{"href":"https:\/\/iberoid-shop.com\/en\/wp-json\/wp\/v2\/media?parent=5360"}],"wp:term":[{"taxonomy":"product_brand","embeddable":true,"href":"https:\/\/iberoid-shop.com\/en\/wp-json\/wp\/v2\/product_brand?post=5360"},{"taxonomy":"product_cat","embeddable":true,"href":"https:\/\/iberoid-shop.com\/en\/wp-json\/wp\/v2\/product_cat?post=5360"},{"taxonomy":"product_tag","embeddable":true,"href":"https:\/\/iberoid-shop.com\/en\/wp-json\/wp\/v2\/product_tag?post=5360"}],"curies":[{"name":"wp","href":"https:\/\/api.w.org\/{rel}","templated":true}]}}