{"id":3158,"date":"2019-11-21T20:32:18","date_gmt":"2019-11-21T20:32:18","guid":{"rendered":"https:\/\/iberoid-shop.com\/?post_type=product&#038;p=3158"},"modified":"2022-12-12T11:48:31","modified_gmt":"2022-12-12T11:48:31","slug":"trenbolone-75","status":"publish","type":"product","link":"https:\/\/iberoid-shop.com\/en\/product\/trenbolone-75\/","title":{"rendered":"Trenbolone 75"},"content":{"rendered":"<p>Trenbolone Acetate is used to treat weight gain after extensive surgery, chronic infection, or severe trauma. It is also used to minimize muscular dystrophy caused by corticosteroid treatment and to reduce bone pain caused by osteoporosis.<br \/>\nDescription<br \/>\n1 vial contains 10 ml of solution for injection;<br \/>\nActive substances<br \/>\nEach ml of Trenbolone 75 contains 75 mg of Trenbolone Acetate;<br \/>\nAdministration route<br \/>\nFor intramuscular use only;<\/p>","protected":false},"excerpt":{"rendered":"<p>Trenbolone Acetate is used to treat weight gain after extensive surgery, chronic infection, or severe trauma. It is also used<\/p>\n","protected":false},"featured_media":3160,"comment_status":"open","ping_status":"closed","template":"","meta":[],"product_brand":[],"product_cat":[69],"product_tag":[],"class_list":{"0":"post-3158","1":"product","2":"type-product","3":"status-publish","4":"has-post-thumbnail","6":"product_cat-esteroides_inyectables","8":"first","9":"outofstock","10":"sale","11":"shipping-taxable","12":"purchasable","13":"product-type-simple"},"yoast_head":"<!-- This site is optimized with the Yoast SEO Premium plugin v24.4 (Yoast SEO v27.0) - https:\/\/yoast.com\/product\/yoast-seo-premium-wordpress\/ -->\n<title>Trenbolone 75 - Iberoid - Steroids online<\/title>\n<meta name=\"description\" content=\"(Espa\u00f1ol) El acetato de trembolona se usa para tratar el aumento de peso despu\u00e9s de una cirug\u00eda extensa, una infecci\u00f3n cr\u00f3nica o un trauma severo.\" \/>\n<meta name=\"robots\" content=\"index, follow, max-snippet:-1, max-image-preview:large, max-video-preview:-1\" \/>\n<link rel=\"canonical\" href=\"https:\/\/iberoid-shop.com\/en\/product\/trenbolone-75\/\" \/>\n<meta property=\"og:locale\" content=\"en_US\" \/>\n<meta property=\"og:type\" content=\"article\" \/>\n<meta property=\"og:title\" content=\"Trenbolone 75\" \/>\n<meta property=\"og:description\" content=\"(Espa\u00f1ol) El acetato de trembolona se usa para tratar el aumento de peso despu\u00e9s de una cirug\u00eda extensa, una infecci\u00f3n cr\u00f3nica o un trauma severo.\" \/>\n<meta property=\"og:url\" content=\"https:\/\/iberoid-shop.com\/en\/product\/trenbolone-75\/\" \/>\n<meta property=\"og:site_name\" content=\"Iberoid - Steroids online\" \/>\n<meta property=\"article:modified_time\" content=\"2022-12-12T11:48:31+00:00\" \/>\n<meta property=\"og:image\" content=\"https:\/\/iberoid-shop.com\/wp-content\/uploads\/2019\/11\/trenbolone_75.jpg?v=1678120151\" \/>\n\t<meta property=\"og:image:width\" content=\"388\" \/>\n\t<meta property=\"og:image:height\" content=\"388\" \/>\n\t<meta property=\"og:image:type\" content=\"image\/jpeg\" \/>\n<meta name=\"twitter:card\" content=\"summary_large_image\" \/>\n<meta name=\"twitter:label1\" content=\"Price\" \/>\n\t<meta name=\"twitter:data1\" content=\"&euro;50.00\" \/>\n\t<meta name=\"twitter:label2\" content=\"Availability\" \/>\n\t<meta name=\"twitter:data2\" content=\"Out of stock\" \/>\n<script type=\"application\/ld+json\" class=\"yoast-schema-graph\">{\"@context\":\"https:\/\/schema.org\",\"@graph\":[{\"@type\":\"WebPage\",\"@id\":\"https:\/\/iberoid-shop.com\/en\/product\/trenbolone-75\/\",\"url\":\"https:\/\/iberoid-shop.com\/en\/product\/trenbolone-75\/\",\"name\":\"Trenbolone 75 - Iberoid - Steroids online\",\"isPartOf\":{\"@id\":\"https:\/\/iberoid-shop.com\/en\/#website\"},\"primaryImageOfPage\":{\"@id\":\"https:\/\/iberoid-shop.com\/en\/product\/trenbolone-75\/#primaryimage\"},\"image\":{\"@id\":\"https:\/\/iberoid-shop.com\/en\/product\/trenbolone-75\/#primaryimage\"},\"thumbnailUrl\":\"https:\/\/iberoid-shop.com\/wp-content\/uploads\/2019\/11\/trenbolone_75.jpg?v=1678120151\",\"datePublished\":\"2019-11-21T20:32:18+00:00\",\"dateModified\":\"2022-12-12T11:48:31+00:00\",\"description\":\"(Espa\u00f1ol) El acetato de trembolona se usa para tratar el aumento de peso despu\u00e9s de una cirug\u00eda extensa, una infecci\u00f3n cr\u00f3nica o un trauma severo.\",\"breadcrumb\":{\"@id\":\"https:\/\/iberoid-shop.com\/en\/product\/trenbolone-75\/#breadcrumb\"},\"inLanguage\":\"en-US\",\"potentialAction\":[{\"@type\":\"ReadAction\",\"target\":[[\"https:\/\/iberoid-shop.com\/en\/product\/trenbolone-75\/\"]]}]},{\"@type\":\"ImageObject\",\"inLanguage\":\"en-US\",\"@id\":\"https:\/\/iberoid-shop.com\/en\/product\/trenbolone-75\/#primaryimage\",\"url\":\"https:\/\/iberoid-shop.com\/wp-content\/uploads\/2019\/11\/trenbolone_75.jpg?v=1678120151\",\"contentUrl\":\"https:\/\/iberoid-shop.com\/wp-content\/uploads\/2019\/11\/trenbolone_75.jpg?v=1678120151\",\"width\":388,\"height\":388},{\"@type\":\"BreadcrumbList\",\"@id\":\"https:\/\/iberoid-shop.com\/en\/product\/trenbolone-75\/#breadcrumb\",\"itemListElement\":[{\"@type\":\"ListItem\",\"position\":1,\"name\":\"Portada\",\"item\":\"https:\/\/iberoid-shop.com\/en\/\"},{\"@type\":\"ListItem\",\"position\":2,\"name\":\"Store\",\"item\":\"https:\/\/iberoid-shop.com\/en\/shop\/\"},{\"@type\":\"ListItem\",\"position\":3,\"name\":\"Trenbolone 75\"}]},{\"@type\":\"WebSite\",\"@id\":\"https:\/\/iberoid-shop.com\/en\/#website\",\"url\":\"https:\/\/iberoid-shop.com\/en\/\",\"name\":\"Iberoid - Steroids online\",\"description\":\"Buy steroids online today in Spain and Portugal. We have the best customer service in the industry and the highest quality products\",\"potentialAction\":[{\"@type\":\"SearchAction\",\"target\":{\"@type\":\"EntryPoint\",\"urlTemplate\":\"https:\/\/iberoid-shop.com\/en\/?s={search_term_string}\"},\"query-input\":{\"@type\":\"PropertyValueSpecification\",\"valueRequired\":true,\"valueName\":\"search_term_string\"}}],\"inLanguage\":\"en-US\"}]}<\/script>\n<meta property=\"product:brand\" content=\"SP Laboratories\" \/>\n<meta property=\"product:price:amount\" content=\"50.00\" \/>\n<meta property=\"product:price:currency\" content=\"EUR\" \/>\n<meta property=\"og:availability\" content=\"out of stock\" \/>\n<meta property=\"product:availability\" content=\"out of stock\" \/>\n<meta property=\"product:condition\" content=\"new\" \/>\n<!-- \/ Yoast SEO Premium plugin. -->","yoast_head_json":{"title":"Trenbolone 75 - Iberoid - Steroids online","description":"(Espa\u00f1ol) El acetato de trembolona se usa para tratar el aumento de peso despu\u00e9s de una cirug\u00eda extensa, una infecci\u00f3n cr\u00f3nica o un trauma severo.","robots":{"index":"index","follow":"follow","max-snippet":"max-snippet:-1","max-image-preview":"max-image-preview:large","max-video-preview":"max-video-preview:-1"},"canonical":"https:\/\/iberoid-shop.com\/en\/product\/trenbolone-75\/","og_locale":"en_US","og_type":"article","og_title":"Trenbolone 75","og_description":"(Espa\u00f1ol) El acetato de trembolona se usa para tratar el aumento de peso despu\u00e9s de una cirug\u00eda extensa, una infecci\u00f3n cr\u00f3nica o un trauma severo.","og_url":"https:\/\/iberoid-shop.com\/en\/product\/trenbolone-75\/","og_site_name":"Iberoid - Steroids online","article_modified_time":"2022-12-12T11:48:31+00:00","og_image":[{"width":388,"height":388,"url":"https:\/\/iberoid-shop.com\/wp-content\/uploads\/2019\/11\/trenbolone_75.jpg?v=1678120151","type":"image\/jpeg"}],"twitter_card":"summary_large_image","twitter_misc":{"Price":"&euro;50.00","Availability":"Out of stock"},"schema":{"@context":"https:\/\/schema.org","@graph":[{"@type":"WebPage","@id":"https:\/\/iberoid-shop.com\/en\/product\/trenbolone-75\/","url":"https:\/\/iberoid-shop.com\/en\/product\/trenbolone-75\/","name":"Trenbolone 75 - Iberoid - Steroids online","isPartOf":{"@id":"https:\/\/iberoid-shop.com\/en\/#website"},"primaryImageOfPage":{"@id":"https:\/\/iberoid-shop.com\/en\/product\/trenbolone-75\/#primaryimage"},"image":{"@id":"https:\/\/iberoid-shop.com\/en\/product\/trenbolone-75\/#primaryimage"},"thumbnailUrl":"https:\/\/iberoid-shop.com\/wp-content\/uploads\/2019\/11\/trenbolone_75.jpg?v=1678120151","datePublished":"2019-11-21T20:32:18+00:00","dateModified":"2022-12-12T11:48:31+00:00","description":"(Espa\u00f1ol) El acetato de trembolona se usa para tratar el aumento de peso despu\u00e9s de una cirug\u00eda extensa, una infecci\u00f3n cr\u00f3nica o un trauma severo.","breadcrumb":{"@id":"https:\/\/iberoid-shop.com\/en\/product\/trenbolone-75\/#breadcrumb"},"inLanguage":"en-US","potentialAction":[{"@type":"ReadAction","target":[["https:\/\/iberoid-shop.com\/en\/product\/trenbolone-75\/"]]}]},{"@type":"ImageObject","inLanguage":"en-US","@id":"https:\/\/iberoid-shop.com\/en\/product\/trenbolone-75\/#primaryimage","url":"https:\/\/iberoid-shop.com\/wp-content\/uploads\/2019\/11\/trenbolone_75.jpg?v=1678120151","contentUrl":"https:\/\/iberoid-shop.com\/wp-content\/uploads\/2019\/11\/trenbolone_75.jpg?v=1678120151","width":388,"height":388},{"@type":"BreadcrumbList","@id":"https:\/\/iberoid-shop.com\/en\/product\/trenbolone-75\/#breadcrumb","itemListElement":[{"@type":"ListItem","position":1,"name":"Portada","item":"https:\/\/iberoid-shop.com\/en\/"},{"@type":"ListItem","position":2,"name":"Store","item":"https:\/\/iberoid-shop.com\/en\/shop\/"},{"@type":"ListItem","position":3,"name":"Trenbolone 75"}]},{"@type":"WebSite","@id":"https:\/\/iberoid-shop.com\/en\/#website","url":"https:\/\/iberoid-shop.com\/en\/","name":"Iberoid - Steroids online","description":"Buy steroids online today in Spain and Portugal. We have the best customer service in the industry and the highest quality products","potentialAction":[{"@type":"SearchAction","target":{"@type":"EntryPoint","urlTemplate":"https:\/\/iberoid-shop.com\/en\/?s={search_term_string}"},"query-input":{"@type":"PropertyValueSpecification","valueRequired":true,"valueName":"search_term_string"}}],"inLanguage":"en-US"}]},"product_brand":"SP Laboratories","product_price_amount":"50.00","product_price_currency":"EUR","og_availability":"out of stock","product_availability":"out of stock","product_condition":"new"},"_links":{"self":[{"href":"https:\/\/iberoid-shop.com\/en\/wp-json\/wp\/v2\/product\/3158","targetHints":{"allow":["GET"]}}],"collection":[{"href":"https:\/\/iberoid-shop.com\/en\/wp-json\/wp\/v2\/product"}],"about":[{"href":"https:\/\/iberoid-shop.com\/en\/wp-json\/wp\/v2\/types\/product"}],"replies":[{"embeddable":true,"href":"https:\/\/iberoid-shop.com\/en\/wp-json\/wp\/v2\/comments?post=3158"}],"wp:featuredmedia":[{"embeddable":true,"href":"https:\/\/iberoid-shop.com\/en\/wp-json\/wp\/v2\/media\/3160"}],"wp:attachment":[{"href":"https:\/\/iberoid-shop.com\/en\/wp-json\/wp\/v2\/media?parent=3158"}],"wp:term":[{"taxonomy":"product_brand","embeddable":true,"href":"https:\/\/iberoid-shop.com\/en\/wp-json\/wp\/v2\/product_brand?post=3158"},{"taxonomy":"product_cat","embeddable":true,"href":"https:\/\/iberoid-shop.com\/en\/wp-json\/wp\/v2\/product_cat?post=3158"},{"taxonomy":"product_tag","embeddable":true,"href":"https:\/\/iberoid-shop.com\/en\/wp-json\/wp\/v2\/product_tag?post=3158"}],"curies":[{"name":"wp","href":"https:\/\/api.w.org\/{rel}","templated":true}]}}