{"id":3056,"date":"2019-11-20T20:38:27","date_gmt":"2019-11-20T20:38:27","guid":{"rendered":"https:\/\/iberoid-shop.com\/?post_type=product&#038;p=3056"},"modified":"2024-11-07T13:12:07","modified_gmt":"2024-11-07T13:12:07","slug":"dianoged","status":"publish","type":"product","link":"https:\/\/iberoid-shop.com\/en\/product\/dianoged\/","title":{"rendered":"Dianoged DiANABOL"},"content":{"rendered":"<p>Danabol or naposim, as it is best known to us in the country, is the most popular oral steroid. It brings rapid increases in mass and strength, which is why most beginners are attracted to it.<br \/>\nIt is one of the oldest anabolic steroids in the world of all time.<\/p>\n<p>Danabol is the most widely used oral steroid. It is he who initiated the era of performance-enhancing substances and physique. It was also adopted in medicine. It was designed to be as anabolic as testosterone, but without pronounced androgenic effects and fast acting.<\/p>\n<p>Naposim or danabol exerts a strongly anabolic and androgenic action. It helps in protein synthesis and nitrogen retention and glycogenolysis. The usual dose is between 40mg and 100mg. It is administered for a period of 6 weeks.<\/p>\n<p>During the 6 weeks there will be an increase in strength, you can accumulate between 10 and 15 kg during this period. The amount of muscle mass and its quality will largely depend on the diet. A high protein diet is required, 2-3 g of protein \/ kg of body.<\/p>\n<p>Danabol (naposim) will retain a lot of water in the body, this is beneficial because it will have the effect of &#8220;lubricating the joints&#8221;. The water accumulated in the body will be eliminated at the end of the cycle. In the post-cycle period, tamoxifen and clomid should be used.<\/p>\n<p>Naposim can be combined with testosterone, decaduraboline but also with other steroids. It helps with rapid growth at the start of long steroid cycles. To give a more muscular appearance at the end of the cycle, oral or injectable Winstrol can be started for 4 weeks.<\/p>","protected":false},"excerpt":{"rendered":"<p>Danabol or naposim, as it is best known to us in the country, is the most popular oral steroid. It<\/p>\n","protected":false},"featured_media":3058,"comment_status":"open","ping_status":"closed","template":"","meta":[],"product_brand":[],"product_cat":[73],"product_tag":[],"class_list":{"0":"post-3056","1":"product","2":"type-product","3":"status-publish","4":"has-post-thumbnail","6":"product_cat-ssteroides_orales","8":"first","9":"outofstock","10":"sale","11":"shipping-taxable","12":"purchasable","13":"product-type-simple"},"yoast_head":"<!-- This site is optimized with the Yoast SEO Premium plugin v24.4 (Yoast SEO v27.0) - https:\/\/yoast.com\/product\/yoast-seo-premium-wordpress\/ -->\n<title>Dianoged DiANABOL - Iberoid - Steroids online<\/title>\n<meta name=\"description\" content=\"(Espa\u00f1ol) Danabol o naposim, como es mejor conocido por nosotros en el pa\u00eds, es el esteroide oral m\u00e1s popular. Danabol es el esteroide oral m\u00e1s utilizado.\" \/>\n<meta name=\"robots\" content=\"index, follow, max-snippet:-1, max-image-preview:large, max-video-preview:-1\" \/>\n<link rel=\"canonical\" href=\"https:\/\/iberoid-shop.com\/en\/product\/dianoged\/\" \/>\n<meta property=\"og:locale\" content=\"en_US\" \/>\n<meta property=\"og:type\" content=\"article\" \/>\n<meta property=\"og:title\" content=\"Dianoged DiANABOL\" \/>\n<meta property=\"og:description\" content=\"(Espa\u00f1ol) Danabol o naposim, como es mejor conocido por nosotros en el pa\u00eds, es el esteroide oral m\u00e1s popular. Danabol es el esteroide oral m\u00e1s utilizado.\" \/>\n<meta property=\"og:url\" content=\"https:\/\/iberoid-shop.com\/en\/product\/dianoged\/\" \/>\n<meta property=\"og:site_name\" content=\"Iberoid - Steroids online\" \/>\n<meta property=\"article:modified_time\" content=\"2024-11-07T13:12:07+00:00\" \/>\n<meta property=\"og:image\" content=\"https:\/\/iberoid-shop.com\/wp-content\/uploads\/2019\/11\/dianoged.jpg?v=1698920095\" \/>\n\t<meta property=\"og:image:width\" content=\"700\" \/>\n\t<meta property=\"og:image:height\" content=\"700\" \/>\n\t<meta property=\"og:image:type\" content=\"image\/jpeg\" \/>\n<meta name=\"twitter:card\" content=\"summary_large_image\" \/>\n<meta name=\"twitter:label1\" content=\"Price\" \/>\n\t<meta name=\"twitter:data1\" content=\"&euro;30.00\" \/>\n\t<meta name=\"twitter:label2\" content=\"Availability\" \/>\n\t<meta name=\"twitter:data2\" content=\"Out of stock\" \/>\n<script type=\"application\/ld+json\" class=\"yoast-schema-graph\">{\"@context\":\"https:\/\/schema.org\",\"@graph\":[{\"@type\":\"WebPage\",\"@id\":\"https:\/\/iberoid-shop.com\/en\/product\/dianoged\/\",\"url\":\"https:\/\/iberoid-shop.com\/en\/product\/dianoged\/\",\"name\":\"Dianoged DiANABOL - Iberoid - Steroids online\",\"isPartOf\":{\"@id\":\"https:\/\/iberoid-shop.com\/en\/#website\"},\"primaryImageOfPage\":{\"@id\":\"https:\/\/iberoid-shop.com\/en\/product\/dianoged\/#primaryimage\"},\"image\":{\"@id\":\"https:\/\/iberoid-shop.com\/en\/product\/dianoged\/#primaryimage\"},\"thumbnailUrl\":\"https:\/\/iberoid-shop.com\/wp-content\/uploads\/2019\/11\/dianoged.jpg?v=1698920095\",\"datePublished\":\"2019-11-20T20:38:27+00:00\",\"dateModified\":\"2024-11-07T13:12:07+00:00\",\"description\":\"(Espa\u00f1ol) Danabol o naposim, como es mejor conocido por nosotros en el pa\u00eds, es el esteroide oral m\u00e1s popular. Danabol es el esteroide oral m\u00e1s utilizado.\",\"breadcrumb\":{\"@id\":\"https:\/\/iberoid-shop.com\/en\/product\/dianoged\/#breadcrumb\"},\"inLanguage\":\"en-US\",\"potentialAction\":[{\"@type\":\"ReadAction\",\"target\":[[\"https:\/\/iberoid-shop.com\/en\/product\/dianoged\/\"]]}]},{\"@type\":\"ImageObject\",\"inLanguage\":\"en-US\",\"@id\":\"https:\/\/iberoid-shop.com\/en\/product\/dianoged\/#primaryimage\",\"url\":\"https:\/\/iberoid-shop.com\/wp-content\/uploads\/2019\/11\/dianoged.jpg?v=1698920095\",\"contentUrl\":\"https:\/\/iberoid-shop.com\/wp-content\/uploads\/2019\/11\/dianoged.jpg?v=1698920095\",\"width\":700,\"height\":700},{\"@type\":\"BreadcrumbList\",\"@id\":\"https:\/\/iberoid-shop.com\/en\/product\/dianoged\/#breadcrumb\",\"itemListElement\":[{\"@type\":\"ListItem\",\"position\":1,\"name\":\"Portada\",\"item\":\"https:\/\/iberoid-shop.com\/en\/\"},{\"@type\":\"ListItem\",\"position\":2,\"name\":\"Store\",\"item\":\"https:\/\/iberoid-shop.com\/en\/shop\/\"},{\"@type\":\"ListItem\",\"position\":3,\"name\":\"Dianoged DiANABOL\"}]},{\"@type\":\"WebSite\",\"@id\":\"https:\/\/iberoid-shop.com\/en\/#website\",\"url\":\"https:\/\/iberoid-shop.com\/en\/\",\"name\":\"Iberoid - Steroids online\",\"description\":\"Buy steroids online today in Spain and Portugal. We have the best customer service in the industry and the highest quality products\",\"potentialAction\":[{\"@type\":\"SearchAction\",\"target\":{\"@type\":\"EntryPoint\",\"urlTemplate\":\"https:\/\/iberoid-shop.com\/en\/?s={search_term_string}\"},\"query-input\":{\"@type\":\"PropertyValueSpecification\",\"valueRequired\":true,\"valueName\":\"search_term_string\"}}],\"inLanguage\":\"en-US\"}]}<\/script>\n<meta property=\"product:brand\" content=\"Euro Prime Pharmaceuticals (EPF)\" \/>\n<meta property=\"product:price:amount\" content=\"30.00\" \/>\n<meta property=\"product:price:currency\" content=\"EUR\" \/>\n<meta property=\"og:availability\" content=\"out of stock\" \/>\n<meta property=\"product:availability\" content=\"out of stock\" \/>\n<meta property=\"product:condition\" content=\"new\" \/>\n<!-- \/ Yoast SEO Premium plugin. -->","yoast_head_json":{"title":"Dianoged DiANABOL - Iberoid - Steroids online","description":"(Espa\u00f1ol) Danabol o naposim, como es mejor conocido por nosotros en el pa\u00eds, es el esteroide oral m\u00e1s popular. Danabol es el esteroide oral m\u00e1s utilizado.","robots":{"index":"index","follow":"follow","max-snippet":"max-snippet:-1","max-image-preview":"max-image-preview:large","max-video-preview":"max-video-preview:-1"},"canonical":"https:\/\/iberoid-shop.com\/en\/product\/dianoged\/","og_locale":"en_US","og_type":"article","og_title":"Dianoged DiANABOL","og_description":"(Espa\u00f1ol) Danabol o naposim, como es mejor conocido por nosotros en el pa\u00eds, es el esteroide oral m\u00e1s popular. Danabol es el esteroide oral m\u00e1s utilizado.","og_url":"https:\/\/iberoid-shop.com\/en\/product\/dianoged\/","og_site_name":"Iberoid - Steroids online","article_modified_time":"2024-11-07T13:12:07+00:00","og_image":[{"width":700,"height":700,"url":"https:\/\/iberoid-shop.com\/wp-content\/uploads\/2019\/11\/dianoged.jpg?v=1698920095","type":"image\/jpeg"}],"twitter_card":"summary_large_image","twitter_misc":{"Price":"&euro;30.00","Availability":"Out of stock"},"schema":{"@context":"https:\/\/schema.org","@graph":[{"@type":"WebPage","@id":"https:\/\/iberoid-shop.com\/en\/product\/dianoged\/","url":"https:\/\/iberoid-shop.com\/en\/product\/dianoged\/","name":"Dianoged DiANABOL - Iberoid - Steroids online","isPartOf":{"@id":"https:\/\/iberoid-shop.com\/en\/#website"},"primaryImageOfPage":{"@id":"https:\/\/iberoid-shop.com\/en\/product\/dianoged\/#primaryimage"},"image":{"@id":"https:\/\/iberoid-shop.com\/en\/product\/dianoged\/#primaryimage"},"thumbnailUrl":"https:\/\/iberoid-shop.com\/wp-content\/uploads\/2019\/11\/dianoged.jpg?v=1698920095","datePublished":"2019-11-20T20:38:27+00:00","dateModified":"2024-11-07T13:12:07+00:00","description":"(Espa\u00f1ol) Danabol o naposim, como es mejor conocido por nosotros en el pa\u00eds, es el esteroide oral m\u00e1s popular. Danabol es el esteroide oral m\u00e1s utilizado.","breadcrumb":{"@id":"https:\/\/iberoid-shop.com\/en\/product\/dianoged\/#breadcrumb"},"inLanguage":"en-US","potentialAction":[{"@type":"ReadAction","target":[["https:\/\/iberoid-shop.com\/en\/product\/dianoged\/"]]}]},{"@type":"ImageObject","inLanguage":"en-US","@id":"https:\/\/iberoid-shop.com\/en\/product\/dianoged\/#primaryimage","url":"https:\/\/iberoid-shop.com\/wp-content\/uploads\/2019\/11\/dianoged.jpg?v=1698920095","contentUrl":"https:\/\/iberoid-shop.com\/wp-content\/uploads\/2019\/11\/dianoged.jpg?v=1698920095","width":700,"height":700},{"@type":"BreadcrumbList","@id":"https:\/\/iberoid-shop.com\/en\/product\/dianoged\/#breadcrumb","itemListElement":[{"@type":"ListItem","position":1,"name":"Portada","item":"https:\/\/iberoid-shop.com\/en\/"},{"@type":"ListItem","position":2,"name":"Store","item":"https:\/\/iberoid-shop.com\/en\/shop\/"},{"@type":"ListItem","position":3,"name":"Dianoged DiANABOL"}]},{"@type":"WebSite","@id":"https:\/\/iberoid-shop.com\/en\/#website","url":"https:\/\/iberoid-shop.com\/en\/","name":"Iberoid - Steroids online","description":"Buy steroids online today in Spain and Portugal. We have the best customer service in the industry and the highest quality products","potentialAction":[{"@type":"SearchAction","target":{"@type":"EntryPoint","urlTemplate":"https:\/\/iberoid-shop.com\/en\/?s={search_term_string}"},"query-input":{"@type":"PropertyValueSpecification","valueRequired":true,"valueName":"search_term_string"}}],"inLanguage":"en-US"}]},"product_brand":"Euro Prime Pharmaceuticals (EPF)","product_price_amount":"30.00","product_price_currency":"EUR","og_availability":"out of stock","product_availability":"out of stock","product_condition":"new"},"_links":{"self":[{"href":"https:\/\/iberoid-shop.com\/en\/wp-json\/wp\/v2\/product\/3056","targetHints":{"allow":["GET"]}}],"collection":[{"href":"https:\/\/iberoid-shop.com\/en\/wp-json\/wp\/v2\/product"}],"about":[{"href":"https:\/\/iberoid-shop.com\/en\/wp-json\/wp\/v2\/types\/product"}],"replies":[{"embeddable":true,"href":"https:\/\/iberoid-shop.com\/en\/wp-json\/wp\/v2\/comments?post=3056"}],"wp:featuredmedia":[{"embeddable":true,"href":"https:\/\/iberoid-shop.com\/en\/wp-json\/wp\/v2\/media\/3058"}],"wp:attachment":[{"href":"https:\/\/iberoid-shop.com\/en\/wp-json\/wp\/v2\/media?parent=3056"}],"wp:term":[{"taxonomy":"product_brand","embeddable":true,"href":"https:\/\/iberoid-shop.com\/en\/wp-json\/wp\/v2\/product_brand?post=3056"},{"taxonomy":"product_cat","embeddable":true,"href":"https:\/\/iberoid-shop.com\/en\/wp-json\/wp\/v2\/product_cat?post=3056"},{"taxonomy":"product_tag","embeddable":true,"href":"https:\/\/iberoid-shop.com\/en\/wp-json\/wp\/v2\/product_tag?post=3056"}],"curies":[{"name":"wp","href":"https:\/\/api.w.org\/{rel}","templated":true}]}}