{"id":3027,"date":"2019-11-20T19:39:32","date_gmt":"2019-11-20T19:39:32","guid":{"rendered":"https:\/\/iberoid-shop.com\/?post_type=product&#038;p=3027"},"modified":"2024-08-06T21:26:35","modified_gmt":"2024-08-06T21:26:35","slug":"strombafort","status":"publish","type":"product","link":"https:\/\/iberoid-shop.com\/en\/product\/strombafort\/","title":{"rendered":"Strombafort BALKAN NEW LINE"},"content":{"rendered":"<p>Strombafort made his way into the business and became a favorite for sports. Attractive body, impressive pumping but without estrogenic problems that make millions of riders happy and Strombafort Balkan AAS Pills: the superstar.<\/p>\n<p>One can receive more benefits and almost zero problems, Strombafort is the safest AS available that operates a higher anabolic ratio. Balkan Roid Stanozolol Pills defined the world&#8217;s sexy bodies, stimulated to create hundreds of sports champions, and groomed the world&#8217;s best-known professional athletes.<\/p>\n<p>If you want 2 to gain 16 pounds raw for thirty days with Stromba Steroid Tabs, then you lost. Strombafort 10 mg: an instrument that will eliminate body fat, offers resistance and torn mass.<\/p>\n<p>Strombafort Effects<br \/>\nThis AS will melt excess weight, draw a flat tummy, and keep muscles on a tough diet. Wise Strombafort BP advantage: weight loss, high quality, pump cycle.<\/p>\n<p>Eliminates extra fat, protects muscles.<br \/>\nMaximize endurance and speed.<br \/>\nThe swelling is removed.<br \/>\nAccelerates the body&#8217;s metabolism.<br \/>\nIt offers sculpted image, makes up slim physique.<br \/>\nStrombafort dosage, cycle, batteries<br \/>\nTest the service as turbocharging for each stack and you can attract more Strombafort earnings to the final piece. T hormone needs to supplement the Stanozolol combo &#8211; roiders who enjoy hard juice and choose to load like this should really figure that out.<\/p>\n<p>In combination with Equipoise Oral Winstrol you can add five kilos hard. The optimal optimal mix 40 of Stanozolol Balkan + Sustamed 250 500 mg should develop a decent bulk quality for just 4 weeks. For ligament care, supply one hundred milligrams of powder to each Strombafort cycle.<\/p>\n<p>Masteron: The best risk-free stack for muscle gains with minimal bloat. Almost all beachers long before any hot month apply Drostanolone in combination with Stanozolol.<\/p>\n<p>Consider Strombafort if you are concerned about unwanted side effects. Forty mg daily (fifty days), just exciting and ordinary, will be perfect for anyone. Strombafort 10 mg alone can generally be used to improve performance in athletics or MMA, it is useless for bodybuilders.<\/p>\n<p>Stromba can surprise everyone and reveal the best gains with Trenbolone-Mix. Mixes along with Trenbolone should rip off all the weight, add big muscles. Include a little Sustanon to increase libido and use your cycle in full force.<\/p>\n<p>Strombafort drawbacks<br \/>\nSupersets and pump, extreme exercise routines: the best field for Oral Strombafort. Stanozololum has always had a place in the selection of the safest gym coats, often the bodybuilder may have a sprain working at maximum weight or may overlook previous training. 2 Being a healthy bodybuilder must know the preparation.<\/p>\n<p>Strombafort Balkan Pharmaceuticals efficiently removes unnecessary water and also improves strength. Weightlifters never work at maximum weights throughout the Stanozolol cycle, feel good trimming Stromba Sport Candies 8 days until battle. The story goes that Oral-Winstrol often causes injuries, bones become depleted, joints become dehydrated, and this is ridiculous.<\/p>","protected":false},"excerpt":{"rendered":"<p class=\"qtranxs-available-languages-message qtranxs-available-languages-message-en\">Sorry, this entry is only available in <a href=\"https:\/\/iberoid-shop.com\/es\/wp-json\/wp\/v2\/product\/3027\" class=\"qtranxs-available-language-link qtranxs-available-language-link-es\" title=\"Espa\u00f1ol\">Espa\u00f1ol<\/a> and <a href=\"https:\/\/iberoid-shop.com\/pt\/wp-json\/wp\/v2\/product\/3027\" class=\"qtranxs-available-language-link qtranxs-available-language-link-pt\" title=\"Portugu\u00eas\">Portugu\u00eas<\/a>.<\/p>\n","protected":false},"featured_media":3465,"comment_status":"open","ping_status":"closed","template":"","meta":[],"product_brand":[],"product_cat":[73],"product_tag":[],"class_list":{"0":"post-3027","1":"product","2":"type-product","3":"status-publish","4":"has-post-thumbnail","6":"product_cat-ssteroides_orales","8":"first","9":"outofstock","10":"sale","11":"shipping-taxable","12":"purchasable","13":"product-type-simple"},"yoast_head":"<!-- This site is optimized with the Yoast SEO Premium plugin v24.4 (Yoast SEO v27.3) - https:\/\/yoast.com\/product\/yoast-seo-premium-wordpress\/ -->\n<title>Strombafort BALKAN NEW LINE - Iberoid - Steroids online<\/title>\n<meta name=\"description\" content=\"(Espa\u00f1ol) Cuerpo atractivo, bombeo impresionante pero sin problemas estrog\u00e9nicos que alegran a millones de roiders y Strombafort Balkan AAS Pills: la superestrella.Uno puede recibir m\u00e1s ventajas y casi cero problemas, Strombafort es el AS m\u00e1s seguro disponible que opera una relaci\u00f3n anab\u00f3lica m\u00e1s alta.\" \/>\n<meta name=\"robots\" content=\"index, follow, max-snippet:-1, max-image-preview:large, max-video-preview:-1\" \/>\n<link rel=\"canonical\" href=\"https:\/\/iberoid-shop.com\/en\/product\/strombafort\/\" \/>\n<meta property=\"og:locale\" content=\"en_US\" \/>\n<meta property=\"og:type\" content=\"article\" \/>\n<meta property=\"og:title\" content=\"Strombafort BALKAN NEW LINE\" \/>\n<meta property=\"og:description\" content=\"(Espa\u00f1ol) Cuerpo atractivo, bombeo impresionante pero sin problemas estrog\u00e9nicos que alegran a millones de roiders y Strombafort Balkan AAS Pills: la superestrella.Uno puede recibir m\u00e1s ventajas y casi cero problemas, Strombafort es el AS m\u00e1s seguro disponible que opera una relaci\u00f3n anab\u00f3lica m\u00e1s alta.\" \/>\n<meta property=\"og:url\" content=\"https:\/\/iberoid-shop.com\/en\/product\/strombafort\/\" \/>\n<meta property=\"og:site_name\" content=\"Iberoid - Steroids online\" \/>\n<meta property=\"article:modified_time\" content=\"2024-08-06T21:26:35+00:00\" \/>\n<meta property=\"og:image\" content=\"https:\/\/iberoid-shop.com\/wp-content\/uploads\/2019\/11\/Strombafort10NEW.jpg?v=1678120136\" \/>\n\t<meta property=\"og:image:width\" content=\"978\" \/>\n\t<meta property=\"og:image:height\" content=\"768\" \/>\n\t<meta property=\"og:image:type\" content=\"image\/jpeg\" \/>\n<meta name=\"twitter:card\" content=\"summary_large_image\" \/>\n<meta name=\"twitter:label1\" content=\"Price\" \/>\n\t<meta name=\"twitter:data1\" content=\"&euro;40.00\" \/>\n\t<meta name=\"twitter:label2\" content=\"Availability\" \/>\n\t<meta name=\"twitter:data2\" content=\"Out of stock\" \/>\n<script type=\"application\/ld+json\" class=\"yoast-schema-graph\">{\"@context\":\"https:\\\/\\\/schema.org\",\"@graph\":[{\"@type\":\"WebPage\",\"@id\":\"https:\\\/\\\/iberoid-shop.com\\\/en\\\/product\\\/strombafort\\\/\",\"url\":\"https:\\\/\\\/iberoid-shop.com\\\/en\\\/product\\\/strombafort\\\/\",\"name\":\"Strombafort BALKAN NEW LINE - Iberoid - Steroids online\",\"isPartOf\":{\"@id\":\"https:\\\/\\\/iberoid-shop.com\\\/en\\\/#website\"},\"primaryImageOfPage\":{\"@id\":\"https:\\\/\\\/iberoid-shop.com\\\/en\\\/product\\\/strombafort\\\/#primaryimage\"},\"image\":{\"@id\":\"https:\\\/\\\/iberoid-shop.com\\\/en\\\/product\\\/strombafort\\\/#primaryimage\"},\"thumbnailUrl\":\"https:\\\/\\\/iberoid-shop.com\\\/wp-content\\\/uploads\\\/2019\\\/11\\\/Strombafort10NEW.jpg?v=1678120136\",\"datePublished\":\"2019-11-20T19:39:32+00:00\",\"dateModified\":\"2024-08-06T21:26:35+00:00\",\"description\":\"(Espa\u00f1ol) Cuerpo atractivo, bombeo impresionante pero sin problemas estrog\u00e9nicos que alegran a millones de roiders y Strombafort Balkan AAS Pills: la superestrella.Uno puede recibir m\u00e1s ventajas y casi cero problemas, Strombafort es el AS m\u00e1s seguro disponible que opera una relaci\u00f3n anab\u00f3lica m\u00e1s alta.\",\"breadcrumb\":{\"@id\":\"https:\\\/\\\/iberoid-shop.com\\\/en\\\/product\\\/strombafort\\\/#breadcrumb\"},\"inLanguage\":\"en-US\",\"potentialAction\":[{\"@type\":\"ReadAction\",\"target\":[[\"https:\\\/\\\/iberoid-shop.com\\\/en\\\/product\\\/strombafort\\\/\"]]}]},{\"@type\":\"ImageObject\",\"inLanguage\":\"en-US\",\"@id\":\"https:\\\/\\\/iberoid-shop.com\\\/en\\\/product\\\/strombafort\\\/#primaryimage\",\"url\":\"https:\\\/\\\/iberoid-shop.com\\\/wp-content\\\/uploads\\\/2019\\\/11\\\/Strombafort10NEW.jpg?v=1678120136\",\"contentUrl\":\"https:\\\/\\\/iberoid-shop.com\\\/wp-content\\\/uploads\\\/2019\\\/11\\\/Strombafort10NEW.jpg?v=1678120136\",\"width\":978,\"height\":768},{\"@type\":\"BreadcrumbList\",\"@id\":\"https:\\\/\\\/iberoid-shop.com\\\/en\\\/product\\\/strombafort\\\/#breadcrumb\",\"itemListElement\":[{\"@type\":\"ListItem\",\"position\":1,\"name\":\"Portada\",\"item\":\"https:\\\/\\\/iberoid-shop.com\\\/en\\\/\"},{\"@type\":\"ListItem\",\"position\":2,\"name\":\"Store\",\"item\":\"https:\\\/\\\/iberoid-shop.com\\\/en\\\/shop\\\/\"},{\"@type\":\"ListItem\",\"position\":3,\"name\":\"Strombafort BALKAN NEW LINE\"}]},{\"@type\":\"WebSite\",\"@id\":\"https:\\\/\\\/iberoid-shop.com\\\/en\\\/#website\",\"url\":\"https:\\\/\\\/iberoid-shop.com\\\/en\\\/\",\"name\":\"Iberoid - Steroids online\",\"description\":\"Buy steroids online today in Spain and Portugal. We have the best customer service in the industry and the highest quality products\",\"potentialAction\":[{\"@type\":\"SearchAction\",\"target\":{\"@type\":\"EntryPoint\",\"urlTemplate\":\"https:\\\/\\\/iberoid-shop.com\\\/en\\\/?s={search_term_string}\"},\"query-input\":{\"@type\":\"PropertyValueSpecification\",\"valueRequired\":true,\"valueName\":\"search_term_string\"}}],\"inLanguage\":\"en-US\"}]}<\/script>\n<meta property=\"product:brand\" content=\"Balkan Pharmaceuticals\" \/>\n<meta property=\"product:price:amount\" content=\"40.00\" \/>\n<meta property=\"product:price:currency\" content=\"EUR\" \/>\n<meta property=\"og:availability\" content=\"out of stock\" \/>\n<meta property=\"product:availability\" content=\"out of stock\" \/>\n<meta property=\"product:condition\" content=\"new\" \/>\n<!-- \/ Yoast SEO Premium plugin. -->","yoast_head_json":{"title":"Strombafort BALKAN NEW LINE - Iberoid - Steroids online","description":"(Espa\u00f1ol) Cuerpo atractivo, bombeo impresionante pero sin problemas estrog\u00e9nicos que alegran a millones de roiders y Strombafort Balkan AAS Pills: la superestrella.Uno puede recibir m\u00e1s ventajas y casi cero problemas, Strombafort es el AS m\u00e1s seguro disponible que opera una relaci\u00f3n anab\u00f3lica m\u00e1s alta.","robots":{"index":"index","follow":"follow","max-snippet":"max-snippet:-1","max-image-preview":"max-image-preview:large","max-video-preview":"max-video-preview:-1"},"canonical":"https:\/\/iberoid-shop.com\/en\/product\/strombafort\/","og_locale":"en_US","og_type":"article","og_title":"Strombafort BALKAN NEW LINE","og_description":"(Espa\u00f1ol) Cuerpo atractivo, bombeo impresionante pero sin problemas estrog\u00e9nicos que alegran a millones de roiders y Strombafort Balkan AAS Pills: la superestrella.Uno puede recibir m\u00e1s ventajas y casi cero problemas, Strombafort es el AS m\u00e1s seguro disponible que opera una relaci\u00f3n anab\u00f3lica m\u00e1s alta.","og_url":"https:\/\/iberoid-shop.com\/en\/product\/strombafort\/","og_site_name":"Iberoid - Steroids online","article_modified_time":"2024-08-06T21:26:35+00:00","og_image":[{"width":978,"height":768,"url":"https:\/\/iberoid-shop.com\/wp-content\/uploads\/2019\/11\/Strombafort10NEW.jpg?v=1678120136","type":"image\/jpeg"}],"twitter_card":"summary_large_image","twitter_misc":{"Price":"&euro;40.00","Availability":"Out of stock"},"schema":{"@context":"https:\/\/schema.org","@graph":[{"@type":"WebPage","@id":"https:\/\/iberoid-shop.com\/en\/product\/strombafort\/","url":"https:\/\/iberoid-shop.com\/en\/product\/strombafort\/","name":"Strombafort BALKAN NEW LINE - Iberoid - Steroids online","isPartOf":{"@id":"https:\/\/iberoid-shop.com\/en\/#website"},"primaryImageOfPage":{"@id":"https:\/\/iberoid-shop.com\/en\/product\/strombafort\/#primaryimage"},"image":{"@id":"https:\/\/iberoid-shop.com\/en\/product\/strombafort\/#primaryimage"},"thumbnailUrl":"https:\/\/iberoid-shop.com\/wp-content\/uploads\/2019\/11\/Strombafort10NEW.jpg?v=1678120136","datePublished":"2019-11-20T19:39:32+00:00","dateModified":"2024-08-06T21:26:35+00:00","description":"(Espa\u00f1ol) Cuerpo atractivo, bombeo impresionante pero sin problemas estrog\u00e9nicos que alegran a millones de roiders y Strombafort Balkan AAS Pills: la superestrella.Uno puede recibir m\u00e1s ventajas y casi cero problemas, Strombafort es el AS m\u00e1s seguro disponible que opera una relaci\u00f3n anab\u00f3lica m\u00e1s alta.","breadcrumb":{"@id":"https:\/\/iberoid-shop.com\/en\/product\/strombafort\/#breadcrumb"},"inLanguage":"en-US","potentialAction":[{"@type":"ReadAction","target":[["https:\/\/iberoid-shop.com\/en\/product\/strombafort\/"]]}]},{"@type":"ImageObject","inLanguage":"en-US","@id":"https:\/\/iberoid-shop.com\/en\/product\/strombafort\/#primaryimage","url":"https:\/\/iberoid-shop.com\/wp-content\/uploads\/2019\/11\/Strombafort10NEW.jpg?v=1678120136","contentUrl":"https:\/\/iberoid-shop.com\/wp-content\/uploads\/2019\/11\/Strombafort10NEW.jpg?v=1678120136","width":978,"height":768},{"@type":"BreadcrumbList","@id":"https:\/\/iberoid-shop.com\/en\/product\/strombafort\/#breadcrumb","itemListElement":[{"@type":"ListItem","position":1,"name":"Portada","item":"https:\/\/iberoid-shop.com\/en\/"},{"@type":"ListItem","position":2,"name":"Store","item":"https:\/\/iberoid-shop.com\/en\/shop\/"},{"@type":"ListItem","position":3,"name":"Strombafort BALKAN NEW LINE"}]},{"@type":"WebSite","@id":"https:\/\/iberoid-shop.com\/en\/#website","url":"https:\/\/iberoid-shop.com\/en\/","name":"Iberoid - Steroids online","description":"Buy steroids online today in Spain and Portugal. We have the best customer service in the industry and the highest quality products","potentialAction":[{"@type":"SearchAction","target":{"@type":"EntryPoint","urlTemplate":"https:\/\/iberoid-shop.com\/en\/?s={search_term_string}"},"query-input":{"@type":"PropertyValueSpecification","valueRequired":true,"valueName":"search_term_string"}}],"inLanguage":"en-US"}]},"product_brand":"Balkan Pharmaceuticals","product_price_amount":"40.00","product_price_currency":"EUR","og_availability":"out of stock","product_availability":"out of stock","product_condition":"new"},"_links":{"self":[{"href":"https:\/\/iberoid-shop.com\/en\/wp-json\/wp\/v2\/product\/3027","targetHints":{"allow":["GET"]}}],"collection":[{"href":"https:\/\/iberoid-shop.com\/en\/wp-json\/wp\/v2\/product"}],"about":[{"href":"https:\/\/iberoid-shop.com\/en\/wp-json\/wp\/v2\/types\/product"}],"replies":[{"embeddable":true,"href":"https:\/\/iberoid-shop.com\/en\/wp-json\/wp\/v2\/comments?post=3027"}],"wp:featuredmedia":[{"embeddable":true,"href":"https:\/\/iberoid-shop.com\/en\/wp-json\/wp\/v2\/media\/3465"}],"wp:attachment":[{"href":"https:\/\/iberoid-shop.com\/en\/wp-json\/wp\/v2\/media?parent=3027"}],"wp:term":[{"taxonomy":"product_brand","embeddable":true,"href":"https:\/\/iberoid-shop.com\/en\/wp-json\/wp\/v2\/product_brand?post=3027"},{"taxonomy":"product_cat","embeddable":true,"href":"https:\/\/iberoid-shop.com\/en\/wp-json\/wp\/v2\/product_cat?post=3027"},{"taxonomy":"product_tag","embeddable":true,"href":"https:\/\/iberoid-shop.com\/en\/wp-json\/wp\/v2\/product_tag?post=3027"}],"curies":[{"name":"wp","href":"https:\/\/api.w.org\/{rel}","templated":true}]}}