{"id":3004,"date":"2019-11-19T20:31:56","date_gmt":"2019-11-19T20:31:56","guid":{"rendered":"https:\/\/iberoid-shop.com\/?post_type=product&#038;p=3004"},"modified":"2023-01-11T08:34:41","modified_gmt":"2023-01-11T08:34:41","slug":"halotest","status":"publish","type":"product","link":"https:\/\/iberoid-shop.com\/en\/product\/halotest\/","title":{"rendered":"Halotest"},"content":{"rendered":"<p>Halotest Balkan is known to bodybuilders and also known as Halotestin. This is an oral steroid with strong androgenic and anabolic effects. The active substance is called fluoxymesterone, but it is marketed under different brand names. Its effect is similar to that of testosterone, but with much stronger androgenic effects, resulting in greater muscle strength. It is the most effective steroid when it comes to strength, along with Trenbolone. Powerlifters use Testosterone + Trenbolone + Halotestine, with this cycle the increases in strength are maximum.<\/p>\n<p>Using Halotest Balkan brings the following benefits:<br \/>\nA rapid development of the elasticity of muscle tissue.<br \/>\nmaximizes muscle tissue performance<br \/>\nbuild muscle strength without building mass (this is very beneficial for powerlifters)<br \/>\nProvides incredible muscle nutrition<br \/>\nQuickly repair damaged muscle fibers during training<br \/>\ncontributes to a stronger and denser appearance of the muscles<br \/>\ncontributes directly to fat burning<br \/>\nIts action is very fast, from the first days of administration improvements in sports performance appear. It is most often used during the definition period or when developing strength.<\/p>\n<p>Administration and side effects of halotestin:<\/p>\n<p>It is recommended to take a daily dose between 20 and 40 mg. Like any other very powerful oral steroid, it is toxic to the liver, so it is not used for more than 4 weeks and the 40 mg dose is not exceeded. At the same time, the use of a product that protects the liver is absolutely necessary. For more effective training, due to increased aggressiveness, 10 mg can be used before training.<\/p>","protected":false},"excerpt":{"rendered":"<p class=\"qtranxs-available-languages-message qtranxs-available-languages-message-en\">Sorry, this entry is only available in <a href=\"https:\/\/iberoid-shop.com\/es\/wp-json\/wp\/v2\/product\/3004\" class=\"qtranxs-available-language-link qtranxs-available-language-link-es\" title=\"Espa\u00f1ol\">Espa\u00f1ol<\/a> and <a href=\"https:\/\/iberoid-shop.com\/pt\/wp-json\/wp\/v2\/product\/3004\" class=\"qtranxs-available-language-link qtranxs-available-language-link-pt\" title=\"Portugu\u00eas\">Portugu\u00eas<\/a>.<\/p>\n","protected":false},"featured_media":3006,"comment_status":"open","ping_status":"closed","template":"","meta":[],"product_brand":[],"product_cat":[73],"product_tag":[],"class_list":{"0":"post-3004","1":"product","2":"type-product","3":"status-publish","4":"has-post-thumbnail","6":"product_cat-ssteroides_orales","8":"first","9":"outofstock","10":"sale","11":"shipping-taxable","12":"purchasable","13":"product-type-simple"},"yoast_head":"<!-- This site is optimized with the Yoast SEO Premium plugin v24.4 (Yoast SEO v27.0) - https:\/\/yoast.com\/product\/yoast-seo-premium-wordpress\/ -->\n<title>Halotest - Iberoid - Steroids online<\/title>\n<meta name=\"description\" content=\"(Espa\u00f1ol) Este es un esteroide oral con fuertes efectos androg\u00e9nicos y anab\u00f3licos.\" \/>\n<meta name=\"robots\" content=\"index, follow, max-snippet:-1, max-image-preview:large, max-video-preview:-1\" \/>\n<link rel=\"canonical\" href=\"https:\/\/iberoid-shop.com\/en\/product\/halotest\/\" \/>\n<meta property=\"og:locale\" content=\"en_US\" \/>\n<meta property=\"og:type\" content=\"article\" \/>\n<meta property=\"og:title\" content=\"Halotest\" \/>\n<meta property=\"og:description\" content=\"(Espa\u00f1ol) Este es un esteroide oral con fuertes efectos androg\u00e9nicos y anab\u00f3licos.\" \/>\n<meta property=\"og:url\" content=\"https:\/\/iberoid-shop.com\/en\/product\/halotest\/\" \/>\n<meta property=\"og:site_name\" content=\"Iberoid - Steroids online\" \/>\n<meta property=\"article:modified_time\" content=\"2023-01-11T08:34:41+00:00\" \/>\n<meta property=\"og:image\" content=\"https:\/\/iberoid-shop.com\/wp-content\/uploads\/2019\/11\/halotest.jpg?v=1678120176\" \/>\n\t<meta property=\"og:image:width\" content=\"465\" \/>\n\t<meta property=\"og:image:height\" content=\"290\" \/>\n\t<meta property=\"og:image:type\" content=\"image\/jpeg\" \/>\n<meta name=\"twitter:card\" content=\"summary_large_image\" \/>\n<meta name=\"twitter:label1\" content=\"Price\" \/>\n\t<meta name=\"twitter:data1\" content=\"&euro;180.00\" \/>\n\t<meta name=\"twitter:label2\" content=\"Availability\" \/>\n\t<meta name=\"twitter:data2\" content=\"Out of stock\" \/>\n<script type=\"application\/ld+json\" class=\"yoast-schema-graph\">{\"@context\":\"https:\/\/schema.org\",\"@graph\":[{\"@type\":\"WebPage\",\"@id\":\"https:\/\/iberoid-shop.com\/en\/product\/halotest\/\",\"url\":\"https:\/\/iberoid-shop.com\/en\/product\/halotest\/\",\"name\":\"Halotest - Iberoid - Steroids online\",\"isPartOf\":{\"@id\":\"https:\/\/iberoid-shop.com\/en\/#website\"},\"primaryImageOfPage\":{\"@id\":\"https:\/\/iberoid-shop.com\/en\/product\/halotest\/#primaryimage\"},\"image\":{\"@id\":\"https:\/\/iberoid-shop.com\/en\/product\/halotest\/#primaryimage\"},\"thumbnailUrl\":\"https:\/\/iberoid-shop.com\/wp-content\/uploads\/2019\/11\/halotest.jpg?v=1678120176\",\"datePublished\":\"2019-11-19T20:31:56+00:00\",\"dateModified\":\"2023-01-11T08:34:41+00:00\",\"description\":\"(Espa\u00f1ol) Este es un esteroide oral con fuertes efectos androg\u00e9nicos y anab\u00f3licos.\",\"breadcrumb\":{\"@id\":\"https:\/\/iberoid-shop.com\/en\/product\/halotest\/#breadcrumb\"},\"inLanguage\":\"en-US\",\"potentialAction\":[{\"@type\":\"ReadAction\",\"target\":[[\"https:\/\/iberoid-shop.com\/en\/product\/halotest\/\"]]}]},{\"@type\":\"ImageObject\",\"inLanguage\":\"en-US\",\"@id\":\"https:\/\/iberoid-shop.com\/en\/product\/halotest\/#primaryimage\",\"url\":\"https:\/\/iberoid-shop.com\/wp-content\/uploads\/2019\/11\/halotest.jpg?v=1678120176\",\"contentUrl\":\"https:\/\/iberoid-shop.com\/wp-content\/uploads\/2019\/11\/halotest.jpg?v=1678120176\",\"width\":465,\"height\":290},{\"@type\":\"BreadcrumbList\",\"@id\":\"https:\/\/iberoid-shop.com\/en\/product\/halotest\/#breadcrumb\",\"itemListElement\":[{\"@type\":\"ListItem\",\"position\":1,\"name\":\"Portada\",\"item\":\"https:\/\/iberoid-shop.com\/en\/\"},{\"@type\":\"ListItem\",\"position\":2,\"name\":\"Store\",\"item\":\"https:\/\/iberoid-shop.com\/en\/shop\/\"},{\"@type\":\"ListItem\",\"position\":3,\"name\":\"Halotest\"}]},{\"@type\":\"WebSite\",\"@id\":\"https:\/\/iberoid-shop.com\/en\/#website\",\"url\":\"https:\/\/iberoid-shop.com\/en\/\",\"name\":\"Iberoid - Steroids online\",\"description\":\"Buy steroids online today in Spain and Portugal. We have the best customer service in the industry and the highest quality products\",\"potentialAction\":[{\"@type\":\"SearchAction\",\"target\":{\"@type\":\"EntryPoint\",\"urlTemplate\":\"https:\/\/iberoid-shop.com\/en\/?s={search_term_string}\"},\"query-input\":{\"@type\":\"PropertyValueSpecification\",\"valueRequired\":true,\"valueName\":\"search_term_string\"}}],\"inLanguage\":\"en-US\"}]}<\/script>\n<meta property=\"product:brand\" content=\"Balkan Pharmaceuticals\" \/>\n<meta property=\"product:price:amount\" content=\"180.00\" \/>\n<meta property=\"product:price:currency\" content=\"EUR\" \/>\n<meta property=\"og:availability\" content=\"out of stock\" \/>\n<meta property=\"product:availability\" content=\"out of stock\" \/>\n<meta property=\"product:condition\" content=\"new\" \/>\n<!-- \/ Yoast SEO Premium plugin. -->","yoast_head_json":{"title":"Halotest - Iberoid - Steroids online","description":"(Espa\u00f1ol) Este es un esteroide oral con fuertes efectos androg\u00e9nicos y anab\u00f3licos.","robots":{"index":"index","follow":"follow","max-snippet":"max-snippet:-1","max-image-preview":"max-image-preview:large","max-video-preview":"max-video-preview:-1"},"canonical":"https:\/\/iberoid-shop.com\/en\/product\/halotest\/","og_locale":"en_US","og_type":"article","og_title":"Halotest","og_description":"(Espa\u00f1ol) Este es un esteroide oral con fuertes efectos androg\u00e9nicos y anab\u00f3licos.","og_url":"https:\/\/iberoid-shop.com\/en\/product\/halotest\/","og_site_name":"Iberoid - Steroids online","article_modified_time":"2023-01-11T08:34:41+00:00","og_image":[{"width":465,"height":290,"url":"https:\/\/iberoid-shop.com\/wp-content\/uploads\/2019\/11\/halotest.jpg?v=1678120176","type":"image\/jpeg"}],"twitter_card":"summary_large_image","twitter_misc":{"Price":"&euro;180.00","Availability":"Out of stock"},"schema":{"@context":"https:\/\/schema.org","@graph":[{"@type":"WebPage","@id":"https:\/\/iberoid-shop.com\/en\/product\/halotest\/","url":"https:\/\/iberoid-shop.com\/en\/product\/halotest\/","name":"Halotest - Iberoid - Steroids online","isPartOf":{"@id":"https:\/\/iberoid-shop.com\/en\/#website"},"primaryImageOfPage":{"@id":"https:\/\/iberoid-shop.com\/en\/product\/halotest\/#primaryimage"},"image":{"@id":"https:\/\/iberoid-shop.com\/en\/product\/halotest\/#primaryimage"},"thumbnailUrl":"https:\/\/iberoid-shop.com\/wp-content\/uploads\/2019\/11\/halotest.jpg?v=1678120176","datePublished":"2019-11-19T20:31:56+00:00","dateModified":"2023-01-11T08:34:41+00:00","description":"(Espa\u00f1ol) Este es un esteroide oral con fuertes efectos androg\u00e9nicos y anab\u00f3licos.","breadcrumb":{"@id":"https:\/\/iberoid-shop.com\/en\/product\/halotest\/#breadcrumb"},"inLanguage":"en-US","potentialAction":[{"@type":"ReadAction","target":[["https:\/\/iberoid-shop.com\/en\/product\/halotest\/"]]}]},{"@type":"ImageObject","inLanguage":"en-US","@id":"https:\/\/iberoid-shop.com\/en\/product\/halotest\/#primaryimage","url":"https:\/\/iberoid-shop.com\/wp-content\/uploads\/2019\/11\/halotest.jpg?v=1678120176","contentUrl":"https:\/\/iberoid-shop.com\/wp-content\/uploads\/2019\/11\/halotest.jpg?v=1678120176","width":465,"height":290},{"@type":"BreadcrumbList","@id":"https:\/\/iberoid-shop.com\/en\/product\/halotest\/#breadcrumb","itemListElement":[{"@type":"ListItem","position":1,"name":"Portada","item":"https:\/\/iberoid-shop.com\/en\/"},{"@type":"ListItem","position":2,"name":"Store","item":"https:\/\/iberoid-shop.com\/en\/shop\/"},{"@type":"ListItem","position":3,"name":"Halotest"}]},{"@type":"WebSite","@id":"https:\/\/iberoid-shop.com\/en\/#website","url":"https:\/\/iberoid-shop.com\/en\/","name":"Iberoid - Steroids online","description":"Buy steroids online today in Spain and Portugal. We have the best customer service in the industry and the highest quality products","potentialAction":[{"@type":"SearchAction","target":{"@type":"EntryPoint","urlTemplate":"https:\/\/iberoid-shop.com\/en\/?s={search_term_string}"},"query-input":{"@type":"PropertyValueSpecification","valueRequired":true,"valueName":"search_term_string"}}],"inLanguage":"en-US"}]},"product_brand":"Balkan Pharmaceuticals","product_price_amount":"180.00","product_price_currency":"EUR","og_availability":"out of stock","product_availability":"out of stock","product_condition":"new"},"_links":{"self":[{"href":"https:\/\/iberoid-shop.com\/en\/wp-json\/wp\/v2\/product\/3004","targetHints":{"allow":["GET"]}}],"collection":[{"href":"https:\/\/iberoid-shop.com\/en\/wp-json\/wp\/v2\/product"}],"about":[{"href":"https:\/\/iberoid-shop.com\/en\/wp-json\/wp\/v2\/types\/product"}],"replies":[{"embeddable":true,"href":"https:\/\/iberoid-shop.com\/en\/wp-json\/wp\/v2\/comments?post=3004"}],"wp:featuredmedia":[{"embeddable":true,"href":"https:\/\/iberoid-shop.com\/en\/wp-json\/wp\/v2\/media\/3006"}],"wp:attachment":[{"href":"https:\/\/iberoid-shop.com\/en\/wp-json\/wp\/v2\/media?parent=3004"}],"wp:term":[{"taxonomy":"product_brand","embeddable":true,"href":"https:\/\/iberoid-shop.com\/en\/wp-json\/wp\/v2\/product_brand?post=3004"},{"taxonomy":"product_cat","embeddable":true,"href":"https:\/\/iberoid-shop.com\/en\/wp-json\/wp\/v2\/product_cat?post=3004"},{"taxonomy":"product_tag","embeddable":true,"href":"https:\/\/iberoid-shop.com\/en\/wp-json\/wp\/v2\/product_tag?post=3004"}],"curies":[{"name":"wp","href":"https:\/\/api.w.org\/{rel}","templated":true}]}}